{"id":10970,"date":"2026-01-06T20:49:51","date_gmt":"2026-01-06T19:49:51","guid":{"rendered":"https:\/\/bobooaza.pl\/index.php\/produkt\/kieczmerski-posciel-c-2-100x135-cm-miminu-design-little-ballerina-bawelna-100\/"},"modified":"2026-01-19T21:54:09","modified_gmt":"2026-01-19T20:54:09","slug":"kieczmerski-posciel-c-2-100x135-cm-miminu-design-little-ballerina-bawelna-100","status":"publish","type":"product","link":"https:\/\/www.bobooaza.pl\/index.php\/produkt\/kieczmerski-posciel-c-2-100x135-cm-miminu-design-little-ballerina-bawelna-100\/","title":{"rendered":"KIECZMERSKI Po\u015bciel C-2 100&#215;135 cm MIMINU DESIGN Little Ballerina bawe\u0142na 100%"},"content":{"rendered":"<p>KIECZMERSKI Po\u015bciel C-2 100&#215;135 cm MIMINU DESIGN Little Ballerina<\/p>\n<p>Komplet po\u015bcieli 2-elementowej do \u0142\u00f3\u017ceczka dzieci\u0119cego, wykonany w 100% z bawe\u0142ny pochodz\u0105cej z polskich fabryk. Zestaw sk\u0142ada si\u0119 z poszwy na ko\u0142dr\u0119 100\u00d7135 cm oraz poszewki na poduszk\u0119 40\u00d760 cm z bezpiecznym suwakiem.<\/p>\n<p>Mi\u0119kka i przyjemna w dotyku bawe\u0142na zapewnia komfortowy sen, nie powoduje podra\u017cnie\u0144 ani alergii, a subtelna kolorystyka i wzornictwo wprowadza elegancki, stonowany akcent do pokoju dziecka. Produkt jest trwa\u0142y, bezpieczny, antyalergiczny i posiada odpowiednie certyfikaty. Po\u015bciel mo\u017cna pra\u0107 w pralce w temperaturze 30\u00b0C i wirowa\u0107 maksymalnie 800 obrot\u00f3w.<\/p>\n","protected":false},"excerpt":{"rendered":"<p>KIECZMERSKI Po\u015bciel C-2 100&#215;135 cm MIMINU DESIGN Little Ballerina Komplet po\u015bcieli 2-elementowej do \u0142\u00f3\u017ceczka dzieci\u0119cego, wykonany w 100% z bawe\u0142ny pochodz\u0105cej z polskich fabryk. Zestaw sk\u0142ada si\u0119 z poszwy na ko\u0142dr\u0119 100\u00d7135 cm oraz poszewki na poduszk\u0119 40\u00d760 cm z bezpiecznym suwakiem. Mi\u0119kka i przyjemna w dotyku bawe\u0142na zapewnia komfortowy sen, nie powoduje podra\u017cnie\u0144 ani [&hellip;]<\/p>\n","protected":false},"featured_media":10969,"comment_status":"open","ping_status":"closed","template":"","meta":[],"product_brand":[],"product_cat":[76,123,121,84,127],"product_tag":[],"class_list":{"0":"post-10970","1":"product","2":"type-product","3":"status-publish","4":"has-post-thumbnail","6":"product_cat-dziecko","7":"product_cat-lozeczka","8":"product_cat-meble","9":"product_cat-pokoj-dziecka","10":"product_cat-posciele","12":"first","13":"instock","14":"taxable","15":"shipping-taxable","16":"purchasable","17":"product-type-simple"},"_links":{"self":[{"href":"https:\/\/www.bobooaza.pl\/index.php\/wp-json\/wp\/v2\/product\/10970","targetHints":{"allow":["GET"]}}],"collection":[{"href":"https:\/\/www.bobooaza.pl\/index.php\/wp-json\/wp\/v2\/product"}],"about":[{"href":"https:\/\/www.bobooaza.pl\/index.php\/wp-json\/wp\/v2\/types\/product"}],"replies":[{"embeddable":true,"href":"https:\/\/www.bobooaza.pl\/index.php\/wp-json\/wp\/v2\/comments?post=10970"}],"wp:featuredmedia":[{"embeddable":true,"href":"https:\/\/www.bobooaza.pl\/index.php\/wp-json\/wp\/v2\/media\/10969"}],"wp:attachment":[{"href":"https:\/\/www.bobooaza.pl\/index.php\/wp-json\/wp\/v2\/media?parent=10970"}],"wp:term":[{"taxonomy":"product_brand","embeddable":true,"href":"https:\/\/www.bobooaza.pl\/index.php\/wp-json\/wp\/v2\/product_brand?post=10970"},{"taxonomy":"product_cat","embeddable":true,"href":"https:\/\/www.bobooaza.pl\/index.php\/wp-json\/wp\/v2\/product_cat?post=10970"},{"taxonomy":"product_tag","embeddable":true,"href":"https:\/\/www.bobooaza.pl\/index.php\/wp-json\/wp\/v2\/product_tag?post=10970"}],"curies":[{"name":"wp","href":"https:\/\/api.w.org\/{rel}","templated":true}]}}