{"id":10972,"date":"2026-01-06T20:49:52","date_gmt":"2026-01-06T19:49:52","guid":{"rendered":"https:\/\/bobooaza.pl\/index.php\/produkt\/kieczmerski-posciel-c-2-100x135-cm-miminu-design-samochodziki-szare-bawelna-100\/"},"modified":"2026-01-19T21:54:10","modified_gmt":"2026-01-19T20:54:10","slug":"kieczmerski-posciel-c-2-100x135-cm-miminu-design-samochodziki-szare-bawelna-100","status":"publish","type":"product","link":"https:\/\/www.bobooaza.pl\/index.php\/produkt\/kieczmerski-posciel-c-2-100x135-cm-miminu-design-samochodziki-szare-bawelna-100\/","title":{"rendered":"KIECZMERSKI Po\u015bciel C-2 100&#215;135 cm MIMINU DESIGN Samochodziki szare bawe\u0142na 100%"},"content":{"rendered":"<p>KIECZMERSKI Po\u015bciel C-2 100&#215;135 cm MIMINU DESIGN Samochodziki szare<\/p>\n<p>Komplet po\u015bcieli 2-elementowej do \u0142\u00f3\u017ceczka dzieci\u0119cego, wykonany w 100% z bawe\u0142ny pochodz\u0105cej z polskich fabryk. Zestaw sk\u0142ada si\u0119 z poszwy na ko\u0142dr\u0119 100\u00d7135 cm oraz poszewki na poduszk\u0119 40\u00d760 cm.<\/p>\n<p>Mi\u0119kka i przyjemna w dotyku bawe\u0142na zapewnia komfortowy sen, nie powoduje podra\u017cnie\u0144 ani alergii. Subtelne wzornictwo i stonowana kolorystyka wprowadzaj\u0105 elegancki akcent do pokoju dziecka, a trwa\u0142o\u015b\u0107 materia\u0142u gwarantuje d\u0142ugotrwa\u0142e u\u017cytkowanie. Produkt bezpieczny, antyalergiczny i \u0142atwy w piel\u0119gnacji.<\/p>\n","protected":false},"excerpt":{"rendered":"<p>KIECZMERSKI Po\u015bciel C-2 100&#215;135 cm MIMINU DESIGN Samochodziki szare Komplet po\u015bcieli 2-elementowej do \u0142\u00f3\u017ceczka dzieci\u0119cego, wykonany w 100% z bawe\u0142ny pochodz\u0105cej z polskich fabryk. Zestaw sk\u0142ada si\u0119 z poszwy na ko\u0142dr\u0119 100\u00d7135 cm oraz poszewki na poduszk\u0119 40\u00d760 cm. Mi\u0119kka i przyjemna w dotyku bawe\u0142na zapewnia komfortowy sen, nie powoduje podra\u017cnie\u0144 ani alergii. Subtelne wzornictwo [&hellip;]<\/p>\n","protected":false},"featured_media":10971,"comment_status":"open","ping_status":"closed","template":"","meta":[],"product_brand":[],"product_cat":[76,123,121,84,127],"product_tag":[],"class_list":{"0":"post-10972","1":"product","2":"type-product","3":"status-publish","4":"has-post-thumbnail","6":"product_cat-dziecko","7":"product_cat-lozeczka","8":"product_cat-meble","9":"product_cat-pokoj-dziecka","10":"product_cat-posciele","12":"first","13":"instock","14":"taxable","15":"shipping-taxable","16":"purchasable","17":"product-type-simple"},"_links":{"self":[{"href":"https:\/\/www.bobooaza.pl\/index.php\/wp-json\/wp\/v2\/product\/10972","targetHints":{"allow":["GET"]}}],"collection":[{"href":"https:\/\/www.bobooaza.pl\/index.php\/wp-json\/wp\/v2\/product"}],"about":[{"href":"https:\/\/www.bobooaza.pl\/index.php\/wp-json\/wp\/v2\/types\/product"}],"replies":[{"embeddable":true,"href":"https:\/\/www.bobooaza.pl\/index.php\/wp-json\/wp\/v2\/comments?post=10972"}],"wp:featuredmedia":[{"embeddable":true,"href":"https:\/\/www.bobooaza.pl\/index.php\/wp-json\/wp\/v2\/media\/10971"}],"wp:attachment":[{"href":"https:\/\/www.bobooaza.pl\/index.php\/wp-json\/wp\/v2\/media?parent=10972"}],"wp:term":[{"taxonomy":"product_brand","embeddable":true,"href":"https:\/\/www.bobooaza.pl\/index.php\/wp-json\/wp\/v2\/product_brand?post=10972"},{"taxonomy":"product_cat","embeddable":true,"href":"https:\/\/www.bobooaza.pl\/index.php\/wp-json\/wp\/v2\/product_cat?post=10972"},{"taxonomy":"product_tag","embeddable":true,"href":"https:\/\/www.bobooaza.pl\/index.php\/wp-json\/wp\/v2\/product_tag?post=10972"}],"curies":[{"name":"wp","href":"https:\/\/api.w.org\/{rel}","templated":true}]}}