{"id":10976,"date":"2026-01-06T20:49:56","date_gmt":"2026-01-06T19:49:56","guid":{"rendered":"https:\/\/bobooaza.pl\/index.php\/produkt\/kieczmerski-posciel-c-2-100x135-cm-kolekcja-kraina-czarow-bez\/"},"modified":"2026-01-19T21:54:11","modified_gmt":"2026-01-19T20:54:11","slug":"kieczmerski-posciel-c-2-100x135-cm-kolekcja-kraina-czarow-bez","status":"publish","type":"product","link":"https:\/\/www.bobooaza.pl\/index.php\/produkt\/kieczmerski-posciel-c-2-100x135-cm-kolekcja-kraina-czarow-bez\/","title":{"rendered":"KIECZMERSKI Po\u015bciel C-2 100&#215;135 cm KOLEKCJA Kraina Czar\u00f3w be\u017c"},"content":{"rendered":"<p>KIECZMERSKI Po\u015bciel C-2 100&#215;135 cm KOLEKCJA Kraina Czar\u00f3w be\u017c<\/p>\n<p>Komplet po\u015bcieli 2-elementowej do \u0142\u00f3\u017ceczka dzieci\u0119cego wykonany w 100% z bawe\u0142ny, wyprodukowanej w polskich fabrykach. Zestaw sk\u0142ada si\u0119 z poszwy na ko\u0142dr\u0119 135\u00d7100 cm oraz poszewki na poduszk\u0119 40\u00d760 cm.<\/p>\n<p>Mi\u0119kka i przyjemna w dotyku bawe\u0142na zapewnia komfortowy sen, nie powoduje podra\u017cnie\u0144 ani alergii. Subtelny wz\u00f3r i harmonijne kolory sprawiaj\u0105, \u017ce pokoik dziecka zyskuje przytulny i elegancki charakter, odpowiedni zar\u00f3wno dla ch\u0142opc\u00f3w, jak i dziewczynek. Produkt trwa\u0142y, bezpieczny i antyalergiczny, z poszewkami wyposa\u017conymi w bezpieczny suwak. Mo\u017cna pra\u0107 w pralce w temperaturze 30\u00b0C, wirowa\u0107 na obrotach do 800.<\/p>\n","protected":false},"excerpt":{"rendered":"<p>KIECZMERSKI Po\u015bciel C-2 100&#215;135 cm KOLEKCJA Kraina Czar\u00f3w be\u017c Komplet po\u015bcieli 2-elementowej do \u0142\u00f3\u017ceczka dzieci\u0119cego wykonany w 100% z bawe\u0142ny, wyprodukowanej w polskich fabrykach. Zestaw sk\u0142ada si\u0119 z poszwy na ko\u0142dr\u0119 135\u00d7100 cm oraz poszewki na poduszk\u0119 40\u00d760 cm. Mi\u0119kka i przyjemna w dotyku bawe\u0142na zapewnia komfortowy sen, nie powoduje podra\u017cnie\u0144 ani alergii. Subtelny wz\u00f3r [&hellip;]<\/p>\n","protected":false},"featured_media":10975,"comment_status":"open","ping_status":"closed","template":"","meta":[],"product_brand":[],"product_cat":[76,123,121,84,127],"product_tag":[],"class_list":{"0":"post-10976","1":"product","2":"type-product","3":"status-publish","4":"has-post-thumbnail","6":"product_cat-dziecko","7":"product_cat-lozeczka","8":"product_cat-meble","9":"product_cat-pokoj-dziecka","10":"product_cat-posciele","12":"first","13":"instock","14":"taxable","15":"shipping-taxable","16":"purchasable","17":"product-type-simple"},"_links":{"self":[{"href":"https:\/\/www.bobooaza.pl\/index.php\/wp-json\/wp\/v2\/product\/10976","targetHints":{"allow":["GET"]}}],"collection":[{"href":"https:\/\/www.bobooaza.pl\/index.php\/wp-json\/wp\/v2\/product"}],"about":[{"href":"https:\/\/www.bobooaza.pl\/index.php\/wp-json\/wp\/v2\/types\/product"}],"replies":[{"embeddable":true,"href":"https:\/\/www.bobooaza.pl\/index.php\/wp-json\/wp\/v2\/comments?post=10976"}],"wp:featuredmedia":[{"embeddable":true,"href":"https:\/\/www.bobooaza.pl\/index.php\/wp-json\/wp\/v2\/media\/10975"}],"wp:attachment":[{"href":"https:\/\/www.bobooaza.pl\/index.php\/wp-json\/wp\/v2\/media?parent=10976"}],"wp:term":[{"taxonomy":"product_brand","embeddable":true,"href":"https:\/\/www.bobooaza.pl\/index.php\/wp-json\/wp\/v2\/product_brand?post=10976"},{"taxonomy":"product_cat","embeddable":true,"href":"https:\/\/www.bobooaza.pl\/index.php\/wp-json\/wp\/v2\/product_cat?post=10976"},{"taxonomy":"product_tag","embeddable":true,"href":"https:\/\/www.bobooaza.pl\/index.php\/wp-json\/wp\/v2\/product_tag?post=10976"}],"curies":[{"name":"wp","href":"https:\/\/api.w.org\/{rel}","templated":true}]}}