{"id":10979,"date":"2026-01-06T20:49:58","date_gmt":"2026-01-06T19:49:58","guid":{"rendered":"https:\/\/bobooaza.pl\/index.php\/produkt\/albero-mio-posciel-c2-135x100-446-koala-w-podrozy\/"},"modified":"2026-01-06T20:53:25","modified_gmt":"2026-01-06T19:53:25","slug":"albero-mio-posciel-c2-135x100-446-koala-w-podrozy","status":"publish","type":"product","link":"https:\/\/www.bobooaza.pl\/index.php\/produkt\/albero-mio-posciel-c2-135x100-446-koala-w-podrozy\/","title":{"rendered":"ALBERO MIO Po\u015bciel C2 135&#215;100 446 Koala w podr\u00f3\u017cy"},"content":{"rendered":"<p>ALBERO MIO Po\u015bciel C2 135&#215;100 446 Koala w podr\u00f3\u017cy<\/p>\n<p>Komplet po\u015bcieli sk\u0142ada si\u0119 z poszwy na ko\u0142dr\u0119 135\u00d7100 cm oraz poszewki na poduszk\u0119 40\u00d760 cm. Wykonany jest z bawe\u0142ny satynowej, w 100% z w\u0142\u00f3kien naturalnych, przyjemnej i delikatnej dla sk\u00f3ry dziecka, odpowiedniej dla alergik\u00f3w. Materia\u0142 dobrze utrzymuje ciep\u0142o i ch\u0142onie wilgo\u0107.<\/p>\n<p>Po\u015bciel jest dwustronna \u2013 z jednej strony posiada nadrukowany wz\u00f3r, z drugiej stron\u0105 jest jednokolorowa. Zar\u00f3wno poszwa, jak i poszewka zapinane s\u0105 na zamek b\u0142yskawiczny, kt\u00f3ry nie ma wystaj\u0105cych element\u00f3w, dzi\u0119ki czemu nie podra\u017cnia sk\u00f3ry dziecka.<\/p>\n<p>Brak wszytego wype\u0142nienia sprawia, \u017ce po\u015bciel zajmuje mniej miejsca podczas przechowywania i prania oraz mo\u017cna j\u0105 prasowa\u0107 w wy\u017cszej temperaturze. Produkt przeznaczony dla dzieci od 1 do 5 lat, doskonale sprawdzi si\u0119 w \u0142\u00f3\u017ceczku, \u017c\u0142obku czy przedszkolu.<\/p>\n<p>Produkt uszyty w Polsce, posiada certyfikat Oeko-tex gwarantuj\u0105cy bezpiecze\u0144stwo dla najm\u0142odszych. Kolorystyka mo\u017ce nieznacznie r\u00f3\u017cni\u0107 si\u0119 od przedstawionej na zdj\u0119ciu.<\/p>\n<p>Sk\u0142ad: tkanina wzorzysta \u2013 bawe\u0142na satynowa 100% bawe\u0142na, tkanina jednobarwna \u2013 100% bawe\u0142na.<\/p>\n","protected":false},"excerpt":{"rendered":"<p>ALBERO MIO Po\u015bciel C2 135&#215;100 446 Koala w podr\u00f3\u017cy Komplet po\u015bcieli sk\u0142ada si\u0119 z poszwy na ko\u0142dr\u0119 135\u00d7100 cm oraz poszewki na poduszk\u0119 40\u00d760 cm. Wykonany jest z bawe\u0142ny satynowej, w 100% z w\u0142\u00f3kien naturalnych, przyjemnej i delikatnej dla sk\u00f3ry dziecka, odpowiedniej dla alergik\u00f3w. Materia\u0142 dobrze utrzymuje ciep\u0142o i ch\u0142onie wilgo\u0107. Po\u015bciel jest dwustronna \u2013 [&hellip;]<\/p>\n","protected":false},"featured_media":10977,"comment_status":"open","ping_status":"closed","template":"","meta":[],"product_brand":[],"product_cat":[76,123,121,84,127],"product_tag":[],"class_list":{"0":"post-10979","1":"product","2":"type-product","3":"status-publish","4":"has-post-thumbnail","6":"product_cat-dziecko","7":"product_cat-lozeczka","8":"product_cat-meble","9":"product_cat-pokoj-dziecka","10":"product_cat-posciele","12":"first","13":"instock","14":"taxable","15":"shipping-taxable","16":"purchasable","17":"product-type-simple"},"_links":{"self":[{"href":"https:\/\/www.bobooaza.pl\/index.php\/wp-json\/wp\/v2\/product\/10979","targetHints":{"allow":["GET"]}}],"collection":[{"href":"https:\/\/www.bobooaza.pl\/index.php\/wp-json\/wp\/v2\/product"}],"about":[{"href":"https:\/\/www.bobooaza.pl\/index.php\/wp-json\/wp\/v2\/types\/product"}],"replies":[{"embeddable":true,"href":"https:\/\/www.bobooaza.pl\/index.php\/wp-json\/wp\/v2\/comments?post=10979"}],"wp:featuredmedia":[{"embeddable":true,"href":"https:\/\/www.bobooaza.pl\/index.php\/wp-json\/wp\/v2\/media\/10977"}],"wp:attachment":[{"href":"https:\/\/www.bobooaza.pl\/index.php\/wp-json\/wp\/v2\/media?parent=10979"}],"wp:term":[{"taxonomy":"product_brand","embeddable":true,"href":"https:\/\/www.bobooaza.pl\/index.php\/wp-json\/wp\/v2\/product_brand?post=10979"},{"taxonomy":"product_cat","embeddable":true,"href":"https:\/\/www.bobooaza.pl\/index.php\/wp-json\/wp\/v2\/product_cat?post=10979"},{"taxonomy":"product_tag","embeddable":true,"href":"https:\/\/www.bobooaza.pl\/index.php\/wp-json\/wp\/v2\/product_tag?post=10979"}],"curies":[{"name":"wp","href":"https:\/\/api.w.org\/{rel}","templated":true}]}}