{"id":10981,"date":"2026-01-06T20:50:00","date_gmt":"2026-01-06T19:50:00","guid":{"rendered":"https:\/\/bobooaza.pl\/index.php\/produkt\/albero-mio-posciel-c-2-c016-zoo-world\/"},"modified":"2026-01-06T20:53:26","modified_gmt":"2026-01-06T19:53:26","slug":"albero-mio-posciel-c-2-c016-zoo-world","status":"publish","type":"product","link":"https:\/\/www.bobooaza.pl\/index.php\/produkt\/albero-mio-posciel-c-2-c016-zoo-world\/","title":{"rendered":"ALBERO MIO Po\u015bciel C-2 C016 Zoo World"},"content":{"rendered":"<p>ALBERO MIO Po\u015bciel C-2 C016 Zoo World<\/p>\n<p>Komplet po\u015bcieli sk\u0142ada si\u0119 z poszwy na ko\u0142dr\u0119 135\u00d7100 cm oraz poszewki na poduszk\u0119 40\u00d760 cm. Wykonany jest w 100% z bawe\u0142ny, materia\u0142 naturalny, przyjemny i delikatny dla sk\u00f3ry dziecka, odpowiedni dla alergik\u00f3w. Po\u015bciel dobrze utrzymuje ciep\u0142o i ch\u0142onie wilgo\u0107.<\/p>\n<p>Po\u015bciel jest dwustronna \u2013 z jednej strony posiada nadruk, z drugiej jest g\u0142adka i jednokolorowa. Zar\u00f3wno poszwa, jak i poszewka zapinane s\u0105 na zamek b\u0142yskawiczny bez wystaj\u0105cych element\u00f3w, co zapobiega podra\u017cnieniom sk\u00f3ry.<\/p>\n<p>Brak wszytego wype\u0142nienia sprawia, \u017ce po\u015bciel zajmuje mniej miejsca podczas przechowywania i prania, a tak\u017ce mo\u017cna j\u0105 prasowa\u0107 w wy\u017cszej temperaturze ni\u017c produkty z wype\u0142nieniem. Rozmiar po\u015bcieli przeznaczony jest dla dzieci od 1 do 5 lat. Ko\u0142derka 135\u00d7100 cm nie jest zalecana dla dzieci poni\u017cej 12 miesi\u0105ca \u017cycia.<\/p>\n<p>Produkt uszyty w Polsce, posiada certyfikat Oeko-tex gwarantuj\u0105cy bezpiecze\u0144stwo dla najm\u0142odszych.<\/p>\n<p>Sk\u0142ad: 100% bawe\u0142na.<\/p>\n","protected":false},"excerpt":{"rendered":"<p>ALBERO MIO Po\u015bciel C-2 C016 Zoo World Komplet po\u015bcieli sk\u0142ada si\u0119 z poszwy na ko\u0142dr\u0119 135\u00d7100 cm oraz poszewki na poduszk\u0119 40\u00d760 cm. Wykonany jest w 100% z bawe\u0142ny, materia\u0142 naturalny, przyjemny i delikatny dla sk\u00f3ry dziecka, odpowiedni dla alergik\u00f3w. Po\u015bciel dobrze utrzymuje ciep\u0142o i ch\u0142onie wilgo\u0107. Po\u015bciel jest dwustronna \u2013 z jednej strony posiada [&hellip;]<\/p>\n","protected":false},"featured_media":10980,"comment_status":"open","ping_status":"closed","template":"","meta":[],"product_brand":[],"product_cat":[76,123,121,84,127],"product_tag":[],"class_list":{"0":"post-10981","1":"product","2":"type-product","3":"status-publish","4":"has-post-thumbnail","6":"product_cat-dziecko","7":"product_cat-lozeczka","8":"product_cat-meble","9":"product_cat-pokoj-dziecka","10":"product_cat-posciele","12":"first","13":"instock","14":"taxable","15":"shipping-taxable","16":"purchasable","17":"product-type-simple"},"_links":{"self":[{"href":"https:\/\/www.bobooaza.pl\/index.php\/wp-json\/wp\/v2\/product\/10981","targetHints":{"allow":["GET"]}}],"collection":[{"href":"https:\/\/www.bobooaza.pl\/index.php\/wp-json\/wp\/v2\/product"}],"about":[{"href":"https:\/\/www.bobooaza.pl\/index.php\/wp-json\/wp\/v2\/types\/product"}],"replies":[{"embeddable":true,"href":"https:\/\/www.bobooaza.pl\/index.php\/wp-json\/wp\/v2\/comments?post=10981"}],"wp:featuredmedia":[{"embeddable":true,"href":"https:\/\/www.bobooaza.pl\/index.php\/wp-json\/wp\/v2\/media\/10980"}],"wp:attachment":[{"href":"https:\/\/www.bobooaza.pl\/index.php\/wp-json\/wp\/v2\/media?parent=10981"}],"wp:term":[{"taxonomy":"product_brand","embeddable":true,"href":"https:\/\/www.bobooaza.pl\/index.php\/wp-json\/wp\/v2\/product_brand?post=10981"},{"taxonomy":"product_cat","embeddable":true,"href":"https:\/\/www.bobooaza.pl\/index.php\/wp-json\/wp\/v2\/product_cat?post=10981"},{"taxonomy":"product_tag","embeddable":true,"href":"https:\/\/www.bobooaza.pl\/index.php\/wp-json\/wp\/v2\/product_tag?post=10981"}],"curies":[{"name":"wp","href":"https:\/\/api.w.org\/{rel}","templated":true}]}}