{"id":10983,"date":"2026-01-06T20:50:01","date_gmt":"2026-01-06T19:50:01","guid":{"rendered":"https:\/\/bobooaza.pl\/index.php\/produkt\/kieczmerski-posciel-c-2-100x135-cm-kolekcja-misie-pluszaki\/"},"modified":"2026-01-19T21:54:11","modified_gmt":"2026-01-19T20:54:11","slug":"kieczmerski-posciel-c-2-100x135-cm-kolekcja-misie-pluszaki","status":"publish","type":"product","link":"https:\/\/www.bobooaza.pl\/index.php\/produkt\/kieczmerski-posciel-c-2-100x135-cm-kolekcja-misie-pluszaki\/","title":{"rendered":"KIECZMERSKI Po\u015bciel C-2 100&#215;135 cm KOLEKCJA Misie Pluszaki"},"content":{"rendered":"<p>KIECZMERSKI Po\u015bciel C-2 100&#215;135 cm Kolekcja Misie Pluszaki<\/p>\n<p>Komplet po\u015bcieli sk\u0142ada si\u0119 z poszwy na ko\u0142dr\u0119 135\u00d7100 cm oraz poszewki na poduszk\u0119 40\u00d760 cm. Wykonany jest w 100% z bawe\u0142ny, naturalnego materia\u0142u przyjemnego w dotyku, bezpiecznego dla sk\u00f3ry dziecka i odpowiedniego dla alergik\u00f3w.<\/p>\n<p>Mi\u0119kka i delikatna bawe\u0142na sprzyja komfortowemu snu, a kontrastuj\u0105cy wz\u00f3r i kolory nadaj\u0105 pokoikowi dziecka wyj\u0105tkowy i oryginalny charakter. Po\u015bciel doskonale dope\u0142nia wystr\u00f3j wn\u0119trza zar\u00f3wno dla ch\u0142opc\u00f3w, jak i dziewczynek.<\/p>\n<p>Poszewki wyposa\u017cone s\u0105 w bezpieczny zamek b\u0142yskawiczny. Produkt jest wytrzyma\u0142y, \u0142atwy w piel\u0119gnacji, mo\u017cna pra\u0107 w pralce w temperaturze 30\u00b0C i wirowa\u0107 na obrotach maksymalnie 800.<\/p>\n<p>Produkt wyprodukowany w Polsce, antyalergiczny, posiada odpowiednie atesty i certyfikaty gwarantuj\u0105ce bezpiecze\u0144stwo u\u017cytkowania.<\/p>\n<p>Sk\u0142ad: 100% bawe\u0142na.<\/p>\n","protected":false},"excerpt":{"rendered":"<p>KIECZMERSKI Po\u015bciel C-2 100&#215;135 cm Kolekcja Misie Pluszaki Komplet po\u015bcieli sk\u0142ada si\u0119 z poszwy na ko\u0142dr\u0119 135\u00d7100 cm oraz poszewki na poduszk\u0119 40\u00d760 cm. Wykonany jest w 100% z bawe\u0142ny, naturalnego materia\u0142u przyjemnego w dotyku, bezpiecznego dla sk\u00f3ry dziecka i odpowiedniego dla alergik\u00f3w. Mi\u0119kka i delikatna bawe\u0142na sprzyja komfortowemu snu, a kontrastuj\u0105cy wz\u00f3r i kolory [&hellip;]<\/p>\n","protected":false},"featured_media":10982,"comment_status":"open","ping_status":"closed","template":"","meta":[],"product_brand":[],"product_cat":[76,123,121,84,127],"product_tag":[],"class_list":{"0":"post-10983","1":"product","2":"type-product","3":"status-publish","4":"has-post-thumbnail","6":"product_cat-dziecko","7":"product_cat-lozeczka","8":"product_cat-meble","9":"product_cat-pokoj-dziecka","10":"product_cat-posciele","12":"first","13":"instock","14":"taxable","15":"shipping-taxable","16":"purchasable","17":"product-type-simple"},"_links":{"self":[{"href":"https:\/\/www.bobooaza.pl\/index.php\/wp-json\/wp\/v2\/product\/10983","targetHints":{"allow":["GET"]}}],"collection":[{"href":"https:\/\/www.bobooaza.pl\/index.php\/wp-json\/wp\/v2\/product"}],"about":[{"href":"https:\/\/www.bobooaza.pl\/index.php\/wp-json\/wp\/v2\/types\/product"}],"replies":[{"embeddable":true,"href":"https:\/\/www.bobooaza.pl\/index.php\/wp-json\/wp\/v2\/comments?post=10983"}],"wp:featuredmedia":[{"embeddable":true,"href":"https:\/\/www.bobooaza.pl\/index.php\/wp-json\/wp\/v2\/media\/10982"}],"wp:attachment":[{"href":"https:\/\/www.bobooaza.pl\/index.php\/wp-json\/wp\/v2\/media?parent=10983"}],"wp:term":[{"taxonomy":"product_brand","embeddable":true,"href":"https:\/\/www.bobooaza.pl\/index.php\/wp-json\/wp\/v2\/product_brand?post=10983"},{"taxonomy":"product_cat","embeddable":true,"href":"https:\/\/www.bobooaza.pl\/index.php\/wp-json\/wp\/v2\/product_cat?post=10983"},{"taxonomy":"product_tag","embeddable":true,"href":"https:\/\/www.bobooaza.pl\/index.php\/wp-json\/wp\/v2\/product_tag?post=10983"}],"curies":[{"name":"wp","href":"https:\/\/api.w.org\/{rel}","templated":true}]}}