{"id":10985,"date":"2026-01-06T20:50:03","date_gmt":"2026-01-06T19:50:03","guid":{"rendered":"https:\/\/bobooaza.pl\/index.php\/produkt\/albero-mio-posciel-naturelove-c4-do-lozeczka-n004-forest\/"},"modified":"2026-01-19T20:20:09","modified_gmt":"2026-01-19T19:20:09","slug":"albero-mio-posciel-naturelove-c4-do-lozeczka-n004-forest","status":"publish","type":"product","link":"https:\/\/www.bobooaza.pl\/index.php\/produkt\/albero-mio-posciel-naturelove-c4-do-lozeczka-n004-forest\/","title":{"rendered":"ALBERO MIO Po\u015bciel Nature&amp;Love C4 do \u0142\u00f3\u017ceczka N004 FOREST"},"content":{"rendered":"<p>ALBERO MIO Po\u015bciel Nature&amp;Love C4 do \u0142\u00f3\u017ceczka N004 Forest<\/p>\n<p>Po\u015bciel Nature&amp;Love C4 to zestaw do \u0142\u00f3\u017ceczka dzieci\u0119cego, ozdobiony haftem i delikatn\u0105 falbank\u0105, kt\u00f3ry nadaje wn\u0119trzu przytulny i elegancki charakter.<\/p>\n<p>Komplet obejmuje poszw\u0119 na ko\u0142dr\u0119 90\u00d7120 cm, poszewk\u0119 na poduszk\u0119 40\u00d760 cm oraz ko\u0142dr\u0119 i poduszk\u0119 w tym samym rozmiarze.<\/p>\n<p>Wykonana jest z naturalnej bawe\u0142ny (100%) zapewniaj\u0105cej komfortowy i bezpieczny sen, a wype\u0142nienie ko\u0142dry i poduszki stanowi poliester (100%), co gwarantuje mi\u0119kko\u015b\u0107 i \u0142atwo\u015b\u0107 w utrzymaniu czysto\u015bci.<\/p>\n","protected":false},"excerpt":{"rendered":"<p>ALBERO MIO Po\u015bciel Nature&amp;Love C4 do \u0142\u00f3\u017ceczka N004 Forest Po\u015bciel Nature&amp;Love C4 to zestaw do \u0142\u00f3\u017ceczka dzieci\u0119cego, ozdobiony haftem i delikatn\u0105 falbank\u0105, kt\u00f3ry nadaje wn\u0119trzu przytulny i elegancki charakter. Komplet obejmuje poszw\u0119 na ko\u0142dr\u0119 90\u00d7120 cm, poszewk\u0119 na poduszk\u0119 40\u00d760 cm oraz ko\u0142dr\u0119 i poduszk\u0119 w tym samym rozmiarze. Wykonana jest z naturalnej bawe\u0142ny (100%) [&hellip;]<\/p>\n","protected":false},"featured_media":10984,"comment_status":"open","ping_status":"closed","template":"","meta":[],"product_brand":[],"product_cat":[76,123,121,84,127],"product_tag":[],"class_list":{"0":"post-10985","1":"product","2":"type-product","3":"status-publish","4":"has-post-thumbnail","6":"product_cat-dziecko","7":"product_cat-lozeczka","8":"product_cat-meble","9":"product_cat-pokoj-dziecka","10":"product_cat-posciele","12":"first","13":"instock","14":"taxable","15":"shipping-taxable","16":"purchasable","17":"product-type-simple"},"_links":{"self":[{"href":"https:\/\/www.bobooaza.pl\/index.php\/wp-json\/wp\/v2\/product\/10985","targetHints":{"allow":["GET"]}}],"collection":[{"href":"https:\/\/www.bobooaza.pl\/index.php\/wp-json\/wp\/v2\/product"}],"about":[{"href":"https:\/\/www.bobooaza.pl\/index.php\/wp-json\/wp\/v2\/types\/product"}],"replies":[{"embeddable":true,"href":"https:\/\/www.bobooaza.pl\/index.php\/wp-json\/wp\/v2\/comments?post=10985"}],"wp:featuredmedia":[{"embeddable":true,"href":"https:\/\/www.bobooaza.pl\/index.php\/wp-json\/wp\/v2\/media\/10984"}],"wp:attachment":[{"href":"https:\/\/www.bobooaza.pl\/index.php\/wp-json\/wp\/v2\/media?parent=10985"}],"wp:term":[{"taxonomy":"product_brand","embeddable":true,"href":"https:\/\/www.bobooaza.pl\/index.php\/wp-json\/wp\/v2\/product_brand?post=10985"},{"taxonomy":"product_cat","embeddable":true,"href":"https:\/\/www.bobooaza.pl\/index.php\/wp-json\/wp\/v2\/product_cat?post=10985"},{"taxonomy":"product_tag","embeddable":true,"href":"https:\/\/www.bobooaza.pl\/index.php\/wp-json\/wp\/v2\/product_tag?post=10985"}],"curies":[{"name":"wp","href":"https:\/\/api.w.org\/{rel}","templated":true}]}}