{"id":10987,"date":"2026-01-06T20:50:07","date_gmt":"2026-01-06T19:50:07","guid":{"rendered":"https:\/\/bobooaza.pl\/index.php\/produkt\/albero-mio-posciel-naturelove-mini-c4-n003-tropics\/"},"modified":"2026-01-19T20:20:09","modified_gmt":"2026-01-19T19:20:09","slug":"albero-mio-posciel-naturelove-mini-c4-n003-tropics","status":"publish","type":"product","link":"https:\/\/www.bobooaza.pl\/index.php\/produkt\/albero-mio-posciel-naturelove-mini-c4-n003-tropics\/","title":{"rendered":"ALBERO MIO Po\u015bciel Nature&amp;Love Mini C4 N003 TROPICS"},"content":{"rendered":"<p>ALBERO MIO Po\u015bciel Nature&amp;Love Mini C4 N003 Tropics<\/p>\n<p>Po\u015bciel Nature&amp;Love Mini C4 to praktyczny zestaw do \u0142\u00f3\u017ceczka dostawnego, ko\u0142yski lub w\u00f3zka, zapewniaj\u0105cy komfort i bezpiecze\u0144stwo dziecku.<\/p>\n<p>Komplet obejmuje poszw\u0119 na ko\u0142dr\u0119 60\u00d780 cm, poszewk\u0119 na poduszk\u0119 28\u00d738 cm oraz ko\u0142dr\u0119 i poduszk\u0119 w tym samym rozmiarze.<\/p>\n<p>Wykonany jest w 100% z bawe\u0142ny, co gwarantuje mi\u0119kko\u015b\u0107 i przyjazno\u015b\u0107 dla sk\u00f3ry dziecka, a wype\u0142nienie z poliestru zapewnia puszysto\u015b\u0107 i \u0142atwo\u015b\u0107 w utrzymaniu czysto\u015bci.<\/p>\n","protected":false},"excerpt":{"rendered":"<p>ALBERO MIO Po\u015bciel Nature&amp;Love Mini C4 N003 Tropics Po\u015bciel Nature&amp;Love Mini C4 to praktyczny zestaw do \u0142\u00f3\u017ceczka dostawnego, ko\u0142yski lub w\u00f3zka, zapewniaj\u0105cy komfort i bezpiecze\u0144stwo dziecku. Komplet obejmuje poszw\u0119 na ko\u0142dr\u0119 60\u00d780 cm, poszewk\u0119 na poduszk\u0119 28\u00d738 cm oraz ko\u0142dr\u0119 i poduszk\u0119 w tym samym rozmiarze. Wykonany jest w 100% z bawe\u0142ny, co gwarantuje mi\u0119kko\u015b\u0107 [&hellip;]<\/p>\n","protected":false},"featured_media":10986,"comment_status":"open","ping_status":"closed","template":"","meta":[],"product_brand":[],"product_cat":[76,123,121,84,127],"product_tag":[],"class_list":{"0":"post-10987","1":"product","2":"type-product","3":"status-publish","4":"has-post-thumbnail","6":"product_cat-dziecko","7":"product_cat-lozeczka","8":"product_cat-meble","9":"product_cat-pokoj-dziecka","10":"product_cat-posciele","12":"first","13":"instock","14":"taxable","15":"shipping-taxable","16":"purchasable","17":"product-type-simple"},"_links":{"self":[{"href":"https:\/\/www.bobooaza.pl\/index.php\/wp-json\/wp\/v2\/product\/10987","targetHints":{"allow":["GET"]}}],"collection":[{"href":"https:\/\/www.bobooaza.pl\/index.php\/wp-json\/wp\/v2\/product"}],"about":[{"href":"https:\/\/www.bobooaza.pl\/index.php\/wp-json\/wp\/v2\/types\/product"}],"replies":[{"embeddable":true,"href":"https:\/\/www.bobooaza.pl\/index.php\/wp-json\/wp\/v2\/comments?post=10987"}],"wp:featuredmedia":[{"embeddable":true,"href":"https:\/\/www.bobooaza.pl\/index.php\/wp-json\/wp\/v2\/media\/10986"}],"wp:attachment":[{"href":"https:\/\/www.bobooaza.pl\/index.php\/wp-json\/wp\/v2\/media?parent=10987"}],"wp:term":[{"taxonomy":"product_brand","embeddable":true,"href":"https:\/\/www.bobooaza.pl\/index.php\/wp-json\/wp\/v2\/product_brand?post=10987"},{"taxonomy":"product_cat","embeddable":true,"href":"https:\/\/www.bobooaza.pl\/index.php\/wp-json\/wp\/v2\/product_cat?post=10987"},{"taxonomy":"product_tag","embeddable":true,"href":"https:\/\/www.bobooaza.pl\/index.php\/wp-json\/wp\/v2\/product_tag?post=10987"}],"curies":[{"name":"wp","href":"https:\/\/api.w.org\/{rel}","templated":true}]}}