{"id":10991,"date":"2026-01-06T20:53:31","date_gmt":"2026-01-06T19:53:31","guid":{"rendered":"https:\/\/bobooaza.pl\/index.php\/produkt\/albero-mio-posciel-c-3-c005-elephant-world\/"},"modified":"2026-01-06T21:04:58","modified_gmt":"2026-01-06T20:04:58","slug":"albero-mio-posciel-c-3-c005-elephant-world","status":"publish","type":"product","link":"https:\/\/www.bobooaza.pl\/index.php\/produkt\/albero-mio-posciel-c-3-c005-elephant-world\/","title":{"rendered":"ALBERO MIO Po\u015bciel C-3 C005 Elephant World"},"content":{"rendered":"<p>ALBERO MIO Po\u015bciel C-3 C005 Elephant World<\/p>\n<p>Po\u015bciel 3-elementowa do \u0142\u00f3\u017ceczka dzieci\u0119cego z kolekcji Colorful World. Zestaw sk\u0142ada si\u0119 z poszwy na ko\u0142dr\u0119 100&#215;135 cm, poszewki na poduszk\u0119 40&#215;60 cm oraz ochraniacza do \u0142\u00f3\u017ceczka 180&#215;30 cm.<\/p>\n<p>Wykonana w 100% z bawe\u0142ny, mi\u0119kka i przyjemna dla sk\u00f3ry dziecka. Ochraniacz wype\u0142niony jest poliestrem, co zapewnia dodatkow\u0105 ochron\u0119 i komfort. Zestaw \u0142\u0105czy funkcjonalno\u015b\u0107 z atrakcyjnym, kolorowym wzornictwem, kt\u00f3re pi\u0119knie ozdobi dzieci\u0119ce \u0142\u00f3\u017ceczko.<\/p>\n","protected":false},"excerpt":{"rendered":"<p>ALBERO MIO Po\u015bciel C-3 C005 Elephant World Po\u015bciel 3-elementowa do \u0142\u00f3\u017ceczka dzieci\u0119cego z kolekcji Colorful World. Zestaw sk\u0142ada si\u0119 z poszwy na ko\u0142dr\u0119 100&#215;135 cm, poszewki na poduszk\u0119 40&#215;60 cm oraz ochraniacza do \u0142\u00f3\u017ceczka 180&#215;30 cm. Wykonana w 100% z bawe\u0142ny, mi\u0119kka i przyjemna dla sk\u00f3ry dziecka. Ochraniacz wype\u0142niony jest poliestrem, co zapewnia dodatkow\u0105 ochron\u0119 [&hellip;]<\/p>\n","protected":false},"featured_media":10990,"comment_status":"open","ping_status":"closed","template":"","meta":[],"product_brand":[],"product_cat":[76,123,121,84,127],"product_tag":[],"class_list":{"0":"post-10991","1":"product","2":"type-product","3":"status-publish","4":"has-post-thumbnail","6":"product_cat-dziecko","7":"product_cat-lozeczka","8":"product_cat-meble","9":"product_cat-pokoj-dziecka","10":"product_cat-posciele","12":"first","13":"instock","14":"taxable","15":"shipping-taxable","16":"purchasable","17":"product-type-simple"},"_links":{"self":[{"href":"https:\/\/www.bobooaza.pl\/index.php\/wp-json\/wp\/v2\/product\/10991","targetHints":{"allow":["GET"]}}],"collection":[{"href":"https:\/\/www.bobooaza.pl\/index.php\/wp-json\/wp\/v2\/product"}],"about":[{"href":"https:\/\/www.bobooaza.pl\/index.php\/wp-json\/wp\/v2\/types\/product"}],"replies":[{"embeddable":true,"href":"https:\/\/www.bobooaza.pl\/index.php\/wp-json\/wp\/v2\/comments?post=10991"}],"wp:featuredmedia":[{"embeddable":true,"href":"https:\/\/www.bobooaza.pl\/index.php\/wp-json\/wp\/v2\/media\/10990"}],"wp:attachment":[{"href":"https:\/\/www.bobooaza.pl\/index.php\/wp-json\/wp\/v2\/media?parent=10991"}],"wp:term":[{"taxonomy":"product_brand","embeddable":true,"href":"https:\/\/www.bobooaza.pl\/index.php\/wp-json\/wp\/v2\/product_brand?post=10991"},{"taxonomy":"product_cat","embeddable":true,"href":"https:\/\/www.bobooaza.pl\/index.php\/wp-json\/wp\/v2\/product_cat?post=10991"},{"taxonomy":"product_tag","embeddable":true,"href":"https:\/\/www.bobooaza.pl\/index.php\/wp-json\/wp\/v2\/product_tag?post=10991"}],"curies":[{"name":"wp","href":"https:\/\/api.w.org\/{rel}","templated":true}]}}