{"id":10993,"date":"2026-01-06T20:53:32","date_gmt":"2026-01-06T19:53:32","guid":{"rendered":"https:\/\/bobooaza.pl\/index.php\/produkt\/atk-posciel-c-2-flanela-135x100\/"},"modified":"2026-01-19T20:20:10","modified_gmt":"2026-01-19T19:20:10","slug":"atk-posciel-c-2-flanela-135x100","status":"publish","type":"product","link":"https:\/\/www.bobooaza.pl\/index.php\/produkt\/atk-posciel-c-2-flanela-135x100\/","title":{"rendered":"ATK Po\u015bciel C-2 flanela 135&#215;100"},"content":{"rendered":"<p>ATK Po\u015bciel C-2 flanela 135&#215;100<\/p>\n<p>Po\u015bciel flanelowa wykonana w 100% z bawe\u0142ny, mi\u0119kka i przyjemna w dotyku, idealna na ch\u0142odniejsze noce. Delikatna dla sk\u00f3ry, nie powoduje podra\u017cnie\u0144 i jest polecana dla alergik\u00f3w, chroni\u0105c przed roztoczami i bakteriami.<\/p>\n<p>Komplet sk\u0142ada si\u0119 z dw\u00f3ch element\u00f3w i jest wykonany z dba\u0142o\u015bci\u0105 o szczeg\u00f3\u0142y. Wzory na tkaninie pobudzaj\u0105 wyobra\u017ani\u0119 dziecka i s\u0105 atrakcyjne wizualnie. Po\u015bciel zachowuje trwa\u0142o\u015b\u0107 kolor\u00f3w i kszta\u0142t nawet po cz\u0119stym praniu. Zamek b\u0142yskawiczny nie posiada wodzika, co zwi\u0119ksza bezpiecze\u0144stwo u\u017cytkowania. Kolorowa i przytulna, zach\u0119ca dzieci do k\u0142adzenia si\u0119 spa\u0107.<\/p>\n","protected":false},"excerpt":{"rendered":"<p>ATK Po\u015bciel C-2 flanela 135&#215;100 Po\u015bciel flanelowa wykonana w 100% z bawe\u0142ny, mi\u0119kka i przyjemna w dotyku, idealna na ch\u0142odniejsze noce. Delikatna dla sk\u00f3ry, nie powoduje podra\u017cnie\u0144 i jest polecana dla alergik\u00f3w, chroni\u0105c przed roztoczami i bakteriami. Komplet sk\u0142ada si\u0119 z dw\u00f3ch element\u00f3w i jest wykonany z dba\u0142o\u015bci\u0105 o szczeg\u00f3\u0142y. Wzory na tkaninie pobudzaj\u0105 wyobra\u017ani\u0119 [&hellip;]<\/p>\n","protected":false},"featured_media":10992,"comment_status":"open","ping_status":"closed","template":"","meta":[],"product_brand":[],"product_cat":[76,123,121,84,127],"product_tag":[],"class_list":{"0":"post-10993","1":"product","2":"type-product","3":"status-publish","4":"has-post-thumbnail","6":"product_cat-dziecko","7":"product_cat-lozeczka","8":"product_cat-meble","9":"product_cat-pokoj-dziecka","10":"product_cat-posciele","12":"first","13":"instock","14":"taxable","15":"shipping-taxable","16":"purchasable","17":"product-type-simple"},"_links":{"self":[{"href":"https:\/\/www.bobooaza.pl\/index.php\/wp-json\/wp\/v2\/product\/10993","targetHints":{"allow":["GET"]}}],"collection":[{"href":"https:\/\/www.bobooaza.pl\/index.php\/wp-json\/wp\/v2\/product"}],"about":[{"href":"https:\/\/www.bobooaza.pl\/index.php\/wp-json\/wp\/v2\/types\/product"}],"replies":[{"embeddable":true,"href":"https:\/\/www.bobooaza.pl\/index.php\/wp-json\/wp\/v2\/comments?post=10993"}],"wp:featuredmedia":[{"embeddable":true,"href":"https:\/\/www.bobooaza.pl\/index.php\/wp-json\/wp\/v2\/media\/10992"}],"wp:attachment":[{"href":"https:\/\/www.bobooaza.pl\/index.php\/wp-json\/wp\/v2\/media?parent=10993"}],"wp:term":[{"taxonomy":"product_brand","embeddable":true,"href":"https:\/\/www.bobooaza.pl\/index.php\/wp-json\/wp\/v2\/product_brand?post=10993"},{"taxonomy":"product_cat","embeddable":true,"href":"https:\/\/www.bobooaza.pl\/index.php\/wp-json\/wp\/v2\/product_cat?post=10993"},{"taxonomy":"product_tag","embeddable":true,"href":"https:\/\/www.bobooaza.pl\/index.php\/wp-json\/wp\/v2\/product_tag?post=10993"}],"curies":[{"name":"wp","href":"https:\/\/api.w.org\/{rel}","templated":true}]}}