{"id":10997,"date":"2026-01-06T20:53:37","date_gmt":"2026-01-06T19:53:37","guid":{"rendered":"https:\/\/bobooaza.pl\/index.php\/produkt\/inter-widex-posciel-wypelniona-classic-100x135\/"},"modified":"2026-01-19T21:54:12","modified_gmt":"2026-01-19T20:54:12","slug":"inter-widex-posciel-wypelniona-classic-100x135","status":"publish","type":"product","link":"https:\/\/www.bobooaza.pl\/index.php\/produkt\/inter-widex-posciel-wypelniona-classic-100x135\/","title":{"rendered":"INTER-WIDEX Po\u015bciel wype\u0142niona CLASSIC 100X135"},"content":{"rendered":"<p>INTER-WIDEX Po\u015bciel wype\u0142niona Classic 100&#215;135<\/p>\n<p>Komplet dzieci\u0119cy Senna Baby Classic sk\u0142ada si\u0119 z ko\u0142derki 100\u00d7135 cm i poduszki 40\u00d760 cm. Ko\u0142derka jest ciep\u0142a, lekka i puszysta, a poduszka p\u0142aska i bezpieczna, co zapewnia zdrowy i komfortowy sen dziecka. Produkt jest antyalergiczny i przeznaczony do d\u0142ugotrwa\u0142ego u\u017cytkowania.<\/p>\n<p>Tkanina wykonana jest w 45% z bawe\u0142ny i 55% z poliestru, a wype\u0142nienie to 100% puszyste w\u0142\u00f3kno poliestrowe rurkowe, spiralne i silikonizowane (HCS). Zestaw pakowany jest w praktyczn\u0105 torb\u0119 z otwieran\u0105 r\u0105czk\u0105.<\/p>\n","protected":false},"excerpt":{"rendered":"<p>INTER-WIDEX Po\u015bciel wype\u0142niona Classic 100&#215;135 Komplet dzieci\u0119cy Senna Baby Classic sk\u0142ada si\u0119 z ko\u0142derki 100\u00d7135 cm i poduszki 40\u00d760 cm. Ko\u0142derka jest ciep\u0142a, lekka i puszysta, a poduszka p\u0142aska i bezpieczna, co zapewnia zdrowy i komfortowy sen dziecka. Produkt jest antyalergiczny i przeznaczony do d\u0142ugotrwa\u0142ego u\u017cytkowania. Tkanina wykonana jest w 45% z bawe\u0142ny i 55% [&hellip;]<\/p>\n","protected":false},"featured_media":10994,"comment_status":"open","ping_status":"closed","template":"","meta":[],"product_brand":[],"product_cat":[76,123,121,84,127],"product_tag":[],"class_list":{"0":"post-10997","1":"product","2":"type-product","3":"status-publish","4":"has-post-thumbnail","6":"product_cat-dziecko","7":"product_cat-lozeczka","8":"product_cat-meble","9":"product_cat-pokoj-dziecka","10":"product_cat-posciele","12":"first","13":"instock","14":"taxable","15":"shipping-taxable","16":"purchasable","17":"product-type-simple"},"_links":{"self":[{"href":"https:\/\/www.bobooaza.pl\/index.php\/wp-json\/wp\/v2\/product\/10997","targetHints":{"allow":["GET"]}}],"collection":[{"href":"https:\/\/www.bobooaza.pl\/index.php\/wp-json\/wp\/v2\/product"}],"about":[{"href":"https:\/\/www.bobooaza.pl\/index.php\/wp-json\/wp\/v2\/types\/product"}],"replies":[{"embeddable":true,"href":"https:\/\/www.bobooaza.pl\/index.php\/wp-json\/wp\/v2\/comments?post=10997"}],"wp:featuredmedia":[{"embeddable":true,"href":"https:\/\/www.bobooaza.pl\/index.php\/wp-json\/wp\/v2\/media\/10994"}],"wp:attachment":[{"href":"https:\/\/www.bobooaza.pl\/index.php\/wp-json\/wp\/v2\/media?parent=10997"}],"wp:term":[{"taxonomy":"product_brand","embeddable":true,"href":"https:\/\/www.bobooaza.pl\/index.php\/wp-json\/wp\/v2\/product_brand?post=10997"},{"taxonomy":"product_cat","embeddable":true,"href":"https:\/\/www.bobooaza.pl\/index.php\/wp-json\/wp\/v2\/product_cat?post=10997"},{"taxonomy":"product_tag","embeddable":true,"href":"https:\/\/www.bobooaza.pl\/index.php\/wp-json\/wp\/v2\/product_tag?post=10997"}],"curies":[{"name":"wp","href":"https:\/\/api.w.org\/{rel}","templated":true}]}}