{"id":11004,"date":"2026-01-06T21:05:49","date_gmt":"2026-01-06T20:05:49","guid":{"rendered":"https:\/\/bobooaza.pl\/index.php\/produkt\/matex-poduszka-60x36-aeroklin-tb0249_01\/"},"modified":"2026-01-19T21:54:14","modified_gmt":"2026-01-19T20:54:14","slug":"matex-poduszka-60x36-aeroklin-tb0249_01","status":"publish","type":"product","link":"https:\/\/www.bobooaza.pl\/index.php\/produkt\/matex-poduszka-60x36-aeroklin-tb0249_01\/","title":{"rendered":"MATEX Poduszka 60&#215;36 AEROKLIN [TB0249_01]"},"content":{"rendered":"<p>MATEX Poduszka niemowl\u0119ca AEROKLIN 60&#215;36<\/p>\n<p>Poduszka AEROKLIN to produkt zaprojektowany z my\u015bl\u0105 o bezpiecze\u0144stwie i komforcie niemowl\u0105t, odpowiedni do \u0142\u00f3\u017ceczka, w\u00f3zka czy ko\u0142yski. Pokrowiec wykonany jest z jerseyu z dodatkow\u0105 warstw\u0105 oddychaj\u0105c\u0105, kt\u00f3ra zapewnia prawid\u0142ow\u0105 cyrkulacj\u0119 powietrza i chroni poduszk\u0119 przed zabrudzeniem dzi\u0119ki bezpiecznemu suwakowi. Wype\u0142nienie z pianki poliuretanowej zapewnia prawid\u0142owe u\u0142o\u017cenie g\u0142\u00f3wki dziecka, a system wentylacyjnych otwor\u00f3w umo\u017cliwia swobodny przep\u0142yw powietrza. Specjalny kszta\u0142t poduszki utrzymuje dziecko w bezpiecznej pozycji, zapobiegaj\u0105c zad\u0142awieniu podczas ulewania i u\u0142atwiaj\u0105c oddychanie.<\/p>\n<p>Sk\u0142ad: pokrowiec 100% bawe\u0142na, 100% poliester; wype\u0142nienie: pianka poliuretanowa<br \/>\nRozmiar: 60 x 36 cm, dost\u0119pny tak\u017ce w rozmiarze 40 x 36 cm<\/p>\n","protected":false},"excerpt":{"rendered":"<p>MATEX Poduszka niemowl\u0119ca AEROKLIN 60&#215;36 Poduszka AEROKLIN to produkt zaprojektowany z my\u015bl\u0105 o bezpiecze\u0144stwie i komforcie niemowl\u0105t, odpowiedni do \u0142\u00f3\u017ceczka, w\u00f3zka czy ko\u0142yski. Pokrowiec wykonany jest z jerseyu z dodatkow\u0105 warstw\u0105 oddychaj\u0105c\u0105, kt\u00f3ra zapewnia prawid\u0142ow\u0105 cyrkulacj\u0119 powietrza i chroni poduszk\u0119 przed zabrudzeniem dzi\u0119ki bezpiecznemu suwakowi. Wype\u0142nienie z pianki poliuretanowej zapewnia prawid\u0142owe u\u0142o\u017cenie g\u0142\u00f3wki dziecka, a [&hellip;]<\/p>\n","protected":false},"featured_media":11003,"comment_status":"open","ping_status":"closed","template":"","meta":[],"product_brand":[],"product_cat":[76,123,121,148,84],"product_tag":[],"class_list":{"0":"post-11004","1":"product","2":"type-product","3":"status-publish","4":"has-post-thumbnail","6":"product_cat-dziecko","7":"product_cat-lozeczka","8":"product_cat-meble","9":"product_cat-poduszki","10":"product_cat-pokoj-dziecka","12":"first","13":"instock","14":"taxable","15":"shipping-taxable","16":"purchasable","17":"product-type-simple"},"_links":{"self":[{"href":"https:\/\/www.bobooaza.pl\/index.php\/wp-json\/wp\/v2\/product\/11004","targetHints":{"allow":["GET"]}}],"collection":[{"href":"https:\/\/www.bobooaza.pl\/index.php\/wp-json\/wp\/v2\/product"}],"about":[{"href":"https:\/\/www.bobooaza.pl\/index.php\/wp-json\/wp\/v2\/types\/product"}],"replies":[{"embeddable":true,"href":"https:\/\/www.bobooaza.pl\/index.php\/wp-json\/wp\/v2\/comments?post=11004"}],"wp:featuredmedia":[{"embeddable":true,"href":"https:\/\/www.bobooaza.pl\/index.php\/wp-json\/wp\/v2\/media\/11003"}],"wp:attachment":[{"href":"https:\/\/www.bobooaza.pl\/index.php\/wp-json\/wp\/v2\/media?parent=11004"}],"wp:term":[{"taxonomy":"product_brand","embeddable":true,"href":"https:\/\/www.bobooaza.pl\/index.php\/wp-json\/wp\/v2\/product_brand?post=11004"},{"taxonomy":"product_cat","embeddable":true,"href":"https:\/\/www.bobooaza.pl\/index.php\/wp-json\/wp\/v2\/product_cat?post=11004"},{"taxonomy":"product_tag","embeddable":true,"href":"https:\/\/www.bobooaza.pl\/index.php\/wp-json\/wp\/v2\/product_tag?post=11004"}],"curies":[{"name":"wp","href":"https:\/\/api.w.org\/{rel}","templated":true}]}}