{"id":11009,"date":"2026-01-06T21:05:52","date_gmt":"2026-01-06T20:05:52","guid":{"rendered":"https:\/\/bobooaza.pl\/index.php\/produkt\/matex-poduszka-termoplastyczna-50x26-memo-tb0235\/"},"modified":"2026-01-06T21:16:37","modified_gmt":"2026-01-06T20:16:37","slug":"matex-poduszka-termoplastyczna-50x26-memo-tb0235","status":"publish","type":"product","link":"https:\/\/www.bobooaza.pl\/index.php\/produkt\/matex-poduszka-termoplastyczna-50x26-memo-tb0235\/","title":{"rendered":"MATEX Poduszka termoplastyczna 50&#215;26 MEMO [TB0235]"},"content":{"rendered":"<p>MATEX Poduszka termoplastyczna 50&#215;26 MEMO<\/p>\n<p>Poduszka termoplastyczna MEMO zosta\u0142a stworzona z my\u015bl\u0105 o delikatnej g\u0142\u00f3wce niemowl\u0119cia. Wykonana z pianki z pami\u0119ci\u0105 kszta\u0142tu (memory foam), kt\u00f3ra pod wp\u0142ywem nacisku i ciep\u0142a cia\u0142a dopasowuje si\u0119 do kszta\u0142tu g\u0142\u00f3wki dziecka, a po zmianie pozycji przez kilka sekund zachowuje profil odci\u015bni\u0119tej formy. Zapewnia mi\u0119kko\u015b\u0107 podczas snu, zmniejsza ryzyko odgniece\u0144 i deformacji czaszki. Poszewka z antyalergicznej dzianiny \u017cakardowej zapewnia prawid\u0142ow\u0105 cyrkulacj\u0119 powietrza i jest zapinana na bezpieczny zamek.<\/p>\n<p>Sk\u0142ad: poszewka 33% bawe\u0142na, 33% poliester, 32% poliamid; wk\u0142ad: pianka termoplastyczna MEMORY FOAM<br \/>\nRozmiar: 48 x 26 cm<\/p>\n","protected":false},"excerpt":{"rendered":"<p>MATEX Poduszka termoplastyczna 50&#215;26 MEMO Poduszka termoplastyczna MEMO zosta\u0142a stworzona z my\u015bl\u0105 o delikatnej g\u0142\u00f3wce niemowl\u0119cia. Wykonana z pianki z pami\u0119ci\u0105 kszta\u0142tu (memory foam), kt\u00f3ra pod wp\u0142ywem nacisku i ciep\u0142a cia\u0142a dopasowuje si\u0119 do kszta\u0142tu g\u0142\u00f3wki dziecka, a po zmianie pozycji przez kilka sekund zachowuje profil odci\u015bni\u0119tej formy. Zapewnia mi\u0119kko\u015b\u0107 podczas snu, zmniejsza ryzyko odgniece\u0144 [&hellip;]<\/p>\n","protected":false},"featured_media":11007,"comment_status":"open","ping_status":"closed","template":"","meta":[],"product_brand":[],"product_cat":[76,123,121,148,84],"product_tag":[],"class_list":{"0":"post-11009","1":"product","2":"type-product","3":"status-publish","4":"has-post-thumbnail","6":"product_cat-dziecko","7":"product_cat-lozeczka","8":"product_cat-meble","9":"product_cat-poduszki","10":"product_cat-pokoj-dziecka","12":"first","13":"instock","14":"taxable","15":"shipping-taxable","16":"purchasable","17":"product-type-simple"},"_links":{"self":[{"href":"https:\/\/www.bobooaza.pl\/index.php\/wp-json\/wp\/v2\/product\/11009","targetHints":{"allow":["GET"]}}],"collection":[{"href":"https:\/\/www.bobooaza.pl\/index.php\/wp-json\/wp\/v2\/product"}],"about":[{"href":"https:\/\/www.bobooaza.pl\/index.php\/wp-json\/wp\/v2\/types\/product"}],"replies":[{"embeddable":true,"href":"https:\/\/www.bobooaza.pl\/index.php\/wp-json\/wp\/v2\/comments?post=11009"}],"wp:featuredmedia":[{"embeddable":true,"href":"https:\/\/www.bobooaza.pl\/index.php\/wp-json\/wp\/v2\/media\/11007"}],"wp:attachment":[{"href":"https:\/\/www.bobooaza.pl\/index.php\/wp-json\/wp\/v2\/media?parent=11009"}],"wp:term":[{"taxonomy":"product_brand","embeddable":true,"href":"https:\/\/www.bobooaza.pl\/index.php\/wp-json\/wp\/v2\/product_brand?post=11009"},{"taxonomy":"product_cat","embeddable":true,"href":"https:\/\/www.bobooaza.pl\/index.php\/wp-json\/wp\/v2\/product_cat?post=11009"},{"taxonomy":"product_tag","embeddable":true,"href":"https:\/\/www.bobooaza.pl\/index.php\/wp-json\/wp\/v2\/product_tag?post=11009"}],"curies":[{"name":"wp","href":"https:\/\/api.w.org\/{rel}","templated":true}]}}