{"id":11012,"date":"2026-01-06T21:05:53","date_gmt":"2026-01-06T20:05:53","guid":{"rendered":"https:\/\/bobooaza.pl\/index.php\/produkt\/akuku-a0647-poduszka-ortopedyczna-dla-niemowlat\/"},"modified":"2026-01-06T21:16:38","modified_gmt":"2026-01-06T20:16:38","slug":"akuku-a0647-poduszka-ortopedyczna-dla-niemowlat","status":"publish","type":"product","link":"https:\/\/www.bobooaza.pl\/index.php\/produkt\/akuku-a0647-poduszka-ortopedyczna-dla-niemowlat\/","title":{"rendered":"AKUKU A0647 Poduszka ortopedyczna dla niemowl\u0105t"},"content":{"rendered":"<p>AKUKU A0647 Poduszka ortopedyczna dla niemowl\u0105t<\/p>\n<p>Ortopedyczna poduszka zaprojektowana specjalnie dla niemowl\u0105t, kt\u00f3ra chroni naturalny kszta\u0142t g\u0142owy dziecka i zapobiega sp\u0142aszczaniu si\u0119 czaszki, a tak\u017ce wspomaga korekcj\u0119 istniej\u0105cych zniekszta\u0142ce\u0144. Wyprofilowany kszta\u0142t i mi\u0119kkie, przewiewne materia\u0142y zapewniaj\u0105 wygod\u0119 w \u0142\u00f3\u017cku, w\u00f3zku czy podczas odpoczynku w innych miejscach.<\/p>\n<p>Poduszka jest wykonana z antyalergicznej dzianiny, kt\u00f3ra przepuszcza powietrze i reguluje wilgotno\u015b\u0107. Mo\u017cna j\u0105 pra\u0107 w pralce w temperaturze do 60\u00b0C. Produkt jest przeznaczony wy\u0142\u0105cznie do u\u017cytku niemowl\u0105t i nie jest zabawk\u0105.<\/p>\n<p>Rozmiar: uniwersalny<br \/>\nIlo\u015b\u0107 w opakowaniu: 1 sztuka<\/p>\n","protected":false},"excerpt":{"rendered":"<p>AKUKU A0647 Poduszka ortopedyczna dla niemowl\u0105t Ortopedyczna poduszka zaprojektowana specjalnie dla niemowl\u0105t, kt\u00f3ra chroni naturalny kszta\u0142t g\u0142owy dziecka i zapobiega sp\u0142aszczaniu si\u0119 czaszki, a tak\u017ce wspomaga korekcj\u0119 istniej\u0105cych zniekszta\u0142ce\u0144. Wyprofilowany kszta\u0142t i mi\u0119kkie, przewiewne materia\u0142y zapewniaj\u0105 wygod\u0119 w \u0142\u00f3\u017cku, w\u00f3zku czy podczas odpoczynku w innych miejscach. Poduszka jest wykonana z antyalergicznej dzianiny, kt\u00f3ra przepuszcza powietrze [&hellip;]<\/p>\n","protected":false},"featured_media":11010,"comment_status":"open","ping_status":"closed","template":"","meta":[],"product_brand":[],"product_cat":[76,123,121,148,84],"product_tag":[],"class_list":{"0":"post-11012","1":"product","2":"type-product","3":"status-publish","4":"has-post-thumbnail","6":"product_cat-dziecko","7":"product_cat-lozeczka","8":"product_cat-meble","9":"product_cat-poduszki","10":"product_cat-pokoj-dziecka","12":"first","13":"instock","14":"taxable","15":"shipping-taxable","16":"purchasable","17":"product-type-simple"},"_links":{"self":[{"href":"https:\/\/www.bobooaza.pl\/index.php\/wp-json\/wp\/v2\/product\/11012","targetHints":{"allow":["GET"]}}],"collection":[{"href":"https:\/\/www.bobooaza.pl\/index.php\/wp-json\/wp\/v2\/product"}],"about":[{"href":"https:\/\/www.bobooaza.pl\/index.php\/wp-json\/wp\/v2\/types\/product"}],"replies":[{"embeddable":true,"href":"https:\/\/www.bobooaza.pl\/index.php\/wp-json\/wp\/v2\/comments?post=11012"}],"wp:featuredmedia":[{"embeddable":true,"href":"https:\/\/www.bobooaza.pl\/index.php\/wp-json\/wp\/v2\/media\/11010"}],"wp:attachment":[{"href":"https:\/\/www.bobooaza.pl\/index.php\/wp-json\/wp\/v2\/media?parent=11012"}],"wp:term":[{"taxonomy":"product_brand","embeddable":true,"href":"https:\/\/www.bobooaza.pl\/index.php\/wp-json\/wp\/v2\/product_brand?post=11012"},{"taxonomy":"product_cat","embeddable":true,"href":"https:\/\/www.bobooaza.pl\/index.php\/wp-json\/wp\/v2\/product_cat?post=11012"},{"taxonomy":"product_tag","embeddable":true,"href":"https:\/\/www.bobooaza.pl\/index.php\/wp-json\/wp\/v2\/product_tag?post=11012"}],"curies":[{"name":"wp","href":"https:\/\/api.w.org\/{rel}","templated":true}]}}