{"id":11018,"date":"2026-01-06T21:05:58","date_gmt":"2026-01-06T20:05:58","guid":{"rendered":"https:\/\/bobooaza.pl\/index.php\/produkt\/hencz-122-poduszka-aktywizujaca-leniwiec\/"},"modified":"2026-01-06T21:16:38","modified_gmt":"2026-01-06T20:16:38","slug":"hencz-122-poduszka-aktywizujaca-leniwiec","status":"publish","type":"product","link":"https:\/\/www.bobooaza.pl\/index.php\/produkt\/hencz-122-poduszka-aktywizujaca-leniwiec\/","title":{"rendered":"HENCZ 122 Poduszka aktywizuj\u0105ca Leniwiec"},"content":{"rendered":"<p>HENCZ 122 Poduszka aktywizuj\u0105ca Leniwiec<\/p>\n<p>Poduszka sensoryczna dla niemowl\u0105t od pierwszych dni \u017cycia, wykonana z mi\u0119kkiej dzianiny i wype\u0142niona naturaln\u0105 \u0142usk\u0105 gryki, kt\u00f3ra delikatnie dopasowuje si\u0119 do cia\u0142a dziecka. Poduszka wspiera le\u017cenie na brzuszku, rozw\u00f3j mi\u0119\u015bni szyi, ramion i plec\u00f3w oraz stymuluje zmys\u0142y wzroku, dotyku i s\u0142uchu.<\/p>\n<p>Wyposa\u017cona w kontrastowe elementy wspieraj\u0105ce rozw\u00f3j wzroku, bezpieczne lusterko do pierwszych odkry\u0107 oraz wibruj\u0105cy mechanizm pobudzaj\u0105cy zmys\u0142y. Produkt ekologiczny, antyalergiczny, zgodny z norm\u0105 EN-71 i posiadaj\u0105cy certyfikat OEKO-TEX.<\/p>\n<p>Rozmiar: 24&#215;40 cm<br \/>\nDla dzieci 0+<br \/>\nSurowiec: minky<br \/>\nKraj pochodzenia: Polska<br \/>\nEfekty: wibruje, szele\u015bci, posiada lusterko, naturalne wype\u0142nienie<\/p>\n","protected":false},"excerpt":{"rendered":"<p>HENCZ 122 Poduszka aktywizuj\u0105ca Leniwiec Poduszka sensoryczna dla niemowl\u0105t od pierwszych dni \u017cycia, wykonana z mi\u0119kkiej dzianiny i wype\u0142niona naturaln\u0105 \u0142usk\u0105 gryki, kt\u00f3ra delikatnie dopasowuje si\u0119 do cia\u0142a dziecka. Poduszka wspiera le\u017cenie na brzuszku, rozw\u00f3j mi\u0119\u015bni szyi, ramion i plec\u00f3w oraz stymuluje zmys\u0142y wzroku, dotyku i s\u0142uchu. Wyposa\u017cona w kontrastowe elementy wspieraj\u0105ce rozw\u00f3j wzroku, bezpieczne [&hellip;]<\/p>\n","protected":false},"featured_media":11013,"comment_status":"open","ping_status":"closed","template":"","meta":[],"product_brand":[],"product_cat":[76,123,121,148,84],"product_tag":[],"class_list":{"0":"post-11018","1":"product","2":"type-product","3":"status-publish","4":"has-post-thumbnail","6":"product_cat-dziecko","7":"product_cat-lozeczka","8":"product_cat-meble","9":"product_cat-poduszki","10":"product_cat-pokoj-dziecka","12":"first","13":"instock","14":"taxable","15":"shipping-taxable","16":"purchasable","17":"product-type-simple"},"_links":{"self":[{"href":"https:\/\/www.bobooaza.pl\/index.php\/wp-json\/wp\/v2\/product\/11018","targetHints":{"allow":["GET"]}}],"collection":[{"href":"https:\/\/www.bobooaza.pl\/index.php\/wp-json\/wp\/v2\/product"}],"about":[{"href":"https:\/\/www.bobooaza.pl\/index.php\/wp-json\/wp\/v2\/types\/product"}],"replies":[{"embeddable":true,"href":"https:\/\/www.bobooaza.pl\/index.php\/wp-json\/wp\/v2\/comments?post=11018"}],"wp:featuredmedia":[{"embeddable":true,"href":"https:\/\/www.bobooaza.pl\/index.php\/wp-json\/wp\/v2\/media\/11013"}],"wp:attachment":[{"href":"https:\/\/www.bobooaza.pl\/index.php\/wp-json\/wp\/v2\/media?parent=11018"}],"wp:term":[{"taxonomy":"product_brand","embeddable":true,"href":"https:\/\/www.bobooaza.pl\/index.php\/wp-json\/wp\/v2\/product_brand?post=11018"},{"taxonomy":"product_cat","embeddable":true,"href":"https:\/\/www.bobooaza.pl\/index.php\/wp-json\/wp\/v2\/product_cat?post=11018"},{"taxonomy":"product_tag","embeddable":true,"href":"https:\/\/www.bobooaza.pl\/index.php\/wp-json\/wp\/v2\/product_tag?post=11018"}],"curies":[{"name":"wp","href":"https:\/\/api.w.org\/{rel}","templated":true}]}}