{"id":11031,"date":"2026-01-06T21:06:10","date_gmt":"2026-01-06T20:06:10","guid":{"rendered":"https:\/\/bobooaza.pl\/index.php\/produkt\/matex-poduszka-pozycjonujaca-relax-z-dzianiny-bawelnianej-dl-190-cm-tb0101_r46-ptaszki\/"},"modified":"2026-01-06T21:16:41","modified_gmt":"2026-01-06T20:16:41","slug":"matex-poduszka-pozycjonujaca-relax-z-dzianiny-bawelnianej-dl-190-cm-tb0101_r46-ptaszki","status":"publish","type":"product","link":"https:\/\/www.bobooaza.pl\/index.php\/produkt\/matex-poduszka-pozycjonujaca-relax-z-dzianiny-bawelnianej-dl-190-cm-tb0101_r46-ptaszki\/","title":{"rendered":"MATEX Poduszka pozycjonuj\u0105ca RELAX z dzianiny bawe\u0142nianej d\u0142.190 cm [TB0101_R46] ptaszki"},"content":{"rendered":"<p>MATEX Poduszka pozycjonuj\u0105ca RELAX z dzianiny bawe\u0142nianej d\u0142.190 cm [TB0101_R46] ptaszki<\/p>\n<p>Poduszka RELAX z tkaniny bawe\u0142nianej przeznaczona jest dla mamy i dziecka, idealnie sprawdza si\u0119 w czasie ci\u0105\u017cy, karmienia oraz wypoczynku. Wype\u0142nienie antyalergicznym mikrogranulatem pere\u0142kowym stabilizuje cia\u0142o dziecka i zapewnia wygodne u\u0142o\u017cenie matki. W czasie ci\u0105\u017cy poduszka pozwala na komfortowe u\u0142o\u017cenie boczne, odci\u0105\u017caj\u0105c kr\u0119gos\u0142up i zabezpieczaj\u0105c przed przewr\u00f3ceniem si\u0119 na plecy.<\/p>\n<p>Podczas karmienia poduszka RELAX odci\u0105\u017ca r\u0119ce, ramiona, szyj\u0119 i plecy, a stabilne wype\u0142nienie utrzymuje wygodn\u0105 pozycj\u0119 matki i dziecka zar\u00f3wno w pozycji siedz\u0105cej, jak i le\u017c\u0105cej. Mo\u017ce te\u017c s\u0142u\u017cy\u0107 jako podpora plec\u00f3w lub \u201egniazdko\u201d dla niemowl\u0119cia, a tak\u017ce pomoc przy nauce samodzielnego siedzenia.<\/p>\n<p>Poduszka jest przydatna r\u00f3wnie\u017c podczas odpoczynku \u2013 jako podparcie plec\u00f3w, n\u00f3g lub podpora w czasie le\u017cenia.<\/p>\n<p>Sk\u0142ad: poszewka 100% bawe\u0142na, wsyp jersey 100% bawe\u0142na, wype\u0142nienie: antyalergiczny mikrogranulat pere\u0142kowy.<br \/>\nRozmiar: d\u0142ugo\u015b\u0107 190 cm.<\/p>\n","protected":false},"excerpt":{"rendered":"<p>MATEX Poduszka pozycjonuj\u0105ca RELAX z dzianiny bawe\u0142nianej d\u0142.190 cm [TB0101_R46] ptaszki Poduszka RELAX z tkaniny bawe\u0142nianej przeznaczona jest dla mamy i dziecka, idealnie sprawdza si\u0119 w czasie ci\u0105\u017cy, karmienia oraz wypoczynku. Wype\u0142nienie antyalergicznym mikrogranulatem pere\u0142kowym stabilizuje cia\u0142o dziecka i zapewnia wygodne u\u0142o\u017cenie matki. W czasie ci\u0105\u017cy poduszka pozwala na komfortowe u\u0142o\u017cenie boczne, odci\u0105\u017caj\u0105c kr\u0119gos\u0142up i [&hellip;]<\/p>\n","protected":false},"featured_media":11030,"comment_status":"open","ping_status":"closed","template":"","meta":[],"product_brand":[],"product_cat":[76,123,121,148,84],"product_tag":[],"class_list":{"0":"post-11031","1":"product","2":"type-product","3":"status-publish","4":"has-post-thumbnail","6":"product_cat-dziecko","7":"product_cat-lozeczka","8":"product_cat-meble","9":"product_cat-poduszki","10":"product_cat-pokoj-dziecka","12":"first","13":"instock","14":"taxable","15":"shipping-taxable","16":"purchasable","17":"product-type-simple"},"_links":{"self":[{"href":"https:\/\/www.bobooaza.pl\/index.php\/wp-json\/wp\/v2\/product\/11031","targetHints":{"allow":["GET"]}}],"collection":[{"href":"https:\/\/www.bobooaza.pl\/index.php\/wp-json\/wp\/v2\/product"}],"about":[{"href":"https:\/\/www.bobooaza.pl\/index.php\/wp-json\/wp\/v2\/types\/product"}],"replies":[{"embeddable":true,"href":"https:\/\/www.bobooaza.pl\/index.php\/wp-json\/wp\/v2\/comments?post=11031"}],"wp:featuredmedia":[{"embeddable":true,"href":"https:\/\/www.bobooaza.pl\/index.php\/wp-json\/wp\/v2\/media\/11030"}],"wp:attachment":[{"href":"https:\/\/www.bobooaza.pl\/index.php\/wp-json\/wp\/v2\/media?parent=11031"}],"wp:term":[{"taxonomy":"product_brand","embeddable":true,"href":"https:\/\/www.bobooaza.pl\/index.php\/wp-json\/wp\/v2\/product_brand?post=11031"},{"taxonomy":"product_cat","embeddable":true,"href":"https:\/\/www.bobooaza.pl\/index.php\/wp-json\/wp\/v2\/product_cat?post=11031"},{"taxonomy":"product_tag","embeddable":true,"href":"https:\/\/www.bobooaza.pl\/index.php\/wp-json\/wp\/v2\/product_tag?post=11031"}],"curies":[{"name":"wp","href":"https:\/\/api.w.org\/{rel}","templated":true}]}}