{"id":11033,"date":"2026-01-06T21:06:12","date_gmt":"2026-01-06T20:06:12","guid":{"rendered":"https:\/\/bobooaza.pl\/index.php\/produkt\/matex-poduszka-pozycjonujaca-moon-muslin-260-cm-tb0076_0912-rozowy\/"},"modified":"2026-01-06T21:16:42","modified_gmt":"2026-01-06T20:16:42","slug":"matex-poduszka-pozycjonujaca-moon-muslin-260-cm-tb0076_0912-rozowy","status":"publish","type":"product","link":"https:\/\/www.bobooaza.pl\/index.php\/produkt\/matex-poduszka-pozycjonujaca-moon-muslin-260-cm-tb0076_0912-rozowy\/","title":{"rendered":"MATEX Poduszka pozycjonuj\u0105ca MOON MUSLIN 260 cm [TB0076_09,12] r\u00f3\u017cowy"},"content":{"rendered":"<p>MATEX Poduszka pozycjonuj\u0105ca MOON MUSLIN 260 cm [TB0076_09,12] r\u00f3\u017cowy<\/p>\n<p>Poduszka MOON MUSLIN przeznaczona jest dla mamy i dziecka. Poszewka wykonana z mi\u0119kkiej i przewiewnej musliny, a wype\u0142nienie z w\u0142\u00f3kniny silikonowej zapewnia komfortowe wsparcie i stabilne u\u0142o\u017cenie cia\u0142a. Poduszka sprawdza si\u0119 w czasie ci\u0105\u017cy, karmienia oraz wypoczynku, u\u0142atwiaj\u0105c odpowiednie podparcie plec\u00f3w, brzucha i n\u00f3g.<\/p>\n<p>D\u0142ugo\u015b\u0107: 260 cm.<\/p>\n","protected":false},"excerpt":{"rendered":"<p>MATEX Poduszka pozycjonuj\u0105ca MOON MUSLIN 260 cm [TB0076_09,12] r\u00f3\u017cowy Poduszka MOON MUSLIN przeznaczona jest dla mamy i dziecka. Poszewka wykonana z mi\u0119kkiej i przewiewnej musliny, a wype\u0142nienie z w\u0142\u00f3kniny silikonowej zapewnia komfortowe wsparcie i stabilne u\u0142o\u017cenie cia\u0142a. Poduszka sprawdza si\u0119 w czasie ci\u0105\u017cy, karmienia oraz wypoczynku, u\u0142atwiaj\u0105c odpowiednie podparcie plec\u00f3w, brzucha i n\u00f3g. D\u0142ugo\u015b\u0107: 260 [&hellip;]<\/p>\n","protected":false},"featured_media":11032,"comment_status":"open","ping_status":"closed","template":"","meta":[],"product_brand":[],"product_cat":[76,123,121,148,84],"product_tag":[],"class_list":{"0":"post-11033","1":"product","2":"type-product","3":"status-publish","4":"has-post-thumbnail","6":"product_cat-dziecko","7":"product_cat-lozeczka","8":"product_cat-meble","9":"product_cat-poduszki","10":"product_cat-pokoj-dziecka","12":"first","13":"instock","14":"taxable","15":"shipping-taxable","16":"purchasable","17":"product-type-simple"},"_links":{"self":[{"href":"https:\/\/www.bobooaza.pl\/index.php\/wp-json\/wp\/v2\/product\/11033","targetHints":{"allow":["GET"]}}],"collection":[{"href":"https:\/\/www.bobooaza.pl\/index.php\/wp-json\/wp\/v2\/product"}],"about":[{"href":"https:\/\/www.bobooaza.pl\/index.php\/wp-json\/wp\/v2\/types\/product"}],"replies":[{"embeddable":true,"href":"https:\/\/www.bobooaza.pl\/index.php\/wp-json\/wp\/v2\/comments?post=11033"}],"wp:featuredmedia":[{"embeddable":true,"href":"https:\/\/www.bobooaza.pl\/index.php\/wp-json\/wp\/v2\/media\/11032"}],"wp:attachment":[{"href":"https:\/\/www.bobooaza.pl\/index.php\/wp-json\/wp\/v2\/media?parent=11033"}],"wp:term":[{"taxonomy":"product_brand","embeddable":true,"href":"https:\/\/www.bobooaza.pl\/index.php\/wp-json\/wp\/v2\/product_brand?post=11033"},{"taxonomy":"product_cat","embeddable":true,"href":"https:\/\/www.bobooaza.pl\/index.php\/wp-json\/wp\/v2\/product_cat?post=11033"},{"taxonomy":"product_tag","embeddable":true,"href":"https:\/\/www.bobooaza.pl\/index.php\/wp-json\/wp\/v2\/product_tag?post=11033"}],"curies":[{"name":"wp","href":"https:\/\/api.w.org\/{rel}","templated":true}]}}