{"id":11042,"date":"2026-01-06T21:06:19","date_gmt":"2026-01-06T20:06:19","guid":{"rendered":"https:\/\/bobooaza.pl\/index.php\/produkt\/chicco-00009829200000-gniazdko-z-poduszka-niebieskie\/"},"modified":"2026-01-06T21:16:42","modified_gmt":"2026-01-06T20:16:42","slug":"chicco-00009829200000-gniazdko-z-poduszka-niebieskie","status":"publish","type":"product","link":"https:\/\/www.bobooaza.pl\/index.php\/produkt\/chicco-00009829200000-gniazdko-z-poduszka-niebieskie\/","title":{"rendered":"CHICCO 00009829200000 Gniazdko z poduszk\u0105 niebieskie"},"content":{"rendered":"<p>CHICCO 00009829200000 Gniazdko z poduszk\u0105 niebieskie<\/p>\n<p>Gniazdko z poduszk\u0105 z serii First Dreams zapewnia dziecku przytuln\u0105 i bezpieczn\u0105 przestrze\u0144 do odpoczynku i zabawy. Modu\u0142owa konstrukcja pozwala na ustawienie w trzech pozycjach: do le\u017cenia na plecach, do podparcia podczas le\u017cenia na brzuszku oraz do podparcia podczas siedzenia. Poduszka jest regulowana, co umo\u017cliwia dopasowanie wn\u0119trza do wielko\u015bci dziecka.<\/p>\n<p>Produkt wyposa\u017cony jest w panel z funkcj\u0105 uruchamiania 30-minutowej muzyki klasycznej z efektami \u015bwietlnymi, kt\u00f3re tworz\u0105 uspokajaj\u0105c\u0105 atmosfer\u0119. Materia\u0142y gniazdka i poduszki mo\u017cna pra\u0107 w pralce, co zapewnia \u0142atw\u0105 higien\u0119.<\/p>\n","protected":false},"excerpt":{"rendered":"<p>CHICCO 00009829200000 Gniazdko z poduszk\u0105 niebieskie Gniazdko z poduszk\u0105 z serii First Dreams zapewnia dziecku przytuln\u0105 i bezpieczn\u0105 przestrze\u0144 do odpoczynku i zabawy. Modu\u0142owa konstrukcja pozwala na ustawienie w trzech pozycjach: do le\u017cenia na plecach, do podparcia podczas le\u017cenia na brzuszku oraz do podparcia podczas siedzenia. Poduszka jest regulowana, co umo\u017cliwia dopasowanie wn\u0119trza do wielko\u015bci [&hellip;]<\/p>\n","protected":false},"featured_media":11034,"comment_status":"open","ping_status":"closed","template":"","meta":[],"product_brand":[],"product_cat":[76,123,121,148,84],"product_tag":[],"class_list":{"0":"post-11042","1":"product","2":"type-product","3":"status-publish","4":"has-post-thumbnail","6":"product_cat-dziecko","7":"product_cat-lozeczka","8":"product_cat-meble","9":"product_cat-poduszki","10":"product_cat-pokoj-dziecka","12":"first","13":"instock","14":"taxable","15":"shipping-taxable","16":"purchasable","17":"product-type-simple"},"_links":{"self":[{"href":"https:\/\/www.bobooaza.pl\/index.php\/wp-json\/wp\/v2\/product\/11042","targetHints":{"allow":["GET"]}}],"collection":[{"href":"https:\/\/www.bobooaza.pl\/index.php\/wp-json\/wp\/v2\/product"}],"about":[{"href":"https:\/\/www.bobooaza.pl\/index.php\/wp-json\/wp\/v2\/types\/product"}],"replies":[{"embeddable":true,"href":"https:\/\/www.bobooaza.pl\/index.php\/wp-json\/wp\/v2\/comments?post=11042"}],"wp:featuredmedia":[{"embeddable":true,"href":"https:\/\/www.bobooaza.pl\/index.php\/wp-json\/wp\/v2\/media\/11034"}],"wp:attachment":[{"href":"https:\/\/www.bobooaza.pl\/index.php\/wp-json\/wp\/v2\/media?parent=11042"}],"wp:term":[{"taxonomy":"product_brand","embeddable":true,"href":"https:\/\/www.bobooaza.pl\/index.php\/wp-json\/wp\/v2\/product_brand?post=11042"},{"taxonomy":"product_cat","embeddable":true,"href":"https:\/\/www.bobooaza.pl\/index.php\/wp-json\/wp\/v2\/product_cat?post=11042"},{"taxonomy":"product_tag","embeddable":true,"href":"https:\/\/www.bobooaza.pl\/index.php\/wp-json\/wp\/v2\/product_tag?post=11042"}],"curies":[{"name":"wp","href":"https:\/\/api.w.org\/{rel}","templated":true}]}}