{"id":11044,"date":"2026-01-06T21:06:20","date_gmt":"2026-01-06T20:06:20","guid":{"rendered":"https:\/\/bobooaza.pl\/index.php\/produkt\/amy-81970-poduszka-m-akuku-turkus-40x30-minky-turkus\/"},"modified":"2026-01-19T20:20:14","modified_gmt":"2026-01-19T19:20:14","slug":"amy-81970-poduszka-m-akuku-turkus-40x30-minky-turkus","status":"publish","type":"product","link":"https:\/\/www.bobooaza.pl\/index.php\/produkt\/amy-81970-poduszka-m-akuku-turkus-40x30-minky-turkus\/","title":{"rendered":"AMY 81970 Poduszka M.AKUKU turkus 40&#215;30 Minky turkus"},"content":{"rendered":"<p>AMY 81970 Poduszka M.AKUKU turkus 40&#215;30<\/p>\n<p>Poduszka o wymiarach 40&#215;30 cm, wype\u0142niona antyalergicznym poliestrem BabySoft\u00ae. Poszewka wykonana z wysokiej jako\u015bci bawe\u0142ny oraz mi\u0119kkiego materia\u0142u Minky Bubble Velboa z poliestru, zapewniaj\u0105cego przyjemn\u0105 w dotyku powierzchni\u0119. Poduszka jest wygodna, bezpieczna dla dziecka i odpowiednia dla alergik\u00f3w.<\/p>\n","protected":false},"excerpt":{"rendered":"<p>AMY 81970 Poduszka M.AKUKU turkus 40&#215;30 Poduszka o wymiarach 40&#215;30 cm, wype\u0142niona antyalergicznym poliestrem BabySoft\u00ae. Poszewka wykonana z wysokiej jako\u015bci bawe\u0142ny oraz mi\u0119kkiego materia\u0142u Minky Bubble Velboa z poliestru, zapewniaj\u0105cego przyjemn\u0105 w dotyku powierzchni\u0119. Poduszka jest wygodna, bezpieczna dla dziecka i odpowiednia dla alergik\u00f3w.<\/p>\n","protected":false},"featured_media":11043,"comment_status":"open","ping_status":"closed","template":"","meta":[],"product_brand":[],"product_cat":[76,123,121,148,84],"product_tag":[],"class_list":{"0":"post-11044","1":"product","2":"type-product","3":"status-publish","4":"has-post-thumbnail","6":"product_cat-dziecko","7":"product_cat-lozeczka","8":"product_cat-meble","9":"product_cat-poduszki","10":"product_cat-pokoj-dziecka","12":"first","13":"instock","14":"taxable","15":"shipping-taxable","16":"purchasable","17":"product-type-simple"},"_links":{"self":[{"href":"https:\/\/www.bobooaza.pl\/index.php\/wp-json\/wp\/v2\/product\/11044","targetHints":{"allow":["GET"]}}],"collection":[{"href":"https:\/\/www.bobooaza.pl\/index.php\/wp-json\/wp\/v2\/product"}],"about":[{"href":"https:\/\/www.bobooaza.pl\/index.php\/wp-json\/wp\/v2\/types\/product"}],"replies":[{"embeddable":true,"href":"https:\/\/www.bobooaza.pl\/index.php\/wp-json\/wp\/v2\/comments?post=11044"}],"wp:featuredmedia":[{"embeddable":true,"href":"https:\/\/www.bobooaza.pl\/index.php\/wp-json\/wp\/v2\/media\/11043"}],"wp:attachment":[{"href":"https:\/\/www.bobooaza.pl\/index.php\/wp-json\/wp\/v2\/media?parent=11044"}],"wp:term":[{"taxonomy":"product_brand","embeddable":true,"href":"https:\/\/www.bobooaza.pl\/index.php\/wp-json\/wp\/v2\/product_brand?post=11044"},{"taxonomy":"product_cat","embeddable":true,"href":"https:\/\/www.bobooaza.pl\/index.php\/wp-json\/wp\/v2\/product_cat?post=11044"},{"taxonomy":"product_tag","embeddable":true,"href":"https:\/\/www.bobooaza.pl\/index.php\/wp-json\/wp\/v2\/product_tag?post=11044"}],"curies":[{"name":"wp","href":"https:\/\/api.w.org\/{rel}","templated":true}]}}