{"id":11053,"date":"2026-01-06T21:19:17","date_gmt":"2026-01-06T20:19:17","guid":{"rendered":"https:\/\/bobooaza.pl\/index.php\/produkt\/danpol-materac-kokos-pianka-kokos-120x60x8-komfort-ii-t18-mp\/"},"modified":"2026-01-19T21:54:15","modified_gmt":"2026-01-19T20:54:15","slug":"danpol-materac-kokos-pianka-kokos-120x60x8-komfort-ii-t18-mp","status":"publish","type":"product","link":"https:\/\/www.bobooaza.pl\/index.php\/produkt\/danpol-materac-kokos-pianka-kokos-120x60x8-komfort-ii-t18-mp\/","title":{"rendered":"DANPOL Materac kokos-pianka-kokos 120x60x8 KOMFORT II T18 MP"},"content":{"rendered":"<p>Materac KOMFORT II o wymiarach 120x60x8 cm to dwustronny materac sk\u0142adaj\u0105cy si\u0119 z dw\u00f3ch p\u0142yt kokosowych z piank\u0105 poliuretanow\u0105 umieszczon\u0105 pomi\u0119dzy nimi. Porowata struktura kokosowych w\u0142\u00f3kien zapewnia swobodn\u0105 cyrkulacj\u0119 powietrza, dzi\u0119ki czemu powierzchnia materaca pozostaje sucha. Po\u0142\u0105czenie w\u0142\u00f3kien kokosa naturalnym lateksem sprawia, \u017ce materac jest odporny na odkszta\u0142cenia powsta\u0142e pod wp\u0142ywem d\u0142ugotrwa\u0142ego nacisku. Pokrowiec wykonany jest z pikowanej bia\u0142ej tkaniny.<\/p>\n","protected":false},"excerpt":{"rendered":"<p>Materac KOMFORT II o wymiarach 120x60x8 cm to dwustronny materac sk\u0142adaj\u0105cy si\u0119 z dw\u00f3ch p\u0142yt kokosowych z piank\u0105 poliuretanow\u0105 umieszczon\u0105 pomi\u0119dzy nimi. Porowata struktura kokosowych w\u0142\u00f3kien zapewnia swobodn\u0105 cyrkulacj\u0119 powietrza, dzi\u0119ki czemu powierzchnia materaca pozostaje sucha. Po\u0142\u0105czenie w\u0142\u00f3kien kokosa naturalnym lateksem sprawia, \u017ce materac jest odporny na odkszta\u0142cenia powsta\u0142e pod wp\u0142ywem d\u0142ugotrwa\u0142ego nacisku. Pokrowiec wykonany [&hellip;]<\/p>\n","protected":false},"featured_media":11051,"comment_status":"open","ping_status":"closed","template":"","meta":[],"product_brand":[],"product_cat":[76,123,126,121,84],"product_tag":[],"class_list":{"0":"post-11053","1":"product","2":"type-product","3":"status-publish","4":"has-post-thumbnail","6":"product_cat-dziecko","7":"product_cat-lozeczka","8":"product_cat-materace","9":"product_cat-meble","10":"product_cat-pokoj-dziecka","12":"first","13":"instock","14":"taxable","15":"shipping-taxable","16":"purchasable","17":"product-type-simple"},"_links":{"self":[{"href":"https:\/\/www.bobooaza.pl\/index.php\/wp-json\/wp\/v2\/product\/11053","targetHints":{"allow":["GET"]}}],"collection":[{"href":"https:\/\/www.bobooaza.pl\/index.php\/wp-json\/wp\/v2\/product"}],"about":[{"href":"https:\/\/www.bobooaza.pl\/index.php\/wp-json\/wp\/v2\/types\/product"}],"replies":[{"embeddable":true,"href":"https:\/\/www.bobooaza.pl\/index.php\/wp-json\/wp\/v2\/comments?post=11053"}],"wp:featuredmedia":[{"embeddable":true,"href":"https:\/\/www.bobooaza.pl\/index.php\/wp-json\/wp\/v2\/media\/11051"}],"wp:attachment":[{"href":"https:\/\/www.bobooaza.pl\/index.php\/wp-json\/wp\/v2\/media?parent=11053"}],"wp:term":[{"taxonomy":"product_brand","embeddable":true,"href":"https:\/\/www.bobooaza.pl\/index.php\/wp-json\/wp\/v2\/product_brand?post=11053"},{"taxonomy":"product_cat","embeddable":true,"href":"https:\/\/www.bobooaza.pl\/index.php\/wp-json\/wp\/v2\/product_cat?post=11053"},{"taxonomy":"product_tag","embeddable":true,"href":"https:\/\/www.bobooaza.pl\/index.php\/wp-json\/wp\/v2\/product_tag?post=11053"}],"curies":[{"name":"wp","href":"https:\/\/api.w.org\/{rel}","templated":true}]}}