{"id":11061,"date":"2026-01-06T21:19:21","date_gmt":"2026-01-06T20:19:21","guid":{"rendered":"https:\/\/bobooaza.pl\/index.php\/produkt\/fiki-miki-materac-lux-prestige-line-120x60x115\/"},"modified":"2026-01-19T21:54:18","modified_gmt":"2026-01-19T20:54:18","slug":"fiki-miki-materac-lux-prestige-line-120x60x115","status":"publish","type":"product","link":"https:\/\/www.bobooaza.pl\/index.php\/produkt\/fiki-miki-materac-lux-prestige-line-120x60x115\/","title":{"rendered":"FIKI MIKI Materac LUX Prestige Line 120x60x11,5"},"content":{"rendered":"<p>Materac Lux PRESTIGE Line o wymiarach 120x60x11,5 cm jest dwustronnym materacem sk\u0142adaj\u0105cym si\u0119 z sze\u015bciu warstw. Posiada tr\u00f3jwarstwowy pokrowiec z tkaniny materacowej z w\u0142\u00f3knin\u0105 poliestrow\u0105 i polipropylenow\u0105, p\u0142ask\u0105 w\u0142\u00f3knin\u0119 polipropylenow\u0105, mat\u0119 kokosow\u0105 \u0142\u0105czon\u0105 mieszank\u0105 lateksow\u0105 \u201eA\u201d, piank\u0119 poliuretanow\u0105, mat\u0119 kokosow\u0105 \u0142\u0105czon\u0105 mieszank\u0105 lateksow\u0105 \u201eB\u201d oraz kolejn\u0105 warstw\u0119 p\u0142askiej w\u0142\u00f3kniny polipropylenowej. Materac \u0142\u0105czy w\u0142a\u015bciwo\u015bci spr\u0119\u017cysto\u015bci pianki poliuretanowej z naturalnym podparciem w\u0142\u00f3kna kokosowego.<\/p>\n","protected":false},"excerpt":{"rendered":"<p>Materac Lux PRESTIGE Line o wymiarach 120x60x11,5 cm jest dwustronnym materacem sk\u0142adaj\u0105cym si\u0119 z sze\u015bciu warstw. Posiada tr\u00f3jwarstwowy pokrowiec z tkaniny materacowej z w\u0142\u00f3knin\u0105 poliestrow\u0105 i polipropylenow\u0105, p\u0142ask\u0105 w\u0142\u00f3knin\u0119 polipropylenow\u0105, mat\u0119 kokosow\u0105 \u0142\u0105czon\u0105 mieszank\u0105 lateksow\u0105 \u201eA\u201d, piank\u0119 poliuretanow\u0105, mat\u0119 kokosow\u0105 \u0142\u0105czon\u0105 mieszank\u0105 lateksow\u0105 \u201eB\u201d oraz kolejn\u0105 warstw\u0119 p\u0142askiej w\u0142\u00f3kniny polipropylenowej. Materac \u0142\u0105czy w\u0142a\u015bciwo\u015bci spr\u0119\u017cysto\u015bci pianki [&hellip;]<\/p>\n","protected":false},"featured_media":11060,"comment_status":"open","ping_status":"closed","template":"","meta":[],"product_brand":[],"product_cat":[76,123,126,121,84],"product_tag":[],"class_list":{"0":"post-11061","1":"product","2":"type-product","3":"status-publish","4":"has-post-thumbnail","6":"product_cat-dziecko","7":"product_cat-lozeczka","8":"product_cat-materace","9":"product_cat-meble","10":"product_cat-pokoj-dziecka","12":"first","13":"instock","14":"taxable","15":"shipping-taxable","16":"purchasable","17":"product-type-simple"},"_links":{"self":[{"href":"https:\/\/www.bobooaza.pl\/index.php\/wp-json\/wp\/v2\/product\/11061","targetHints":{"allow":["GET"]}}],"collection":[{"href":"https:\/\/www.bobooaza.pl\/index.php\/wp-json\/wp\/v2\/product"}],"about":[{"href":"https:\/\/www.bobooaza.pl\/index.php\/wp-json\/wp\/v2\/types\/product"}],"replies":[{"embeddable":true,"href":"https:\/\/www.bobooaza.pl\/index.php\/wp-json\/wp\/v2\/comments?post=11061"}],"wp:featuredmedia":[{"embeddable":true,"href":"https:\/\/www.bobooaza.pl\/index.php\/wp-json\/wp\/v2\/media\/11060"}],"wp:attachment":[{"href":"https:\/\/www.bobooaza.pl\/index.php\/wp-json\/wp\/v2\/media?parent=11061"}],"wp:term":[{"taxonomy":"product_brand","embeddable":true,"href":"https:\/\/www.bobooaza.pl\/index.php\/wp-json\/wp\/v2\/product_brand?post=11061"},{"taxonomy":"product_cat","embeddable":true,"href":"https:\/\/www.bobooaza.pl\/index.php\/wp-json\/wp\/v2\/product_cat?post=11061"},{"taxonomy":"product_tag","embeddable":true,"href":"https:\/\/www.bobooaza.pl\/index.php\/wp-json\/wp\/v2\/product_tag?post=11061"}],"curies":[{"name":"wp","href":"https:\/\/api.w.org\/{rel}","templated":true}]}}