{"id":11066,"date":"2026-01-06T21:19:23","date_gmt":"2026-01-06T20:19:23","guid":{"rendered":"https:\/\/bobooaza.pl\/index.php\/produkt\/danpol-materac-gryko-kokos-120x60x9-t18\/"},"modified":"2026-01-06T21:30:15","modified_gmt":"2026-01-06T20:30:15","slug":"danpol-materac-gryko-kokos-120x60x9-t18","status":"publish","type":"product","link":"https:\/\/www.bobooaza.pl\/index.php\/produkt\/danpol-materac-gryko-kokos-120x60x9-t18\/","title":{"rendered":"DANPOL Materac gryko-kokos 120x60x9 T18"},"content":{"rendered":"<p>Materac gryko-kokos o wymiarach 120x60x9 cm jest dwustronny. Strona gryczana stanowi w 100% naturalny podk\u0142ad do spania, a zawarte w \u0142usce taniny ograniczaj\u0105 rozw\u00f3j roztoczy i bakterii, jednocze\u015bnie poprawiaj\u0105c wentylacj\u0119 i kontrol\u0119 wilgotno\u015bci cia\u0142a dziecka. Strona kokosowa uzupe\u0142nia w\u0142a\u015bciwo\u015bci zdrowotne materaca \u2013 mata kokosowa umo\u017cliwia swobodny przep\u0142yw powietrza, a po\u0142\u0105czenie w\u0142\u00f3kien kokosa z naturalnym lateksem zapewnia odporno\u015b\u0107 na odkszta\u0142cenia pod wp\u0142ywem nacisku. Materac ma wk\u0142ad piankowy, dzi\u0119ki czemu niezale\u017cnie od wybranej strony dziecko \u015bpi zdrowo i bezpiecznie.<\/p>\n","protected":false},"excerpt":{"rendered":"<p>Materac gryko-kokos o wymiarach 120x60x9 cm jest dwustronny. Strona gryczana stanowi w 100% naturalny podk\u0142ad do spania, a zawarte w \u0142usce taniny ograniczaj\u0105 rozw\u00f3j roztoczy i bakterii, jednocze\u015bnie poprawiaj\u0105c wentylacj\u0119 i kontrol\u0119 wilgotno\u015bci cia\u0142a dziecka. Strona kokosowa uzupe\u0142nia w\u0142a\u015bciwo\u015bci zdrowotne materaca \u2013 mata kokosowa umo\u017cliwia swobodny przep\u0142yw powietrza, a po\u0142\u0105czenie w\u0142\u00f3kien kokosa z naturalnym lateksem [&hellip;]<\/p>\n","protected":false},"featured_media":11064,"comment_status":"open","ping_status":"closed","template":"","meta":[],"product_brand":[],"product_cat":[76,123,126,121,84],"product_tag":[],"class_list":{"0":"post-11066","1":"product","2":"type-product","3":"status-publish","4":"has-post-thumbnail","6":"product_cat-dziecko","7":"product_cat-lozeczka","8":"product_cat-materace","9":"product_cat-meble","10":"product_cat-pokoj-dziecka","12":"first","13":"instock","14":"taxable","15":"shipping-taxable","16":"purchasable","17":"product-type-simple"},"_links":{"self":[{"href":"https:\/\/www.bobooaza.pl\/index.php\/wp-json\/wp\/v2\/product\/11066","targetHints":{"allow":["GET"]}}],"collection":[{"href":"https:\/\/www.bobooaza.pl\/index.php\/wp-json\/wp\/v2\/product"}],"about":[{"href":"https:\/\/www.bobooaza.pl\/index.php\/wp-json\/wp\/v2\/types\/product"}],"replies":[{"embeddable":true,"href":"https:\/\/www.bobooaza.pl\/index.php\/wp-json\/wp\/v2\/comments?post=11066"}],"wp:featuredmedia":[{"embeddable":true,"href":"https:\/\/www.bobooaza.pl\/index.php\/wp-json\/wp\/v2\/media\/11064"}],"wp:attachment":[{"href":"https:\/\/www.bobooaza.pl\/index.php\/wp-json\/wp\/v2\/media?parent=11066"}],"wp:term":[{"taxonomy":"product_brand","embeddable":true,"href":"https:\/\/www.bobooaza.pl\/index.php\/wp-json\/wp\/v2\/product_brand?post=11066"},{"taxonomy":"product_cat","embeddable":true,"href":"https:\/\/www.bobooaza.pl\/index.php\/wp-json\/wp\/v2\/product_cat?post=11066"},{"taxonomy":"product_tag","embeddable":true,"href":"https:\/\/www.bobooaza.pl\/index.php\/wp-json\/wp\/v2\/product_tag?post=11066"}],"curies":[{"name":"wp","href":"https:\/\/api.w.org\/{rel}","templated":true}]}}