{"id":11069,"date":"2026-01-06T21:19:25","date_gmt":"2026-01-06T20:19:25","guid":{"rendered":"https:\/\/bobooaza.pl\/index.php\/produkt\/danpol-materac-gryko-sen-120x60x7-t18b\/"},"modified":"2026-01-19T21:54:19","modified_gmt":"2026-01-19T20:54:19","slug":"danpol-materac-gryko-sen-120x60x7-t18b","status":"publish","type":"product","link":"https:\/\/www.bobooaza.pl\/index.php\/produkt\/danpol-materac-gryko-sen-120x60x7-t18b\/","title":{"rendered":"DANPOL Materac gryko-sen 120x60x7 T18B"},"content":{"rendered":"<p>Materac gryko-sen o wymiarach 120x60x7 cm jest jednostronny i wykorzystuje w\u0142a\u015bciwo\u015bci \u0142uski gryczanej, b\u0119d\u0105cej w 100% naturalnym podk\u0142adem do spania. Taniny zawarte w \u0142usce ograniczaj\u0105 rozw\u00f3j roztoczy i bakterii, a u\u0142o\u017cenie \u0142usek u\u0142atwia przep\u0142yw powietrza, poprawiaj\u0105c wentylacj\u0119 i kontroluj\u0105c wilgotno\u015b\u0107 cia\u0142a dziecka. Poruszanie si\u0119 na materacu powoduje delikatny masa\u017c sk\u00f3ry i tkanki podsk\u00f3rnej. Wk\u0142ad materaca wykonano z odpowiednio dobranej pianki, kt\u00f3ra wspiera prawid\u0142owy rozw\u00f3j kostny dziecka.<\/p>\n","protected":false},"excerpt":{"rendered":"<p>Materac gryko-sen o wymiarach 120x60x7 cm jest jednostronny i wykorzystuje w\u0142a\u015bciwo\u015bci \u0142uski gryczanej, b\u0119d\u0105cej w 100% naturalnym podk\u0142adem do spania. Taniny zawarte w \u0142usce ograniczaj\u0105 rozw\u00f3j roztoczy i bakterii, a u\u0142o\u017cenie \u0142usek u\u0142atwia przep\u0142yw powietrza, poprawiaj\u0105c wentylacj\u0119 i kontroluj\u0105c wilgotno\u015b\u0107 cia\u0142a dziecka. Poruszanie si\u0119 na materacu powoduje delikatny masa\u017c sk\u00f3ry i tkanki podsk\u00f3rnej. Wk\u0142ad materaca [&hellip;]<\/p>\n","protected":false},"featured_media":11067,"comment_status":"open","ping_status":"closed","template":"","meta":[],"product_brand":[],"product_cat":[76,123,126,121,84],"product_tag":[],"class_list":{"0":"post-11069","1":"product","2":"type-product","3":"status-publish","4":"has-post-thumbnail","6":"product_cat-dziecko","7":"product_cat-lozeczka","8":"product_cat-materace","9":"product_cat-meble","10":"product_cat-pokoj-dziecka","12":"first","13":"instock","14":"taxable","15":"shipping-taxable","16":"purchasable","17":"product-type-simple"},"_links":{"self":[{"href":"https:\/\/www.bobooaza.pl\/index.php\/wp-json\/wp\/v2\/product\/11069","targetHints":{"allow":["GET"]}}],"collection":[{"href":"https:\/\/www.bobooaza.pl\/index.php\/wp-json\/wp\/v2\/product"}],"about":[{"href":"https:\/\/www.bobooaza.pl\/index.php\/wp-json\/wp\/v2\/types\/product"}],"replies":[{"embeddable":true,"href":"https:\/\/www.bobooaza.pl\/index.php\/wp-json\/wp\/v2\/comments?post=11069"}],"wp:featuredmedia":[{"embeddable":true,"href":"https:\/\/www.bobooaza.pl\/index.php\/wp-json\/wp\/v2\/media\/11067"}],"wp:attachment":[{"href":"https:\/\/www.bobooaza.pl\/index.php\/wp-json\/wp\/v2\/media?parent=11069"}],"wp:term":[{"taxonomy":"product_brand","embeddable":true,"href":"https:\/\/www.bobooaza.pl\/index.php\/wp-json\/wp\/v2\/product_brand?post=11069"},{"taxonomy":"product_cat","embeddable":true,"href":"https:\/\/www.bobooaza.pl\/index.php\/wp-json\/wp\/v2\/product_cat?post=11069"},{"taxonomy":"product_tag","embeddable":true,"href":"https:\/\/www.bobooaza.pl\/index.php\/wp-json\/wp\/v2\/product_tag?post=11069"}],"curies":[{"name":"wp","href":"https:\/\/api.w.org\/{rel}","templated":true}]}}