{"id":11071,"date":"2026-01-06T21:19:26","date_gmt":"2026-01-06T20:19:26","guid":{"rendered":"https:\/\/bobooaza.pl\/index.php\/produkt\/marini-materac-kokos-pianka-kokos-120x60-tkanina-biala\/"},"modified":"2026-01-06T21:30:16","modified_gmt":"2026-01-06T20:30:16","slug":"marini-materac-kokos-pianka-kokos-120x60-tkanina-biala","status":"publish","type":"product","link":"https:\/\/www.bobooaza.pl\/index.php\/produkt\/marini-materac-kokos-pianka-kokos-120x60-tkanina-biala\/","title":{"rendered":"MARINI Materac kokos-pianka-kokos 120&#215;60 tkanina bia\u0142a"},"content":{"rendered":"<p>Materac kokos-pianka-kokos o wymiarach 120&#215;60 cm sk\u0142ada si\u0119 z pianki poliuretanowej oraz dw\u00f3ch warstw naturalnych w\u0142\u00f3kien kokosowych \u2013 po jednej z ka\u017cdej strony. Pianka poliuretanowa nadaje materacowi elastyczno\u015b\u0107 i kszta\u0142t, jest hipoalergiczna i bakteriob\u00f3jcza. Warstwy kokosowe usztywniaj\u0105 konstrukcj\u0119, zapewniaj\u0105 przewiewno\u015b\u0107 i nie zatrzymuj\u0105 wilgoci, a dzi\u0119ki nim materac jest trwa\u0142y i wspiera prawid\u0142owe podparcie kr\u0119gos\u0142upa dziecka. Wysoko\u015b\u0107 materaca wynosi oko\u0142o 7 cm.<\/p>\n","protected":false},"excerpt":{"rendered":"<p>Materac kokos-pianka-kokos o wymiarach 120&#215;60 cm sk\u0142ada si\u0119 z pianki poliuretanowej oraz dw\u00f3ch warstw naturalnych w\u0142\u00f3kien kokosowych \u2013 po jednej z ka\u017cdej strony. Pianka poliuretanowa nadaje materacowi elastyczno\u015b\u0107 i kszta\u0142t, jest hipoalergiczna i bakteriob\u00f3jcza. Warstwy kokosowe usztywniaj\u0105 konstrukcj\u0119, zapewniaj\u0105 przewiewno\u015b\u0107 i nie zatrzymuj\u0105 wilgoci, a dzi\u0119ki nim materac jest trwa\u0142y i wspiera prawid\u0142owe podparcie kr\u0119gos\u0142upa [&hellip;]<\/p>\n","protected":false},"featured_media":11070,"comment_status":"open","ping_status":"closed","template":"","meta":[],"product_brand":[],"product_cat":[76,123,126,121,84],"product_tag":[],"class_list":{"0":"post-11071","1":"product","2":"type-product","3":"status-publish","4":"has-post-thumbnail","6":"product_cat-dziecko","7":"product_cat-lozeczka","8":"product_cat-materace","9":"product_cat-meble","10":"product_cat-pokoj-dziecka","12":"first","13":"instock","14":"taxable","15":"shipping-taxable","16":"purchasable","17":"product-type-simple"},"_links":{"self":[{"href":"https:\/\/www.bobooaza.pl\/index.php\/wp-json\/wp\/v2\/product\/11071","targetHints":{"allow":["GET"]}}],"collection":[{"href":"https:\/\/www.bobooaza.pl\/index.php\/wp-json\/wp\/v2\/product"}],"about":[{"href":"https:\/\/www.bobooaza.pl\/index.php\/wp-json\/wp\/v2\/types\/product"}],"replies":[{"embeddable":true,"href":"https:\/\/www.bobooaza.pl\/index.php\/wp-json\/wp\/v2\/comments?post=11071"}],"wp:featuredmedia":[{"embeddable":true,"href":"https:\/\/www.bobooaza.pl\/index.php\/wp-json\/wp\/v2\/media\/11070"}],"wp:attachment":[{"href":"https:\/\/www.bobooaza.pl\/index.php\/wp-json\/wp\/v2\/media?parent=11071"}],"wp:term":[{"taxonomy":"product_brand","embeddable":true,"href":"https:\/\/www.bobooaza.pl\/index.php\/wp-json\/wp\/v2\/product_brand?post=11071"},{"taxonomy":"product_cat","embeddable":true,"href":"https:\/\/www.bobooaza.pl\/index.php\/wp-json\/wp\/v2\/product_cat?post=11071"},{"taxonomy":"product_tag","embeddable":true,"href":"https:\/\/www.bobooaza.pl\/index.php\/wp-json\/wp\/v2\/product_tag?post=11071"}],"curies":[{"name":"wp","href":"https:\/\/api.w.org\/{rel}","templated":true}]}}