{"id":11077,"date":"2026-01-06T21:19:44","date_gmt":"2026-01-06T20:19:44","guid":{"rendered":"https:\/\/bobooaza.pl\/index.php\/produkt\/albero-mio-materac-lux-140x70x10\/"},"modified":"2026-01-06T21:30:17","modified_gmt":"2026-01-06T20:30:17","slug":"albero-mio-materac-lux-140x70x10","status":"publish","type":"product","link":"https:\/\/www.bobooaza.pl\/index.php\/produkt\/albero-mio-materac-lux-140x70x10\/","title":{"rendered":"ALBERO MIO Materac LUX 140x70x10"},"content":{"rendered":"<p>Materac LUX o wymiarach 140x70x10 cm sk\u0142ada si\u0119 z dw\u00f3ch warstw wype\u0142nienia: pianki visco (termoelastycznej), kt\u00f3ra dopasowuje si\u0119 do kszta\u0142tu cia\u0142a dziecka, oraz pianki poliuretanowej N25. Pokrowiec pikowany wykonany jest w 100% z poliestru i zapinany na zamek, co u\u0142atwia jego zdejmowanie i utrzymanie w czysto\u015bci.<\/p>\n","protected":false},"excerpt":{"rendered":"<p>Materac LUX o wymiarach 140x70x10 cm sk\u0142ada si\u0119 z dw\u00f3ch warstw wype\u0142nienia: pianki visco (termoelastycznej), kt\u00f3ra dopasowuje si\u0119 do kszta\u0142tu cia\u0142a dziecka, oraz pianki poliuretanowej N25. Pokrowiec pikowany wykonany jest w 100% z poliestru i zapinany na zamek, co u\u0142atwia jego zdejmowanie i utrzymanie w czysto\u015bci.<\/p>\n","protected":false},"featured_media":11076,"comment_status":"open","ping_status":"closed","template":"","meta":[],"product_brand":[],"product_cat":[76,123,126,121,84],"product_tag":[],"class_list":{"0":"post-11077","1":"product","2":"type-product","3":"status-publish","4":"has-post-thumbnail","6":"product_cat-dziecko","7":"product_cat-lozeczka","8":"product_cat-materace","9":"product_cat-meble","10":"product_cat-pokoj-dziecka","12":"first","13":"instock","14":"taxable","15":"shipping-taxable","16":"purchasable","17":"product-type-simple"},"_links":{"self":[{"href":"https:\/\/www.bobooaza.pl\/index.php\/wp-json\/wp\/v2\/product\/11077","targetHints":{"allow":["GET"]}}],"collection":[{"href":"https:\/\/www.bobooaza.pl\/index.php\/wp-json\/wp\/v2\/product"}],"about":[{"href":"https:\/\/www.bobooaza.pl\/index.php\/wp-json\/wp\/v2\/types\/product"}],"replies":[{"embeddable":true,"href":"https:\/\/www.bobooaza.pl\/index.php\/wp-json\/wp\/v2\/comments?post=11077"}],"wp:featuredmedia":[{"embeddable":true,"href":"https:\/\/www.bobooaza.pl\/index.php\/wp-json\/wp\/v2\/media\/11076"}],"wp:attachment":[{"href":"https:\/\/www.bobooaza.pl\/index.php\/wp-json\/wp\/v2\/media?parent=11077"}],"wp:term":[{"taxonomy":"product_brand","embeddable":true,"href":"https:\/\/www.bobooaza.pl\/index.php\/wp-json\/wp\/v2\/product_brand?post=11077"},{"taxonomy":"product_cat","embeddable":true,"href":"https:\/\/www.bobooaza.pl\/index.php\/wp-json\/wp\/v2\/product_cat?post=11077"},{"taxonomy":"product_tag","embeddable":true,"href":"https:\/\/www.bobooaza.pl\/index.php\/wp-json\/wp\/v2\/product_tag?post=11077"}],"curies":[{"name":"wp","href":"https:\/\/api.w.org\/{rel}","templated":true}]}}