{"id":11080,"date":"2026-01-06T21:19:45","date_gmt":"2026-01-06T20:19:45","guid":{"rendered":"https:\/\/bobooaza.pl\/index.php\/produkt\/danpol-materac-gryko-sen-140x70x7-t18b\/"},"modified":"2026-01-06T21:30:17","modified_gmt":"2026-01-06T20:30:17","slug":"danpol-materac-gryko-sen-140x70x7-t18b","status":"publish","type":"product","link":"https:\/\/www.bobooaza.pl\/index.php\/produkt\/danpol-materac-gryko-sen-140x70x7-t18b\/","title":{"rendered":"DANPOL Materac gryko-sen 140x70x7 T18B"},"content":{"rendered":"<p>Materac GRYKO-SEN o wymiarach 140x70x7 cm jest jednostronny i wykorzystuje w\u0142a\u015bciwo\u015bci \u0142uski gryczanej, b\u0119d\u0105cej w 100% naturalnym podk\u0142adem do spania. Zawarte w \u0142usce taniny zapobiegaj\u0105 rozwojowi roztoczy i bakterii na powierzchni materaca oraz sk\u00f3ry dziecka. U\u0142o\u017cenie \u0142usek zapewnia lepsz\u0105 wentylacj\u0119 i kontrol\u0119 wilgotno\u015bci cia\u0142a, a poruszanie si\u0119 na materacu wywo\u0142uje delikatny masa\u017c sk\u00f3ry i tkanki podsk\u00f3rnej. Wk\u0142ad materaca wykonano z pianki o odpowiedniej twardo\u015bci, wspieraj\u0105cej prawid\u0142owy rozw\u00f3j kostny dziecka.<\/p>\n","protected":false},"excerpt":{"rendered":"<p>Materac GRYKO-SEN o wymiarach 140x70x7 cm jest jednostronny i wykorzystuje w\u0142a\u015bciwo\u015bci \u0142uski gryczanej, b\u0119d\u0105cej w 100% naturalnym podk\u0142adem do spania. Zawarte w \u0142usce taniny zapobiegaj\u0105 rozwojowi roztoczy i bakterii na powierzchni materaca oraz sk\u00f3ry dziecka. U\u0142o\u017cenie \u0142usek zapewnia lepsz\u0105 wentylacj\u0119 i kontrol\u0119 wilgotno\u015bci cia\u0142a, a poruszanie si\u0119 na materacu wywo\u0142uje delikatny masa\u017c sk\u00f3ry i tkanki [&hellip;]<\/p>\n","protected":false},"featured_media":11078,"comment_status":"open","ping_status":"closed","template":"","meta":[],"product_brand":[],"product_cat":[76,123,126,121,84],"product_tag":[],"class_list":{"0":"post-11080","1":"product","2":"type-product","3":"status-publish","4":"has-post-thumbnail","6":"product_cat-dziecko","7":"product_cat-lozeczka","8":"product_cat-materace","9":"product_cat-meble","10":"product_cat-pokoj-dziecka","12":"first","13":"instock","14":"taxable","15":"shipping-taxable","16":"purchasable","17":"product-type-simple"},"_links":{"self":[{"href":"https:\/\/www.bobooaza.pl\/index.php\/wp-json\/wp\/v2\/product\/11080","targetHints":{"allow":["GET"]}}],"collection":[{"href":"https:\/\/www.bobooaza.pl\/index.php\/wp-json\/wp\/v2\/product"}],"about":[{"href":"https:\/\/www.bobooaza.pl\/index.php\/wp-json\/wp\/v2\/types\/product"}],"replies":[{"embeddable":true,"href":"https:\/\/www.bobooaza.pl\/index.php\/wp-json\/wp\/v2\/comments?post=11080"}],"wp:featuredmedia":[{"embeddable":true,"href":"https:\/\/www.bobooaza.pl\/index.php\/wp-json\/wp\/v2\/media\/11078"}],"wp:attachment":[{"href":"https:\/\/www.bobooaza.pl\/index.php\/wp-json\/wp\/v2\/media?parent=11080"}],"wp:term":[{"taxonomy":"product_brand","embeddable":true,"href":"https:\/\/www.bobooaza.pl\/index.php\/wp-json\/wp\/v2\/product_brand?post=11080"},{"taxonomy":"product_cat","embeddable":true,"href":"https:\/\/www.bobooaza.pl\/index.php\/wp-json\/wp\/v2\/product_cat?post=11080"},{"taxonomy":"product_tag","embeddable":true,"href":"https:\/\/www.bobooaza.pl\/index.php\/wp-json\/wp\/v2\/product_tag?post=11080"}],"curies":[{"name":"wp","href":"https:\/\/api.w.org\/{rel}","templated":true}]}}