{"id":11082,"date":"2026-01-06T21:19:46","date_gmt":"2026-01-06T20:19:46","guid":{"rendered":"https:\/\/bobooaza.pl\/index.php\/produkt\/matex-materacyk-softi-plus-75x35x4-tb0035\/"},"modified":"2026-01-06T21:30:18","modified_gmt":"2026-01-06T20:30:18","slug":"matex-materacyk-softi-plus-75x35x4-tb0035","status":"publish","type":"product","link":"https:\/\/www.bobooaza.pl\/index.php\/produkt\/matex-materacyk-softi-plus-75x35x4-tb0035\/","title":{"rendered":"MATEX Materacyk SOFTI PLUS 75X35X4 [TB0035]"},"content":{"rendered":"<p>Materacyk SOFTI PLUS o wymiarach 75x35x4 cm zosta\u0142 zaprojektowany z my\u015bl\u0105 o bezpiecze\u0144stwie i komforcie niemowl\u0119cia. Strona \u201eA\u201d jest zmi\u0119kczona i posiada poprzeczne kana\u0142y wentylacyjne, natomiast strona \u201eB\u201d ma prosty profil o wy\u017cszej sztywno\u015bci i w pe\u0142ni naturaln\u0105 powierzchni\u0119. Pokrowiec jest dwustronny, z tr\u00f3jwarstwowej, pikowanej, puszystej dzianiny frotte o w\u0142a\u015bciwo\u015bciach ch\u0142onnych po stronie \u201eA\u201d i z g\u0119stej, trwa\u0142ej bawe\u0142ny po stronie \u201eB\u201d. Posiada certyfikat najwy\u017cszej klasy bezpiecze\u0144stwa dla niemowl\u0105t, a zamek b\u0142yskawiczny wyposa\u017cony jest w bezpieczny suwak. Wype\u0142nienie obejmuje wertykalne kanaliki wentylacyjne po stronie dla niemowl\u0105t oraz prosty profil o wy\u017cszej sztywno\u015bci po stronie dla dzieci. Materacyk jest wyrobem medycznym i posiada pozytywn\u0105 ocen\u0119 kliniczn\u0105.<\/p>\n","protected":false},"excerpt":{"rendered":"<p>Materacyk SOFTI PLUS o wymiarach 75x35x4 cm zosta\u0142 zaprojektowany z my\u015bl\u0105 o bezpiecze\u0144stwie i komforcie niemowl\u0119cia. Strona \u201eA\u201d jest zmi\u0119kczona i posiada poprzeczne kana\u0142y wentylacyjne, natomiast strona \u201eB\u201d ma prosty profil o wy\u017cszej sztywno\u015bci i w pe\u0142ni naturaln\u0105 powierzchni\u0119. Pokrowiec jest dwustronny, z tr\u00f3jwarstwowej, pikowanej, puszystej dzianiny frotte o w\u0142a\u015bciwo\u015bciach ch\u0142onnych po stronie \u201eA\u201d i [&hellip;]<\/p>\n","protected":false},"featured_media":11081,"comment_status":"open","ping_status":"closed","template":"","meta":[],"product_brand":[],"product_cat":[76,123,126,121,84],"product_tag":[],"class_list":{"0":"post-11082","1":"product","2":"type-product","3":"status-publish","4":"has-post-thumbnail","6":"product_cat-dziecko","7":"product_cat-lozeczka","8":"product_cat-materace","9":"product_cat-meble","10":"product_cat-pokoj-dziecka","12":"first","13":"instock","14":"taxable","15":"shipping-taxable","16":"purchasable","17":"product-type-simple"},"_links":{"self":[{"href":"https:\/\/www.bobooaza.pl\/index.php\/wp-json\/wp\/v2\/product\/11082","targetHints":{"allow":["GET"]}}],"collection":[{"href":"https:\/\/www.bobooaza.pl\/index.php\/wp-json\/wp\/v2\/product"}],"about":[{"href":"https:\/\/www.bobooaza.pl\/index.php\/wp-json\/wp\/v2\/types\/product"}],"replies":[{"embeddable":true,"href":"https:\/\/www.bobooaza.pl\/index.php\/wp-json\/wp\/v2\/comments?post=11082"}],"wp:featuredmedia":[{"embeddable":true,"href":"https:\/\/www.bobooaza.pl\/index.php\/wp-json\/wp\/v2\/media\/11081"}],"wp:attachment":[{"href":"https:\/\/www.bobooaza.pl\/index.php\/wp-json\/wp\/v2\/media?parent=11082"}],"wp:term":[{"taxonomy":"product_brand","embeddable":true,"href":"https:\/\/www.bobooaza.pl\/index.php\/wp-json\/wp\/v2\/product_brand?post=11082"},{"taxonomy":"product_cat","embeddable":true,"href":"https:\/\/www.bobooaza.pl\/index.php\/wp-json\/wp\/v2\/product_cat?post=11082"},{"taxonomy":"product_tag","embeddable":true,"href":"https:\/\/www.bobooaza.pl\/index.php\/wp-json\/wp\/v2\/product_tag?post=11082"}],"curies":[{"name":"wp","href":"https:\/\/api.w.org\/{rel}","templated":true}]}}