{"id":11088,"date":"2026-01-06T21:19:53","date_gmt":"2026-01-06T20:19:53","guid":{"rendered":"https:\/\/bobooaza.pl\/index.php\/produkt\/matex-materacyk-ortopedyczny-carpathia-140x70x10-tb0311\/"},"modified":"2026-01-06T21:30:20","modified_gmt":"2026-01-06T20:30:20","slug":"matex-materacyk-ortopedyczny-carpathia-140x70x10-tb0311","status":"publish","type":"product","link":"https:\/\/www.bobooaza.pl\/index.php\/produkt\/matex-materacyk-ortopedyczny-carpathia-140x70x10-tb0311\/","title":{"rendered":"MATEX Materacyk ortopedyczny CARPATHIA 140x70x10 [TB0311]"},"content":{"rendered":"<p>Materacyk ortopedyczny CARPATHIA o wymiarach 140x70x10 cm jest dwustronny i wyposa\u017cony w wentylacyjny system kanalik\u00f3w oraz pikowany pokrowiec \u017cakardowy zapinany na zamek. Pokrowiec jest dwustronny, z dzianin\u0105 \u017cakardow\u0105 i frotte o w\u0142a\u015bciwo\u015bciach ch\u0142onnych, zapinany zamek b\u0142yskawiczny umo\u017cliwia korzystanie z jednej strony podczas prania drugiej. Materacyk posiada certyfikat najwy\u017cszej klasy bezpiecze\u0144stwa dla niemowl\u0105t. Wype\u0142nienie sk\u0142ada si\u0119 z wertykalnych kanalik\u00f3w wentylacyjnych, modulacji o zwi\u0119kszonej g\u0119sto\u015bci z funkcj\u0105 masa\u017cu oraz bocznych belek stabilizuj\u0105cych o wi\u0119kszej twardo\u015bci, kt\u00f3re chroni\u0105 przed skr\u0119ceniem kostki dziecka. Materacyk \u0142\u0105czy elementy konstrukcji przy u\u017cyciu certyfikowanego kleju nierozpuszczalnikowego, posiada certyfikat Oeko Tex oraz status wyrobu medycznego. Pokrowiec wykonany jest w 33% z bawe\u0142ny, 33% z PES i 34% z PA, wype\u0142nienie stanowi pianka poliuretanowa.<\/p>\n","protected":false},"excerpt":{"rendered":"<p>Materacyk ortopedyczny CARPATHIA o wymiarach 140x70x10 cm jest dwustronny i wyposa\u017cony w wentylacyjny system kanalik\u00f3w oraz pikowany pokrowiec \u017cakardowy zapinany na zamek. Pokrowiec jest dwustronny, z dzianin\u0105 \u017cakardow\u0105 i frotte o w\u0142a\u015bciwo\u015bciach ch\u0142onnych, zapinany zamek b\u0142yskawiczny umo\u017cliwia korzystanie z jednej strony podczas prania drugiej. Materacyk posiada certyfikat najwy\u017cszej klasy bezpiecze\u0144stwa dla niemowl\u0105t. Wype\u0142nienie sk\u0142ada si\u0119 [&hellip;]<\/p>\n","protected":false},"featured_media":11087,"comment_status":"open","ping_status":"closed","template":"","meta":[],"product_brand":[],"product_cat":[76,123,126,121,84],"product_tag":[],"class_list":{"0":"post-11088","1":"product","2":"type-product","3":"status-publish","4":"has-post-thumbnail","6":"product_cat-dziecko","7":"product_cat-lozeczka","8":"product_cat-materace","9":"product_cat-meble","10":"product_cat-pokoj-dziecka","12":"first","13":"instock","14":"taxable","15":"shipping-taxable","16":"purchasable","17":"product-type-simple"},"_links":{"self":[{"href":"https:\/\/www.bobooaza.pl\/index.php\/wp-json\/wp\/v2\/product\/11088","targetHints":{"allow":["GET"]}}],"collection":[{"href":"https:\/\/www.bobooaza.pl\/index.php\/wp-json\/wp\/v2\/product"}],"about":[{"href":"https:\/\/www.bobooaza.pl\/index.php\/wp-json\/wp\/v2\/types\/product"}],"replies":[{"embeddable":true,"href":"https:\/\/www.bobooaza.pl\/index.php\/wp-json\/wp\/v2\/comments?post=11088"}],"wp:featuredmedia":[{"embeddable":true,"href":"https:\/\/www.bobooaza.pl\/index.php\/wp-json\/wp\/v2\/media\/11087"}],"wp:attachment":[{"href":"https:\/\/www.bobooaza.pl\/index.php\/wp-json\/wp\/v2\/media?parent=11088"}],"wp:term":[{"taxonomy":"product_brand","embeddable":true,"href":"https:\/\/www.bobooaza.pl\/index.php\/wp-json\/wp\/v2\/product_brand?post=11088"},{"taxonomy":"product_cat","embeddable":true,"href":"https:\/\/www.bobooaza.pl\/index.php\/wp-json\/wp\/v2\/product_cat?post=11088"},{"taxonomy":"product_tag","embeddable":true,"href":"https:\/\/www.bobooaza.pl\/index.php\/wp-json\/wp\/v2\/product_tag?post=11088"}],"curies":[{"name":"wp","href":"https:\/\/api.w.org\/{rel}","templated":true}]}}