{"id":11090,"date":"2026-01-06T21:19:54","date_gmt":"2026-01-06T20:19:54","guid":{"rendered":"https:\/\/bobooaza.pl\/index.php\/produkt\/fiki-miki-materac-natura-baby-prestige-line-nbpl1-140-70-12\/"},"modified":"2026-01-06T21:30:20","modified_gmt":"2026-01-06T20:30:20","slug":"fiki-miki-materac-natura-baby-prestige-line-nbpl1-140-70-12","status":"publish","type":"product","link":"https:\/\/www.bobooaza.pl\/index.php\/produkt\/fiki-miki-materac-natura-baby-prestige-line-nbpl1-140-70-12\/","title":{"rendered":"FIKI MIKI Materac NATURA BABY Prestige Line NBPL1 140\/70\/12"},"content":{"rendered":"<p>Materac NATURA Baby Prestige Line NBPL1 o wymiarach 140x70x12 cm jest przeznaczony do stosowania na ca\u0142ej lub wybranej powierzchni \u0142\u00f3\u017ceczka, zar\u00f3wno do snu, jak i odpoczynku. Materac wspiera prawid\u0142ow\u0105 postaw\u0119 dziecka, zapobiega przeci\u0105\u017ceniom kr\u0119gos\u0142upa wynikaj\u0105cym z wymuszonej pozycji podczas snu, wspomaga przeciwdzia\u0142anie zaburzeniom snu oraz mo\u017ce by\u0107 pomocny przy dysfunkcjach narz\u0105du ruchu, takich jak m\u00f3zgowe pora\u017cenie dzieci\u0119ce czy uszkodzenia splotu ramiennego. Materac charakteryzuje si\u0119 bardzo dobr\u0105 spr\u0119\u017cysto\u015bci\u0105, stabilnym podparciem plec\u00f3w, odpowiedni\u0105 twardo\u015bci\u0105 dla niemowl\u0105t umo\u017cliwiaj\u0105c\u0105 swobodne zmiany pozycji, bezpiecznymi kraw\u0119dziami u\u0142atwiaj\u0105cymi pionizowanie i stawianie pierwszych krok\u00f3w, dobr\u0105 cyrkulacj\u0105 powietrza oraz wielowarstwowym pokrowcem (konstrukcja 3W) \u0142atwym do utrzymania w czysto\u015bci. Jest odporny na zu\u017cycie i uszkodzenia.<\/p>\n","protected":false},"excerpt":{"rendered":"<p>Materac NATURA Baby Prestige Line NBPL1 o wymiarach 140x70x12 cm jest przeznaczony do stosowania na ca\u0142ej lub wybranej powierzchni \u0142\u00f3\u017ceczka, zar\u00f3wno do snu, jak i odpoczynku. Materac wspiera prawid\u0142ow\u0105 postaw\u0119 dziecka, zapobiega przeci\u0105\u017ceniom kr\u0119gos\u0142upa wynikaj\u0105cym z wymuszonej pozycji podczas snu, wspomaga przeciwdzia\u0142anie zaburzeniom snu oraz mo\u017ce by\u0107 pomocny przy dysfunkcjach narz\u0105du ruchu, takich jak m\u00f3zgowe [&hellip;]<\/p>\n","protected":false},"featured_media":11089,"comment_status":"open","ping_status":"closed","template":"","meta":[],"product_brand":[],"product_cat":[76,123,126,121,84],"product_tag":[],"class_list":{"0":"post-11090","1":"product","2":"type-product","3":"status-publish","4":"has-post-thumbnail","6":"product_cat-dziecko","7":"product_cat-lozeczka","8":"product_cat-materace","9":"product_cat-meble","10":"product_cat-pokoj-dziecka","12":"first","13":"instock","14":"taxable","15":"shipping-taxable","16":"purchasable","17":"product-type-simple"},"_links":{"self":[{"href":"https:\/\/www.bobooaza.pl\/index.php\/wp-json\/wp\/v2\/product\/11090","targetHints":{"allow":["GET"]}}],"collection":[{"href":"https:\/\/www.bobooaza.pl\/index.php\/wp-json\/wp\/v2\/product"}],"about":[{"href":"https:\/\/www.bobooaza.pl\/index.php\/wp-json\/wp\/v2\/types\/product"}],"replies":[{"embeddable":true,"href":"https:\/\/www.bobooaza.pl\/index.php\/wp-json\/wp\/v2\/comments?post=11090"}],"wp:featuredmedia":[{"embeddable":true,"href":"https:\/\/www.bobooaza.pl\/index.php\/wp-json\/wp\/v2\/media\/11089"}],"wp:attachment":[{"href":"https:\/\/www.bobooaza.pl\/index.php\/wp-json\/wp\/v2\/media?parent=11090"}],"wp:term":[{"taxonomy":"product_brand","embeddable":true,"href":"https:\/\/www.bobooaza.pl\/index.php\/wp-json\/wp\/v2\/product_brand?post=11090"},{"taxonomy":"product_cat","embeddable":true,"href":"https:\/\/www.bobooaza.pl\/index.php\/wp-json\/wp\/v2\/product_cat?post=11090"},{"taxonomy":"product_tag","embeddable":true,"href":"https:\/\/www.bobooaza.pl\/index.php\/wp-json\/wp\/v2\/product_tag?post=11090"}],"curies":[{"name":"wp","href":"https:\/\/api.w.org\/{rel}","templated":true}]}}