{"id":11095,"date":"2026-01-06T21:23:39","date_gmt":"2026-01-06T20:23:39","guid":{"rendered":"https:\/\/bobooaza.pl\/index.php\/produkt\/danpol-materac-eco-komfort-120x60x10-t18dcp\/"},"modified":"2026-01-19T21:54:20","modified_gmt":"2026-01-19T20:54:20","slug":"danpol-materac-eco-komfort-120x60x10-t18dcp","status":"publish","type":"product","link":"https:\/\/www.bobooaza.pl\/index.php\/produkt\/danpol-materac-eco-komfort-120x60x10-t18dcp\/","title":{"rendered":"DANPOL Materac ECO KOMFORT 120x60x10 T18DCP"},"content":{"rendered":"<p>Materac DANPOL ECO KOMFORT 120x60x10 T18DCP jest jednostronny i przeznaczony do codziennego u\u017cytkowania w \u0142\u00f3\u017ceczku. Pokrowiec wykonany z tkaniny kaszmir, kt\u00f3ra jest mi\u0119kka, delikatna w dotyku i charakteryzuje si\u0119 znakomit\u0105 izolacyjno\u015bci\u0105 ciepln\u0105, mo\u017cna pra\u0107 w temperaturze do 60\u00b0C, co poprawia w\u0142a\u015bciwo\u015bci antyalergiczne materaca. Wype\u0142nienie stanowi po\u0142\u0105czenie p\u0142yty z orzecha kokosowego ze wzmacnian\u0105 piank\u0105 poliuretanow\u0105 lub formatk\u0105 bonelow\u0105, co zapewnia odpowiedni\u0105 twardo\u015b\u0107 i komfort snu. Porowata struktura kokosa umo\u017cliwia swobodn\u0105 cyrkulacj\u0119 powietrza i kontrol\u0119 wilgotno\u015bci, a po\u0142\u0105czenie w\u0142\u00f3kien kokosa z naturalnym lateksem sprawia, \u017ce materac jest trwa\u0142y i odporny na odkszta\u0142cenia powsta\u0142e pod wp\u0142ywem nacisku.<\/p>\n","protected":false},"excerpt":{"rendered":"<p>Materac DANPOL ECO KOMFORT 120x60x10 T18DCP jest jednostronny i przeznaczony do codziennego u\u017cytkowania w \u0142\u00f3\u017ceczku. Pokrowiec wykonany z tkaniny kaszmir, kt\u00f3ra jest mi\u0119kka, delikatna w dotyku i charakteryzuje si\u0119 znakomit\u0105 izolacyjno\u015bci\u0105 ciepln\u0105, mo\u017cna pra\u0107 w temperaturze do 60\u00b0C, co poprawia w\u0142a\u015bciwo\u015bci antyalergiczne materaca. Wype\u0142nienie stanowi po\u0142\u0105czenie p\u0142yty z orzecha kokosowego ze wzmacnian\u0105 piank\u0105 poliuretanow\u0105 lub [&hellip;]<\/p>\n","protected":false},"featured_media":11093,"comment_status":"open","ping_status":"closed","template":"","meta":[],"product_brand":[],"product_cat":[76,123,126,121,84],"product_tag":[],"class_list":{"0":"post-11095","1":"product","2":"type-product","3":"status-publish","4":"has-post-thumbnail","6":"product_cat-dziecko","7":"product_cat-lozeczka","8":"product_cat-materace","9":"product_cat-meble","10":"product_cat-pokoj-dziecka","12":"first","13":"instock","14":"taxable","15":"shipping-taxable","16":"purchasable","17":"product-type-simple"},"_links":{"self":[{"href":"https:\/\/www.bobooaza.pl\/index.php\/wp-json\/wp\/v2\/product\/11095","targetHints":{"allow":["GET"]}}],"collection":[{"href":"https:\/\/www.bobooaza.pl\/index.php\/wp-json\/wp\/v2\/product"}],"about":[{"href":"https:\/\/www.bobooaza.pl\/index.php\/wp-json\/wp\/v2\/types\/product"}],"replies":[{"embeddable":true,"href":"https:\/\/www.bobooaza.pl\/index.php\/wp-json\/wp\/v2\/comments?post=11095"}],"wp:featuredmedia":[{"embeddable":true,"href":"https:\/\/www.bobooaza.pl\/index.php\/wp-json\/wp\/v2\/media\/11093"}],"wp:attachment":[{"href":"https:\/\/www.bobooaza.pl\/index.php\/wp-json\/wp\/v2\/media?parent=11095"}],"wp:term":[{"taxonomy":"product_brand","embeddable":true,"href":"https:\/\/www.bobooaza.pl\/index.php\/wp-json\/wp\/v2\/product_brand?post=11095"},{"taxonomy":"product_cat","embeddable":true,"href":"https:\/\/www.bobooaza.pl\/index.php\/wp-json\/wp\/v2\/product_cat?post=11095"},{"taxonomy":"product_tag","embeddable":true,"href":"https:\/\/www.bobooaza.pl\/index.php\/wp-json\/wp\/v2\/product_tag?post=11095"}],"curies":[{"name":"wp","href":"https:\/\/api.w.org\/{rel}","templated":true}]}}