{"id":11100,"date":"2026-01-06T21:23:41","date_gmt":"2026-01-06T20:23:41","guid":{"rendered":"https:\/\/bobooaza.pl\/index.php\/produkt\/fiki-miki-materac-odeo-mohrpur1-140-70-11\/"},"modified":"2026-01-06T21:30:22","modified_gmt":"2026-01-06T20:30:22","slug":"fiki-miki-materac-odeo-mohrpur1-140-70-11","status":"publish","type":"product","link":"https:\/\/www.bobooaza.pl\/index.php\/produkt\/fiki-miki-materac-odeo-mohrpur1-140-70-11\/","title":{"rendered":"FIKI MIKI Materac ODEO MOHRPUR1 140\/70\/11"},"content":{"rendered":"<p>Materac dzieci\u0119cy Fiki Miki ODEO MOHRPUR1 140x70x11 przeznaczony jest do stosowania w \u0142\u00f3\u017ceczku podczas snu i wypoczynku. Materac wspomaga prawid\u0142owy rozw\u00f3j kr\u0119gos\u0142upa, zapobiega wadom postawy i przeci\u0105\u017ceniom zwi\u0105zanym z wymuszon\u0105 pozycj\u0105 cia\u0142a, a tak\u017ce mo\u017ce wspiera\u0107 dzieci z zaburzeniami snu czy problemami uk\u0142adu ruchu, np. po porodowym uszkodzeniu splotu ramiennego lub w przypadku m\u00f3zgowego pora\u017cenia dzieci\u0119cego. Materac cechuje si\u0119 bardzo dobr\u0105 spr\u0119\u017cysto\u015bci\u0105, stabilnym podparciem plec\u00f3w, odpowiedni\u0105 twardo\u015bci\u0105 dla swobodnej zmiany pozycji niemowl\u0119cia, bezpiecznymi kraw\u0119dziami u\u0142atwiaj\u0105cymi pionizowanie i stawianie pierwszych krok\u00f3w, doskona\u0142\u0105 cyrkulacj\u0105 powietrza oraz wielowarstwowym pokrowcem w konstrukcji 3W \u0142atwym do utrzymania w czysto\u015bci. Materac jest odporny na zu\u017cycie i uszkodzenia.<\/p>\n","protected":false},"excerpt":{"rendered":"<p>Materac dzieci\u0119cy Fiki Miki ODEO MOHRPUR1 140x70x11 przeznaczony jest do stosowania w \u0142\u00f3\u017ceczku podczas snu i wypoczynku. Materac wspomaga prawid\u0142owy rozw\u00f3j kr\u0119gos\u0142upa, zapobiega wadom postawy i przeci\u0105\u017ceniom zwi\u0105zanym z wymuszon\u0105 pozycj\u0105 cia\u0142a, a tak\u017ce mo\u017ce wspiera\u0107 dzieci z zaburzeniami snu czy problemami uk\u0142adu ruchu, np. po porodowym uszkodzeniu splotu ramiennego lub w przypadku m\u00f3zgowego pora\u017cenia [&hellip;]<\/p>\n","protected":false},"featured_media":11096,"comment_status":"open","ping_status":"closed","template":"","meta":[],"product_brand":[],"product_cat":[76,123,126,121,84],"product_tag":[],"class_list":{"0":"post-11100","1":"product","2":"type-product","3":"status-publish","4":"has-post-thumbnail","6":"product_cat-dziecko","7":"product_cat-lozeczka","8":"product_cat-materace","9":"product_cat-meble","10":"product_cat-pokoj-dziecka","12":"first","13":"instock","14":"taxable","15":"shipping-taxable","16":"purchasable","17":"product-type-simple"},"_links":{"self":[{"href":"https:\/\/www.bobooaza.pl\/index.php\/wp-json\/wp\/v2\/product\/11100","targetHints":{"allow":["GET"]}}],"collection":[{"href":"https:\/\/www.bobooaza.pl\/index.php\/wp-json\/wp\/v2\/product"}],"about":[{"href":"https:\/\/www.bobooaza.pl\/index.php\/wp-json\/wp\/v2\/types\/product"}],"replies":[{"embeddable":true,"href":"https:\/\/www.bobooaza.pl\/index.php\/wp-json\/wp\/v2\/comments?post=11100"}],"wp:featuredmedia":[{"embeddable":true,"href":"https:\/\/www.bobooaza.pl\/index.php\/wp-json\/wp\/v2\/media\/11096"}],"wp:attachment":[{"href":"https:\/\/www.bobooaza.pl\/index.php\/wp-json\/wp\/v2\/media?parent=11100"}],"wp:term":[{"taxonomy":"product_brand","embeddable":true,"href":"https:\/\/www.bobooaza.pl\/index.php\/wp-json\/wp\/v2\/product_brand?post=11100"},{"taxonomy":"product_cat","embeddable":true,"href":"https:\/\/www.bobooaza.pl\/index.php\/wp-json\/wp\/v2\/product_cat?post=11100"},{"taxonomy":"product_tag","embeddable":true,"href":"https:\/\/www.bobooaza.pl\/index.php\/wp-json\/wp\/v2\/product_tag?post=11100"}],"curies":[{"name":"wp","href":"https:\/\/api.w.org\/{rel}","templated":true}]}}