{"id":11105,"date":"2026-01-06T21:23:45","date_gmt":"2026-01-06T20:23:45","guid":{"rendered":"https:\/\/bobooaza.pl\/index.php\/produkt\/danpol-materac-eco-komfort-120x60x10-t18-dp-m\/"},"modified":"2026-01-06T21:30:23","modified_gmt":"2026-01-06T20:30:23","slug":"danpol-materac-eco-komfort-120x60x10-t18-dp-m","status":"publish","type":"product","link":"https:\/\/www.bobooaza.pl\/index.php\/produkt\/danpol-materac-eco-komfort-120x60x10-t18-dp-m\/","title":{"rendered":"DANPOL Materac ECO KOMFORT 120x60x10 T18 DP\/M"},"content":{"rendered":"<p>Materac DANPOL ECO KOMFORT 120x60x10 T18 DP\/M jest jednostronny. Pokrowiec wykonany jest z dzianiny o w\u0142a\u015bciwo\u015bciach antybakteryjnych, kt\u00f3ra zapobiega rozwojowi roztoczy i utrzymuje \u015bwie\u017co\u015b\u0107. Wype\u0142nienie stanowi po\u0142\u0105czenie p\u0142yty z orzecha kokosowego ze wzmacnian\u0105 piank\u0105 poliuretanow\u0105 lub formatk\u0105 bonelow\u0105. Porowata struktura kokosa zapewnia cyrkulacj\u0119 powietrza i odprowadza wilgo\u0107, a po\u0142\u0105czenie w\u0142\u00f3kien kokosowych z naturalnym lateksem zwi\u0119ksza trwa\u0142o\u015b\u0107 materaca i odporno\u015b\u0107 na odkszta\u0142cenia.<\/p>\n","protected":false},"excerpt":{"rendered":"<p>Materac DANPOL ECO KOMFORT 120x60x10 T18 DP\/M jest jednostronny. Pokrowiec wykonany jest z dzianiny o w\u0142a\u015bciwo\u015bciach antybakteryjnych, kt\u00f3ra zapobiega rozwojowi roztoczy i utrzymuje \u015bwie\u017co\u015b\u0107. Wype\u0142nienie stanowi po\u0142\u0105czenie p\u0142yty z orzecha kokosowego ze wzmacnian\u0105 piank\u0105 poliuretanow\u0105 lub formatk\u0105 bonelow\u0105. Porowata struktura kokosa zapewnia cyrkulacj\u0119 powietrza i odprowadza wilgo\u0107, a po\u0142\u0105czenie w\u0142\u00f3kien kokosowych z naturalnym lateksem zwi\u0119ksza [&hellip;]<\/p>\n","protected":false},"featured_media":11103,"comment_status":"open","ping_status":"closed","template":"","meta":[],"product_brand":[],"product_cat":[76,123,126,121,84],"product_tag":[],"class_list":{"0":"post-11105","1":"product","2":"type-product","3":"status-publish","4":"has-post-thumbnail","6":"product_cat-dziecko","7":"product_cat-lozeczka","8":"product_cat-materace","9":"product_cat-meble","10":"product_cat-pokoj-dziecka","12":"first","13":"instock","14":"taxable","15":"shipping-taxable","16":"purchasable","17":"product-type-simple"},"_links":{"self":[{"href":"https:\/\/www.bobooaza.pl\/index.php\/wp-json\/wp\/v2\/product\/11105","targetHints":{"allow":["GET"]}}],"collection":[{"href":"https:\/\/www.bobooaza.pl\/index.php\/wp-json\/wp\/v2\/product"}],"about":[{"href":"https:\/\/www.bobooaza.pl\/index.php\/wp-json\/wp\/v2\/types\/product"}],"replies":[{"embeddable":true,"href":"https:\/\/www.bobooaza.pl\/index.php\/wp-json\/wp\/v2\/comments?post=11105"}],"wp:featuredmedia":[{"embeddable":true,"href":"https:\/\/www.bobooaza.pl\/index.php\/wp-json\/wp\/v2\/media\/11103"}],"wp:attachment":[{"href":"https:\/\/www.bobooaza.pl\/index.php\/wp-json\/wp\/v2\/media?parent=11105"}],"wp:term":[{"taxonomy":"product_brand","embeddable":true,"href":"https:\/\/www.bobooaza.pl\/index.php\/wp-json\/wp\/v2\/product_brand?post=11105"},{"taxonomy":"product_cat","embeddable":true,"href":"https:\/\/www.bobooaza.pl\/index.php\/wp-json\/wp\/v2\/product_cat?post=11105"},{"taxonomy":"product_tag","embeddable":true,"href":"https:\/\/www.bobooaza.pl\/index.php\/wp-json\/wp\/v2\/product_tag?post=11105"}],"curies":[{"name":"wp","href":"https:\/\/api.w.org\/{rel}","templated":true}]}}