{"id":11107,"date":"2026-01-06T21:23:47","date_gmt":"2026-01-06T20:23:47","guid":{"rendered":"https:\/\/bobooaza.pl\/index.php\/produkt\/albero-mio-materac-piankowy-do-lozeczka-90x40-cm\/"},"modified":"2026-01-19T21:54:21","modified_gmt":"2026-01-19T20:54:21","slug":"albero-mio-materac-piankowy-do-lozeczka-90x40-cm","status":"publish","type":"product","link":"https:\/\/www.bobooaza.pl\/index.php\/produkt\/albero-mio-materac-piankowy-do-lozeczka-90x40-cm\/","title":{"rendered":"ALBERO MIO Materac piankowy do \u0142\u00f3\u017ceczka 90&#215;40 cm"},"content":{"rendered":"<p>Materac piankowy ALBERO MIO do \u0142\u00f3\u017ceczka o wymiarach 90x40x6 cm posiada wk\u0142ad z pianki poliuretanowej. Pokrowiec wykonany jest z dzianiny materacykowej z 100% poliestru.<\/p>\n","protected":false},"excerpt":{"rendered":"<p>Materac piankowy ALBERO MIO do \u0142\u00f3\u017ceczka o wymiarach 90x40x6 cm posiada wk\u0142ad z pianki poliuretanowej. Pokrowiec wykonany jest z dzianiny materacykowej z 100% poliestru.<\/p>\n","protected":false},"featured_media":11106,"comment_status":"open","ping_status":"closed","template":"","meta":[],"product_brand":[],"product_cat":[76,123,126,121,84],"product_tag":[],"class_list":{"0":"post-11107","1":"product","2":"type-product","3":"status-publish","4":"has-post-thumbnail","6":"product_cat-dziecko","7":"product_cat-lozeczka","8":"product_cat-materace","9":"product_cat-meble","10":"product_cat-pokoj-dziecka","12":"first","13":"instock","14":"taxable","15":"shipping-taxable","16":"purchasable","17":"product-type-simple"},"_links":{"self":[{"href":"https:\/\/www.bobooaza.pl\/index.php\/wp-json\/wp\/v2\/product\/11107","targetHints":{"allow":["GET"]}}],"collection":[{"href":"https:\/\/www.bobooaza.pl\/index.php\/wp-json\/wp\/v2\/product"}],"about":[{"href":"https:\/\/www.bobooaza.pl\/index.php\/wp-json\/wp\/v2\/types\/product"}],"replies":[{"embeddable":true,"href":"https:\/\/www.bobooaza.pl\/index.php\/wp-json\/wp\/v2\/comments?post=11107"}],"wp:featuredmedia":[{"embeddable":true,"href":"https:\/\/www.bobooaza.pl\/index.php\/wp-json\/wp\/v2\/media\/11106"}],"wp:attachment":[{"href":"https:\/\/www.bobooaza.pl\/index.php\/wp-json\/wp\/v2\/media?parent=11107"}],"wp:term":[{"taxonomy":"product_brand","embeddable":true,"href":"https:\/\/www.bobooaza.pl\/index.php\/wp-json\/wp\/v2\/product_brand?post=11107"},{"taxonomy":"product_cat","embeddable":true,"href":"https:\/\/www.bobooaza.pl\/index.php\/wp-json\/wp\/v2\/product_cat?post=11107"},{"taxonomy":"product_tag","embeddable":true,"href":"https:\/\/www.bobooaza.pl\/index.php\/wp-json\/wp\/v2\/product_tag?post=11107"}],"curies":[{"name":"wp","href":"https:\/\/api.w.org\/{rel}","templated":true}]}}