{"id":11111,"date":"2026-01-07T13:37:27","date_gmt":"2026-01-07T12:37:27","guid":{"rendered":"https:\/\/bobooaza.pl\/index.php\/produkt\/baby-design-krzeselko-pepe-new-05-turquoise\/"},"modified":"2026-01-07T13:47:17","modified_gmt":"2026-01-07T12:47:17","slug":"baby-design-krzeselko-pepe-new-05-turquoise","status":"publish","type":"product","link":"https:\/\/www.bobooaza.pl\/index.php\/produkt\/baby-design-krzeselko-pepe-new-05-turquoise\/","title":{"rendered":"BABY DESIGN Krzese\u0142ko PEPE NEW 05 turquoise"},"content":{"rendered":"<p>Krzese\u0142ko do karmienia Baby Design Pepe New 05 Turquoise to praktyczne i wygodne rozwi\u0105zanie dla rodzic\u00f3w, kt\u00f3rzy szukaj\u0105 bezpiecznego mebla dopasowanego do potrzeb rosn\u0105cego dziecka.<br \/>\n Model oferuje sze\u015bciostopniow\u0105 regulacj\u0119 wysoko\u015bci siedziska, trzystopniow\u0105 regulacj\u0119 oparcia oraz podn\u00f3\u017cka, co zapewnia prawid\u0142ow\u0105 pozycj\u0119 dziecka podczas posi\u0142k\u00f3w i zabawy. Regulowana w trzech zakresach g\u0142\u0119boko\u015b\u0107 blatu oraz dodatkowa tacka nak\u0142adana na g\u0142\u00f3wny blat umo\u017cliwiaj\u0105 komfortowe karmienie i szybkie serwowanie posi\u0142k\u00f3w, a mo\u017cliwo\u015b\u0107 zdj\u0119cia obu tacek znacznie u\u0142atwia utrzymanie czysto\u015bci. Pi\u0119ciopunktowe pasy bezpiecze\u0144stwa z mi\u0119kkimi otulinkami gwarantuj\u0105 stabilno\u015b\u0107 i wysoki poziom ochrony. Krzese\u0142ko wyposa\u017cono w mi\u0119kk\u0105, ceratkow\u0105 tapicerk\u0119 \u0142atw\u0105 do czyszczenia oraz praktyczny koszyczek na drobiazgi umieszczony pod siedziskiem. System szybkiego i prostego sk\u0142adania sprawia, \u017ce krzese\u0142ko zajmuje niewiele miejsca po z\u0142o\u017ceniu. Wymiary roz\u0142o\u017conego krzese\u0142ka wynosz\u0105 63 x 84 x 108 cm, po z\u0142o\u017ceniu 60 x 92 x 33 cm, siedzisko ma 24 x 50 x 39 cm, a ca\u0142kowita waga produktu to 9,4 kg.<\/p>\n","protected":false},"excerpt":{"rendered":"<p>Krzese\u0142ko do karmienia Baby Design Pepe New 05 Turquoise to praktyczne i wygodne rozwi\u0105zanie dla rodzic\u00f3w, kt\u00f3rzy szukaj\u0105 bezpiecznego mebla dopasowanego do potrzeb rosn\u0105cego dziecka. Model oferuje sze\u015bciostopniow\u0105 regulacj\u0119 wysoko\u015bci siedziska, trzystopniow\u0105 regulacj\u0119 oparcia oraz podn\u00f3\u017cka, co zapewnia prawid\u0142ow\u0105 pozycj\u0119 dziecka podczas posi\u0142k\u00f3w i zabawy. Regulowana w trzech zakresach g\u0142\u0119boko\u015b\u0107 blatu oraz dodatkowa tacka nak\u0142adana [&hellip;]<\/p>\n","protected":false},"featured_media":11110,"comment_status":"open","ping_status":"closed","template":"","meta":[],"product_brand":[],"product_cat":[76,63,80],"product_tag":[],"class_list":{"0":"post-11111","1":"product","2":"type-product","3":"status-publish","4":"has-post-thumbnail","6":"product_cat-dziecko","7":"product_cat-karmienie","8":"product_cat-krzeselka-dzieciece","10":"first","11":"outofstock","12":"taxable","13":"shipping-taxable","14":"purchasable","15":"product-type-simple"},"_links":{"self":[{"href":"https:\/\/www.bobooaza.pl\/index.php\/wp-json\/wp\/v2\/product\/11111","targetHints":{"allow":["GET"]}}],"collection":[{"href":"https:\/\/www.bobooaza.pl\/index.php\/wp-json\/wp\/v2\/product"}],"about":[{"href":"https:\/\/www.bobooaza.pl\/index.php\/wp-json\/wp\/v2\/types\/product"}],"replies":[{"embeddable":true,"href":"https:\/\/www.bobooaza.pl\/index.php\/wp-json\/wp\/v2\/comments?post=11111"}],"wp:featuredmedia":[{"embeddable":true,"href":"https:\/\/www.bobooaza.pl\/index.php\/wp-json\/wp\/v2\/media\/11110"}],"wp:attachment":[{"href":"https:\/\/www.bobooaza.pl\/index.php\/wp-json\/wp\/v2\/media?parent=11111"}],"wp:term":[{"taxonomy":"product_brand","embeddable":true,"href":"https:\/\/www.bobooaza.pl\/index.php\/wp-json\/wp\/v2\/product_brand?post=11111"},{"taxonomy":"product_cat","embeddable":true,"href":"https:\/\/www.bobooaza.pl\/index.php\/wp-json\/wp\/v2\/product_cat?post=11111"},{"taxonomy":"product_tag","embeddable":true,"href":"https:\/\/www.bobooaza.pl\/index.php\/wp-json\/wp\/v2\/product_tag?post=11111"}],"curies":[{"name":"wp","href":"https:\/\/api.w.org\/{rel}","templated":true}]}}