{"id":11114,"date":"2026-01-07T13:37:32","date_gmt":"2026-01-07T12:37:32","guid":{"rendered":"https:\/\/bobooaza.pl\/index.php\/produkt\/klups-krzeselko-wielofunkcyjne-aga-sosna-c4-rozowe\/"},"modified":"2026-01-07T13:47:18","modified_gmt":"2026-01-07T12:47:18","slug":"klups-krzeselko-wielofunkcyjne-aga-sosna-c4-rozowe","status":"publish","type":"product","link":"https:\/\/www.bobooaza.pl\/index.php\/produkt\/klups-krzeselko-wielofunkcyjne-aga-sosna-c4-rozowe\/","title":{"rendered":"KLUP\u015a Krzese\u0142ko wielofunkcyjne AGA sosna C4 r\u00f3\u017cowe"},"content":{"rendered":"<p>Krzese\u0142ko do karmienia Klup\u015b Aga I w kolorze sosna C4 z r\u00f3\u017cow\u0105 tapicerk\u0105 to praktyczne i wielofunkcyjne rozwi\u0105zanie, kt\u00f3re sprawdzi si\u0119 na r\u00f3\u017cnych etapach rozwoju dziecka. Model zosta\u0142 zaprojektowany tak, aby mo\u017cna go by\u0142o \u0142atwo roz\u0142o\u017cy\u0107 na osobne krzese\u0142ko i stolik, co zwi\u0119ksza jego funkcjonalno\u015b\u0107 i pozwala na d\u0142u\u017csze u\u017cytkowanie. Konstrukcja wykonana z naturalnego drewna sosnowego oraz trwa\u0142ej p\u0142yty meblowej zapewnia stabilno\u015b\u0107 i odporno\u015b\u0107 na codzienne u\u017cytkowanie. Krzese\u0142ko wyposa\u017cono w tapicerk\u0119 z ceraty, kt\u00f3ra jest \u0142atwa do czyszczenia i idealnie nadaje si\u0119 do karmienia malucha. Klasyczna kolorystyka sosny zosta\u0142a uzupe\u0142niona o r\u00f3\u017cowe elementy z nadrukiem r\u00f3\u017cnych wzor\u00f3w, dzi\u0119ki czemu model dobrze wpisuje si\u0119 w aran\u017cacj\u0119 dzieci\u0119cego wn\u0119trza. Wymiary krzese\u0142ka wynosz\u0105 84 x 46 x 49 cm.<\/p>\n","protected":false},"excerpt":{"rendered":"<p>Krzese\u0142ko do karmienia Klup\u015b Aga I w kolorze sosna C4 z r\u00f3\u017cow\u0105 tapicerk\u0105 to praktyczne i wielofunkcyjne rozwi\u0105zanie, kt\u00f3re sprawdzi si\u0119 na r\u00f3\u017cnych etapach rozwoju dziecka. Model zosta\u0142 zaprojektowany tak, aby mo\u017cna go by\u0142o \u0142atwo roz\u0142o\u017cy\u0107 na osobne krzese\u0142ko i stolik, co zwi\u0119ksza jego funkcjonalno\u015b\u0107 i pozwala na d\u0142u\u017csze u\u017cytkowanie. Konstrukcja wykonana z naturalnego drewna [&hellip;]<\/p>\n","protected":false},"featured_media":11112,"comment_status":"open","ping_status":"closed","template":"","meta":[],"product_brand":[],"product_cat":[76,63,80],"product_tag":[],"class_list":{"0":"post-11114","1":"product","2":"type-product","3":"status-publish","4":"has-post-thumbnail","6":"product_cat-dziecko","7":"product_cat-karmienie","8":"product_cat-krzeselka-dzieciece","10":"first","11":"outofstock","12":"taxable","13":"shipping-taxable","14":"purchasable","15":"product-type-simple"},"_links":{"self":[{"href":"https:\/\/www.bobooaza.pl\/index.php\/wp-json\/wp\/v2\/product\/11114","targetHints":{"allow":["GET"]}}],"collection":[{"href":"https:\/\/www.bobooaza.pl\/index.php\/wp-json\/wp\/v2\/product"}],"about":[{"href":"https:\/\/www.bobooaza.pl\/index.php\/wp-json\/wp\/v2\/types\/product"}],"replies":[{"embeddable":true,"href":"https:\/\/www.bobooaza.pl\/index.php\/wp-json\/wp\/v2\/comments?post=11114"}],"wp:featuredmedia":[{"embeddable":true,"href":"https:\/\/www.bobooaza.pl\/index.php\/wp-json\/wp\/v2\/media\/11112"}],"wp:attachment":[{"href":"https:\/\/www.bobooaza.pl\/index.php\/wp-json\/wp\/v2\/media?parent=11114"}],"wp:term":[{"taxonomy":"product_brand","embeddable":true,"href":"https:\/\/www.bobooaza.pl\/index.php\/wp-json\/wp\/v2\/product_brand?post=11114"},{"taxonomy":"product_cat","embeddable":true,"href":"https:\/\/www.bobooaza.pl\/index.php\/wp-json\/wp\/v2\/product_cat?post=11114"},{"taxonomy":"product_tag","embeddable":true,"href":"https:\/\/www.bobooaza.pl\/index.php\/wp-json\/wp\/v2\/product_tag?post=11114"}],"curies":[{"name":"wp","href":"https:\/\/api.w.org\/{rel}","templated":true}]}}