{"id":11116,"date":"2026-01-07T13:37:35","date_gmt":"2026-01-07T12:37:35","guid":{"rendered":"https:\/\/bobooaza.pl\/index.php\/produkt\/euro-cart-krzeselko-do-karmienia-baila-elephant\/"},"modified":"2026-01-07T13:47:19","modified_gmt":"2026-01-07T12:47:19","slug":"euro-cart-krzeselko-do-karmienia-baila-elephant","status":"publish","type":"product","link":"https:\/\/www.bobooaza.pl\/index.php\/produkt\/euro-cart-krzeselko-do-karmienia-baila-elephant\/","title":{"rendered":"EURO-CART Krzese\u0142ko do karmienia BAILA ELEPHANT"},"content":{"rendered":"<p>Krzese\u0142ko do karmienia Euro-Cart Baila Elephant to uniwersalne i wielofunkcyjne rozwi\u0105zanie zaprojektowane z my\u015bl\u0105 o komforcie, bezpiecze\u0144stwie i d\u0142ugim okresie u\u017cytkowania. Model oferuje sze\u015bciostopniow\u0105 regulacj\u0119 wysoko\u015bci siedziska, trzystopniow\u0105 regulacj\u0119 po\u0142o\u017cenia tacki, k\u0105ta nachylenia oparcia oraz wysoko\u015bci podn\u00f3\u017cka, co pozwala precyzyjnie dopasowa\u0107 krzese\u0142ko do wieku i wzrostu dziecka. Dwie tacki, w tym dodatkowa nak\u0142adka, u\u0142atwiaj\u0105 karmienie i szybkie sprz\u0105tanie po posi\u0142ku. Powlekana tapicerka o matowej, przyjemnej w dotyku strukturze nie klei si\u0119 i jest \u0142atwa w czyszczeniu, a mo\u017cliwo\u015b\u0107 jej demonta\u017cu pozwala na pranie. Pi\u0119ciopunktowe pasy bezpiecze\u0144stwa oraz stabilna konstrukcja gwarantuj\u0105 wysoki poziom ochrony podczas u\u017cytkowania. Krzese\u0142ko wyposa\u017cono w szerokie gumowe stopery na przednich nogach, kt\u00f3re nie rysuj\u0105 pod\u0142ogi, oraz k\u00f3\u0142ka z hamulcami na tylnych nogach u\u0142atwiaj\u0105ce przemieszczanie. Produkt spe\u0142nia europejsk\u0105 norm\u0119 bezpiecze\u0144stwa EN 14988. Wymiary krzese\u0142ka w najwy\u017cszej pozycji wynosz\u0105 80 x 62 x 100 cm, po z\u0142o\u017ceniu 33 x 62 x 85 cm, zakres regulacji wysoko\u015bci siedziska to 40\u201369,5 cm.<\/p>\n","protected":false},"excerpt":{"rendered":"<p>Krzese\u0142ko do karmienia Euro-Cart Baila Elephant to uniwersalne i wielofunkcyjne rozwi\u0105zanie zaprojektowane z my\u015bl\u0105 o komforcie, bezpiecze\u0144stwie i d\u0142ugim okresie u\u017cytkowania. Model oferuje sze\u015bciostopniow\u0105 regulacj\u0119 wysoko\u015bci siedziska, trzystopniow\u0105 regulacj\u0119 po\u0142o\u017cenia tacki, k\u0105ta nachylenia oparcia oraz wysoko\u015bci podn\u00f3\u017cka, co pozwala precyzyjnie dopasowa\u0107 krzese\u0142ko do wieku i wzrostu dziecka. Dwie tacki, w tym dodatkowa nak\u0142adka, u\u0142atwiaj\u0105 karmienie [&hellip;]<\/p>\n","protected":false},"featured_media":11115,"comment_status":"open","ping_status":"closed","template":"","meta":[],"product_brand":[],"product_cat":[76,63,80],"product_tag":[],"class_list":{"0":"post-11116","1":"product","2":"type-product","3":"status-publish","4":"has-post-thumbnail","6":"product_cat-dziecko","7":"product_cat-karmienie","8":"product_cat-krzeselka-dzieciece","10":"first","11":"outofstock","12":"taxable","13":"shipping-taxable","14":"purchasable","15":"product-type-simple"},"_links":{"self":[{"href":"https:\/\/www.bobooaza.pl\/index.php\/wp-json\/wp\/v2\/product\/11116","targetHints":{"allow":["GET"]}}],"collection":[{"href":"https:\/\/www.bobooaza.pl\/index.php\/wp-json\/wp\/v2\/product"}],"about":[{"href":"https:\/\/www.bobooaza.pl\/index.php\/wp-json\/wp\/v2\/types\/product"}],"replies":[{"embeddable":true,"href":"https:\/\/www.bobooaza.pl\/index.php\/wp-json\/wp\/v2\/comments?post=11116"}],"wp:featuredmedia":[{"embeddable":true,"href":"https:\/\/www.bobooaza.pl\/index.php\/wp-json\/wp\/v2\/media\/11115"}],"wp:attachment":[{"href":"https:\/\/www.bobooaza.pl\/index.php\/wp-json\/wp\/v2\/media?parent=11116"}],"wp:term":[{"taxonomy":"product_brand","embeddable":true,"href":"https:\/\/www.bobooaza.pl\/index.php\/wp-json\/wp\/v2\/product_brand?post=11116"},{"taxonomy":"product_cat","embeddable":true,"href":"https:\/\/www.bobooaza.pl\/index.php\/wp-json\/wp\/v2\/product_cat?post=11116"},{"taxonomy":"product_tag","embeddable":true,"href":"https:\/\/www.bobooaza.pl\/index.php\/wp-json\/wp\/v2\/product_tag?post=11116"}],"curies":[{"name":"wp","href":"https:\/\/api.w.org\/{rel}","templated":true}]}}