{"id":11142,"date":"2026-01-07T13:38:18","date_gmt":"2026-01-07T12:38:18","guid":{"rendered":"https:\/\/bobooaza.pl\/index.php\/produkt\/milly-mally-krzeselko-do-karmienia-2w1-malmo-grey\/"},"modified":"2026-01-19T21:54:22","modified_gmt":"2026-01-19T20:54:22","slug":"milly-mally-krzeselko-do-karmienia-2w1-malmo-grey","status":"publish","type":"product","link":"https:\/\/www.bobooaza.pl\/index.php\/produkt\/milly-mally-krzeselko-do-karmienia-2w1-malmo-grey\/","title":{"rendered":"MILLY MALLY Krzese\u0142ko do karmienia 2w1 Malmo Grey"},"content":{"rendered":"<p>Krzese\u0142ko do karmienia Milly Mally Malmo Grey to nowoczesne krzese\u0142ko 2w1 zaprojektowane z my\u015bl\u0105 o rodzicach ceni\u0105cych funkcjonalno\u015b\u0107, bezpiecze\u0144stwo i ponadczasowy design. Model ro\u015bnie razem z dzieckiem i mo\u017ce by\u0107 u\u017cytkowany od oko\u0142o 6 miesi\u0105ca \u017cycia a\u017c do 6 lat, pocz\u0105tkowo jako wysokie krzese\u0142ko do karmienia do 15 kg, a nast\u0119pnie jako niskie krzese\u0142ko oraz praktyczny zestaw krzese\u0142ko ze stolikiem do 25 kg. Dzi\u0119ki takiej konstrukcji Malmo doskonale sprawdza si\u0119 w codziennym u\u017cytkowaniu przez wiele lat.<\/p>\n<p>Krzese\u0142ko wyposa\u017cono w regulowane pi\u0119ciopunktowe pasy bezpiecze\u0144stwa z mi\u0119kkimi os\u0142onkami na ramiona oraz dodatkowe zabezpieczenie przed zsuni\u0119ciem si\u0119 dziecka, co zapewnia wysoki poziom komfortu i ochrony. Zdejmowana tacka z dodatkow\u0105 nak\u0142adk\u0105 posiada cztery poziomy regulacji odleg\u0142o\u015bci od siedziska oraz praktyczne wg\u0142\u0119bienie zapobiegaj\u0105ce przesuwaniu si\u0119 naczy\u0144 i zabawek. Ergonomicznie wyprofilowane, obszerne siedzisko z tapicerk\u0105 z ekosk\u00f3ry jest odporne na zabrudzenia i \u0142atwe do czyszczenia wilgotn\u0105 szmatk\u0105. Stabilna, a jednocze\u015bnie lekka konstrukcja oparta na nogach z drewna bukowego, wyposa\u017conych w antypo\u015blizgowe stopki, chroni pod\u0142og\u0119 przed zarysowaniem i u\u0142atwia przestawianie krzese\u0142ka. Model spe\u0142nia europejsk\u0105 norm\u0119 bezpiecze\u0144stwa EN 14988:2017+A1:2020, co czyni go bezpiecznym i solidnym wyborem dla rodzic\u00f3w poszukuj\u0105cych praktycznego krzese\u0142ka do karmienia w stonowanej, uniwersalnej kolorystyce.<\/p>\n","protected":false},"excerpt":{"rendered":"<p>Krzese\u0142ko do karmienia Milly Mally Malmo Grey to nowoczesne krzese\u0142ko 2w1 zaprojektowane z my\u015bl\u0105 o rodzicach ceni\u0105cych funkcjonalno\u015b\u0107, bezpiecze\u0144stwo i ponadczasowy design. Model ro\u015bnie razem z dzieckiem i mo\u017ce by\u0107 u\u017cytkowany od oko\u0142o 6 miesi\u0105ca \u017cycia a\u017c do 6 lat, pocz\u0105tkowo jako wysokie krzese\u0142ko do karmienia do 15 kg, a nast\u0119pnie jako niskie krzese\u0142ko oraz [&hellip;]<\/p>\n","protected":false},"featured_media":11135,"comment_status":"open","ping_status":"closed","template":"","meta":[],"product_brand":[],"product_cat":[76,63,80],"product_tag":[],"class_list":{"0":"post-11142","1":"product","2":"type-product","3":"status-publish","4":"has-post-thumbnail","6":"product_cat-dziecko","7":"product_cat-karmienie","8":"product_cat-krzeselka-dzieciece","10":"first","11":"outofstock","12":"taxable","13":"shipping-taxable","14":"purchasable","15":"product-type-simple"},"_links":{"self":[{"href":"https:\/\/www.bobooaza.pl\/index.php\/wp-json\/wp\/v2\/product\/11142","targetHints":{"allow":["GET"]}}],"collection":[{"href":"https:\/\/www.bobooaza.pl\/index.php\/wp-json\/wp\/v2\/product"}],"about":[{"href":"https:\/\/www.bobooaza.pl\/index.php\/wp-json\/wp\/v2\/types\/product"}],"replies":[{"embeddable":true,"href":"https:\/\/www.bobooaza.pl\/index.php\/wp-json\/wp\/v2\/comments?post=11142"}],"wp:featuredmedia":[{"embeddable":true,"href":"https:\/\/www.bobooaza.pl\/index.php\/wp-json\/wp\/v2\/media\/11135"}],"wp:attachment":[{"href":"https:\/\/www.bobooaza.pl\/index.php\/wp-json\/wp\/v2\/media?parent=11142"}],"wp:term":[{"taxonomy":"product_brand","embeddable":true,"href":"https:\/\/www.bobooaza.pl\/index.php\/wp-json\/wp\/v2\/product_brand?post=11142"},{"taxonomy":"product_cat","embeddable":true,"href":"https:\/\/www.bobooaza.pl\/index.php\/wp-json\/wp\/v2\/product_cat?post=11142"},{"taxonomy":"product_tag","embeddable":true,"href":"https:\/\/www.bobooaza.pl\/index.php\/wp-json\/wp\/v2\/product_tag?post=11142"}],"curies":[{"name":"wp","href":"https:\/\/api.w.org\/{rel}","templated":true}]}}