{"id":11144,"date":"2026-01-07T13:38:23","date_gmt":"2026-01-07T12:38:23","guid":{"rendered":"https:\/\/bobooaza.pl\/index.php\/produkt\/kinderkraft-krzeselko-do-karmienia-sienna-grey\/"},"modified":"2026-01-07T13:47:22","modified_gmt":"2026-01-07T12:47:22","slug":"kinderkraft-krzeselko-do-karmienia-sienna-grey","status":"publish","type":"product","link":"https:\/\/www.bobooaza.pl\/index.php\/produkt\/kinderkraft-krzeselko-do-karmienia-sienna-grey\/","title":{"rendered":"KINDERKRAFT Krzese\u0142ko do karmienia SIENNA grey"},"content":{"rendered":"<p>Krzese\u0142ko do karmienia Kinderkraft Sienna Grey to praktyczne i nowoczesne rozwi\u0105zanie 2w1, kt\u00f3re sprawdzi si\u0119 zar\u00f3wno podczas pierwszych posi\u0142k\u00f3w, jak i w p\u00f3\u017aniejszym okresie u\u017cytkowania. Model zosta\u0142 zaprojektowany dla dzieci od oko\u0142o 6 miesi\u0105ca \u017cycia i mo\u017ce pe\u0142ni\u0107 funkcj\u0119 wysokiego krzese\u0142ka do karmienia do 15 kg, a po odkr\u0119ceniu n\u00f3g r\u00f3wnie\u017c wygodnego krzese\u0142ka dla starszego dziecka o wadze do 20 kg. Dzi\u0119ki takiej konstrukcji krzese\u0142ko towarzyszy dziecku podczas nauki jedzenia, wsp\u00f3lnych posi\u0142k\u00f3w oraz codziennej zabawy.<\/p>\n<p>Szerokie, komfortowe siedzisko wyposa\u017cone w pi\u0119ciopunktowe pasy bezpiecze\u0144stwa oraz mi\u0119kk\u0105, jednokolorow\u0105 wk\u0142adk\u0119 zapewnia dziecku wygod\u0119 i odpowiednie podparcie. Odczepiana tacka i podn\u00f3\u017cek u\u0142atwiaj\u0105 dopasowanie krzese\u0142ka do wieku malucha oraz jego potrzeb, a g\u0142adkie powierzchnie pozwalaj\u0105 na szybkie czyszczenie wilgotn\u0105 \u015bciereczk\u0105. Stabilna i jednocze\u015bnie lekka konstrukcja oparta na solidnych nogach z drewna bukowego, wyposa\u017conych w antypo\u015blizgowe ko\u0144c\u00f3wki, ogranicza ryzyko przesuwania si\u0119 krzese\u0142ka nawet na \u015bliskiej pod\u0142odze. Dodatkowym atutem jest praktyczny uchwyt w oparciu, kt\u00f3ry u\u0142atwia przenoszenie krzese\u0142ka, czyni\u0105c model Kinderkraft Sienna funkcjonalnym i bezpiecznym wyborem do codziennego u\u017cytkowania.<\/p>\n","protected":false},"excerpt":{"rendered":"<p>Krzese\u0142ko do karmienia Kinderkraft Sienna Grey to praktyczne i nowoczesne rozwi\u0105zanie 2w1, kt\u00f3re sprawdzi si\u0119 zar\u00f3wno podczas pierwszych posi\u0142k\u00f3w, jak i w p\u00f3\u017aniejszym okresie u\u017cytkowania. Model zosta\u0142 zaprojektowany dla dzieci od oko\u0142o 6 miesi\u0105ca \u017cycia i mo\u017ce pe\u0142ni\u0107 funkcj\u0119 wysokiego krzese\u0142ka do karmienia do 15 kg, a po odkr\u0119ceniu n\u00f3g r\u00f3wnie\u017c wygodnego krzese\u0142ka dla starszego [&hellip;]<\/p>\n","protected":false},"featured_media":11143,"comment_status":"open","ping_status":"closed","template":"","meta":[],"product_brand":[],"product_cat":[76,63,80],"product_tag":[],"class_list":{"0":"post-11144","1":"product","2":"type-product","3":"status-publish","4":"has-post-thumbnail","6":"product_cat-dziecko","7":"product_cat-karmienie","8":"product_cat-krzeselka-dzieciece","10":"first","11":"instock","12":"taxable","13":"shipping-taxable","14":"purchasable","15":"product-type-simple"},"_links":{"self":[{"href":"https:\/\/www.bobooaza.pl\/index.php\/wp-json\/wp\/v2\/product\/11144","targetHints":{"allow":["GET"]}}],"collection":[{"href":"https:\/\/www.bobooaza.pl\/index.php\/wp-json\/wp\/v2\/product"}],"about":[{"href":"https:\/\/www.bobooaza.pl\/index.php\/wp-json\/wp\/v2\/types\/product"}],"replies":[{"embeddable":true,"href":"https:\/\/www.bobooaza.pl\/index.php\/wp-json\/wp\/v2\/comments?post=11144"}],"wp:featuredmedia":[{"embeddable":true,"href":"https:\/\/www.bobooaza.pl\/index.php\/wp-json\/wp\/v2\/media\/11143"}],"wp:attachment":[{"href":"https:\/\/www.bobooaza.pl\/index.php\/wp-json\/wp\/v2\/media?parent=11144"}],"wp:term":[{"taxonomy":"product_brand","embeddable":true,"href":"https:\/\/www.bobooaza.pl\/index.php\/wp-json\/wp\/v2\/product_brand?post=11144"},{"taxonomy":"product_cat","embeddable":true,"href":"https:\/\/www.bobooaza.pl\/index.php\/wp-json\/wp\/v2\/product_cat?post=11144"},{"taxonomy":"product_tag","embeddable":true,"href":"https:\/\/www.bobooaza.pl\/index.php\/wp-json\/wp\/v2\/product_tag?post=11144"}],"curies":[{"name":"wp","href":"https:\/\/api.w.org\/{rel}","templated":true}]}}