{"id":11154,"date":"2026-01-07T13:38:34","date_gmt":"2026-01-07T12:38:34","guid":{"rendered":"https:\/\/bobooaza.pl\/index.php\/produkt\/4-baby-krzeselko-dzieciece-decco-black\/"},"modified":"2026-01-07T13:47:24","modified_gmt":"2026-01-07T12:47:24","slug":"4-baby-krzeselko-dzieciece-decco-black","status":"publish","type":"product","link":"https:\/\/www.bobooaza.pl\/index.php\/produkt\/4-baby-krzeselko-dzieciece-decco-black\/","title":{"rendered":"4 BABY Krzese\u0142ko dzieci\u0119ce DECCO BLACK"},"content":{"rendered":"<p>Krzese\u0142ko dzieci\u0119ce 4Baby Decco Black \u0142\u0105czy nowoczesny design z funkcjonalno\u015bci\u0105 i elegancj\u0105. Wyposa\u017cone w mi\u0119kk\u0105 tapicerk\u0119 z ekosk\u00f3ry, zapewnia wygod\u0119 i \u0142atwo\u015b\u0107 utrzymania w czysto\u015bci. Posiada pi\u0119ciopunktowe pasy bezpiecze\u0144stwa z os\u0142onkami na ramiona oraz dodatkowy element zabezpieczaj\u0105cy dziecko przed wypadni\u0119ciem z krzese\u0142ka.<\/p>\n<p>Krzes\u0142o umo\u017cliwia indywidualne dopasowanie dzi\u0119ki siedmiostopniowej regulacji wysoko\u015bci, pi\u0119ciostopniowej regulacji oparcia a\u017c do pozycji le\u017c\u0105cej oraz trzystopniowej regulacji podn\u00f3\u017cka. Podw\u00f3jna tacka z mo\u017cliwo\u015bci\u0105 regulacji i praktycznym miejscem na kubek lub butelk\u0119 u\u0142atwia karmienie i sprz\u0105tanie po posi\u0142kach.<\/p>\n<p>Wbudowane k\u00f3\u0142ka w tylnych nogach u\u0142atwiaj\u0105 przemieszczanie krzese\u0142ka, a lekka i stabilna konstrukcja pozwala na prawie ca\u0142kowite z\u0142o\u017cenie na p\u0142asko. Decco jest przeznaczone dla dzieci w wieku od 6 do 36 miesi\u0119cy i o maksymalnej masie cia\u0142a do 15 kg.<\/p>\n","protected":false},"excerpt":{"rendered":"<p>Krzese\u0142ko dzieci\u0119ce 4Baby Decco Black \u0142\u0105czy nowoczesny design z funkcjonalno\u015bci\u0105 i elegancj\u0105. Wyposa\u017cone w mi\u0119kk\u0105 tapicerk\u0119 z ekosk\u00f3ry, zapewnia wygod\u0119 i \u0142atwo\u015b\u0107 utrzymania w czysto\u015bci. Posiada pi\u0119ciopunktowe pasy bezpiecze\u0144stwa z os\u0142onkami na ramiona oraz dodatkowy element zabezpieczaj\u0105cy dziecko przed wypadni\u0119ciem z krzese\u0142ka. Krzes\u0142o umo\u017cliwia indywidualne dopasowanie dzi\u0119ki siedmiostopniowej regulacji wysoko\u015bci, pi\u0119ciostopniowej regulacji oparcia a\u017c do [&hellip;]<\/p>\n","protected":false},"featured_media":11151,"comment_status":"open","ping_status":"closed","template":"","meta":[],"product_brand":[],"product_cat":[76,63,80],"product_tag":[],"class_list":{"0":"post-11154","1":"product","2":"type-product","3":"status-publish","4":"has-post-thumbnail","6":"product_cat-dziecko","7":"product_cat-karmienie","8":"product_cat-krzeselka-dzieciece","10":"first","11":"instock","12":"taxable","13":"shipping-taxable","14":"purchasable","15":"product-type-simple"},"_links":{"self":[{"href":"https:\/\/www.bobooaza.pl\/index.php\/wp-json\/wp\/v2\/product\/11154","targetHints":{"allow":["GET"]}}],"collection":[{"href":"https:\/\/www.bobooaza.pl\/index.php\/wp-json\/wp\/v2\/product"}],"about":[{"href":"https:\/\/www.bobooaza.pl\/index.php\/wp-json\/wp\/v2\/types\/product"}],"replies":[{"embeddable":true,"href":"https:\/\/www.bobooaza.pl\/index.php\/wp-json\/wp\/v2\/comments?post=11154"}],"wp:featuredmedia":[{"embeddable":true,"href":"https:\/\/www.bobooaza.pl\/index.php\/wp-json\/wp\/v2\/media\/11151"}],"wp:attachment":[{"href":"https:\/\/www.bobooaza.pl\/index.php\/wp-json\/wp\/v2\/media?parent=11154"}],"wp:term":[{"taxonomy":"product_brand","embeddable":true,"href":"https:\/\/www.bobooaza.pl\/index.php\/wp-json\/wp\/v2\/product_brand?post=11154"},{"taxonomy":"product_cat","embeddable":true,"href":"https:\/\/www.bobooaza.pl\/index.php\/wp-json\/wp\/v2\/product_cat?post=11154"},{"taxonomy":"product_tag","embeddable":true,"href":"https:\/\/www.bobooaza.pl\/index.php\/wp-json\/wp\/v2\/product_tag?post=11154"}],"curies":[{"name":"wp","href":"https:\/\/api.w.org\/{rel}","templated":true}]}}