{"id":11158,"date":"2026-01-07T13:38:39","date_gmt":"2026-01-07T12:38:39","guid":{"rendered":"https:\/\/bobooaza.pl\/index.php\/produkt\/4-baby-krzeselko-dzieciece-decco-camel\/"},"modified":"2026-01-19T21:54:23","modified_gmt":"2026-01-19T20:54:23","slug":"4-baby-krzeselko-dzieciece-decco-camel","status":"publish","type":"product","link":"https:\/\/www.bobooaza.pl\/index.php\/produkt\/4-baby-krzeselko-dzieciece-decco-camel\/","title":{"rendered":"4 BABY Krzese\u0142ko dzieci\u0119ce DECCO CAMEL"},"content":{"rendered":"<p>Krzese\u0142ko dzieci\u0119ce 4Baby Decco Camel \u0142\u0105czy nowoczesny design z klasyczn\u0105 elegancj\u0105 i funkcjonalno\u015bci\u0105. Mi\u0119kka tapicerka z ekosk\u00f3ry zapewnia wygod\u0119 oraz \u0142atwo\u015b\u0107 utrzymania w czysto\u015bci, a praktyczna nak\u0142adka na tack\u0119 z miejscem na kubek lub butelk\u0119 u\u0142atwia karmienie i sprz\u0105tanie po posi\u0142kach. Dla bezpiecze\u0144stwa dziecka krzes\u0142o wyposa\u017cono w pi\u0119ciopunktowe pasy z os\u0142onkami na ramiona oraz dodatkowy element zabezpieczaj\u0105cy przed wypadni\u0119ciem.<\/p>\n<p>Krzes\u0142o umo\u017cliwia dopasowanie do potrzeb dziecka dzi\u0119ki siedmiostopniowej regulacji wysoko\u015bci, pi\u0119ciostopniowej regulacji oparcia a\u017c do pozycji le\u017c\u0105cej oraz trzystopniowej regulacji podn\u00f3\u017cka. Podw\u00f3jna tacka z mo\u017cliwo\u015bci\u0105 regulacji u\u0142atwia podawanie posi\u0142k\u00f3w, a wbudowane k\u00f3\u0142ka w tylnych nogach pozwalaj\u0105 na \u0142atwe przemieszczanie. Lekka i stabilna konstrukcja umo\u017cliwia prawie ca\u0142kowite z\u0142o\u017cenie krzese\u0142ka na p\u0142asko.<\/p>\n<p>Decco jest przeznaczone dla dzieci w wieku od 6 do 36 miesi\u0119cy o maksymalnej masie cia\u0142a do 15 kg.<\/p>\n","protected":false},"excerpt":{"rendered":"<p>Krzese\u0142ko dzieci\u0119ce 4Baby Decco Camel \u0142\u0105czy nowoczesny design z klasyczn\u0105 elegancj\u0105 i funkcjonalno\u015bci\u0105. Mi\u0119kka tapicerka z ekosk\u00f3ry zapewnia wygod\u0119 oraz \u0142atwo\u015b\u0107 utrzymania w czysto\u015bci, a praktyczna nak\u0142adka na tack\u0119 z miejscem na kubek lub butelk\u0119 u\u0142atwia karmienie i sprz\u0105tanie po posi\u0142kach. Dla bezpiecze\u0144stwa dziecka krzes\u0142o wyposa\u017cono w pi\u0119ciopunktowe pasy z os\u0142onkami na ramiona oraz dodatkowy [&hellip;]<\/p>\n","protected":false},"featured_media":11155,"comment_status":"open","ping_status":"closed","template":"","meta":[],"product_brand":[],"product_cat":[76,63,80],"product_tag":[],"class_list":{"0":"post-11158","1":"product","2":"type-product","3":"status-publish","4":"has-post-thumbnail","6":"product_cat-dziecko","7":"product_cat-karmienie","8":"product_cat-krzeselka-dzieciece","10":"first","11":"instock","12":"taxable","13":"shipping-taxable","14":"purchasable","15":"product-type-simple"},"_links":{"self":[{"href":"https:\/\/www.bobooaza.pl\/index.php\/wp-json\/wp\/v2\/product\/11158","targetHints":{"allow":["GET"]}}],"collection":[{"href":"https:\/\/www.bobooaza.pl\/index.php\/wp-json\/wp\/v2\/product"}],"about":[{"href":"https:\/\/www.bobooaza.pl\/index.php\/wp-json\/wp\/v2\/types\/product"}],"replies":[{"embeddable":true,"href":"https:\/\/www.bobooaza.pl\/index.php\/wp-json\/wp\/v2\/comments?post=11158"}],"wp:featuredmedia":[{"embeddable":true,"href":"https:\/\/www.bobooaza.pl\/index.php\/wp-json\/wp\/v2\/media\/11155"}],"wp:attachment":[{"href":"https:\/\/www.bobooaza.pl\/index.php\/wp-json\/wp\/v2\/media?parent=11158"}],"wp:term":[{"taxonomy":"product_brand","embeddable":true,"href":"https:\/\/www.bobooaza.pl\/index.php\/wp-json\/wp\/v2\/product_brand?post=11158"},{"taxonomy":"product_cat","embeddable":true,"href":"https:\/\/www.bobooaza.pl\/index.php\/wp-json\/wp\/v2\/product_cat?post=11158"},{"taxonomy":"product_tag","embeddable":true,"href":"https:\/\/www.bobooaza.pl\/index.php\/wp-json\/wp\/v2\/product_tag?post=11158"}],"curies":[{"name":"wp","href":"https:\/\/api.w.org\/{rel}","templated":true}]}}