{"id":11162,"date":"2026-01-07T18:34:37","date_gmt":"2026-01-07T17:34:37","guid":{"rendered":"https:\/\/bobooaza.pl\/index.php\/produkt\/disney-pln-012mn-kosz-na-zabawki-wesola-minnie\/"},"modified":"2026-01-07T18:55:58","modified_gmt":"2026-01-07T17:55:58","slug":"disney-pln-012mn-kosz-na-zabawki-wesola-minnie","status":"publish","type":"product","link":"https:\/\/www.bobooaza.pl\/index.php\/produkt\/disney-pln-012mn-kosz-na-zabawki-wesola-minnie\/","title":{"rendered":"DISNEY PLN-012MN Kosz na zabawki Weso\u0142a Minnie"},"content":{"rendered":"<p>Kosz na zabawki DISNEY PLN-012MN Weso\u0142a Minnie to idealne rozwi\u0105zanie dla rodzic\u00f3w, kt\u00f3rzy chc\u0105 wprowadzi\u0107 porz\u0105dek w pokojach dzieci\u0119cych, jednocze\u015bnie dodaj\u0105c odrobin\u0119 magii Disneya. Wykonany z wysokiej jako\u015bci materia\u0142\u00f3w, ten stylowy kosz zachwyca kolorowym wzornictwem z wizerunkiem uroczej Minnie Mouse, co sprawia, \u017ce stanie si\u0119 on ulubionym elementem wystroju ka\u017cdego ma\u0142ego mi\u0142o\u015bnika bajek.<\/p>\n<p>Pozwala pomie\u015bci\u0107 wiele zabawek, utrzymuj\u0105c przestrze\u0144 czyst\u0105 i uporz\u0105dkowan\u0105. Jego lekka konstrukcja u\u0142atwia przenoszenie. Kosz jest \u0142atwy do czyszczenia, co jest istotnym atutem w przypadku codziennego u\u017cytkowania.<\/p>\n<p>Idealny do dzieci\u0119cego pokoju, przedszkola czy podczas wakacyjnych wyjazd\u00f3w, kosz na zabawki DISNEY PLN-012MN to nie tylko praktyczny element, ale tak\u017ce pi\u0119kna dekoracja, kt\u00f3ra rozweseli ka\u017cde dziecko. Postaw na porz\u0105dek i styl w jednym, wybieraj\u0105c ulubiony kosz na zabawki z postaci\u0105 Weso\u0142ej Minnie!<\/p>\n","protected":false},"excerpt":{"rendered":"<p>Kosz na zabawki DISNEY PLN-012MN Weso\u0142a Minnie to idealne rozwi\u0105zanie dla rodzic\u00f3w, kt\u00f3rzy chc\u0105 wprowadzi\u0107 porz\u0105dek w pokojach dzieci\u0119cych, jednocze\u015bnie dodaj\u0105c odrobin\u0119 magii Disneya. Wykonany z wysokiej jako\u015bci materia\u0142\u00f3w, ten stylowy kosz zachwyca kolorowym wzornictwem z wizerunkiem uroczej Minnie Mouse, co sprawia, \u017ce stanie si\u0119 on ulubionym elementem wystroju ka\u017cdego ma\u0142ego mi\u0142o\u015bnika bajek. Pozwala pomie\u015bci\u0107 [&hellip;]<\/p>\n","protected":false},"featured_media":11161,"comment_status":"open","ping_status":"closed","template":"","meta":[],"product_brand":[],"product_cat":[76,107,84],"product_tag":[],"class_list":{"0":"post-11162","1":"product","2":"type-product","3":"status-publish","4":"has-post-thumbnail","6":"product_cat-dziecko","7":"product_cat-kosze-na-zabawki","8":"product_cat-pokoj-dziecka","10":"first","11":"outofstock","12":"taxable","13":"shipping-taxable","14":"purchasable","15":"product-type-simple"},"_links":{"self":[{"href":"https:\/\/www.bobooaza.pl\/index.php\/wp-json\/wp\/v2\/product\/11162","targetHints":{"allow":["GET"]}}],"collection":[{"href":"https:\/\/www.bobooaza.pl\/index.php\/wp-json\/wp\/v2\/product"}],"about":[{"href":"https:\/\/www.bobooaza.pl\/index.php\/wp-json\/wp\/v2\/types\/product"}],"replies":[{"embeddable":true,"href":"https:\/\/www.bobooaza.pl\/index.php\/wp-json\/wp\/v2\/comments?post=11162"}],"wp:featuredmedia":[{"embeddable":true,"href":"https:\/\/www.bobooaza.pl\/index.php\/wp-json\/wp\/v2\/media\/11161"}],"wp:attachment":[{"href":"https:\/\/www.bobooaza.pl\/index.php\/wp-json\/wp\/v2\/media?parent=11162"}],"wp:term":[{"taxonomy":"product_brand","embeddable":true,"href":"https:\/\/www.bobooaza.pl\/index.php\/wp-json\/wp\/v2\/product_brand?post=11162"},{"taxonomy":"product_cat","embeddable":true,"href":"https:\/\/www.bobooaza.pl\/index.php\/wp-json\/wp\/v2\/product_cat?post=11162"},{"taxonomy":"product_tag","embeddable":true,"href":"https:\/\/www.bobooaza.pl\/index.php\/wp-json\/wp\/v2\/product_tag?post=11162"}],"curies":[{"name":"wp","href":"https:\/\/api.w.org\/{rel}","templated":true}]}}