{"id":11168,"date":"2026-01-07T18:34:40","date_gmt":"2026-01-07T17:34:40","guid":{"rendered":"https:\/\/bobooaza.pl\/index.php\/produkt\/disney-pln-013mn-kosz-na-zabawki-okragly-minnie\/"},"modified":"2026-01-07T18:56:00","modified_gmt":"2026-01-07T17:56:00","slug":"disney-pln-013mn-kosz-na-zabawki-okragly-minnie","status":"publish","type":"product","link":"https:\/\/www.bobooaza.pl\/index.php\/produkt\/disney-pln-013mn-kosz-na-zabawki-okragly-minnie\/","title":{"rendered":"DISNEY PLN-013MN Kosz na zabawki okr\u0105g\u0142y Minnie"},"content":{"rendered":"<p>Okr\u0105g\u0142y kosz na zabawki Disney PLN-013MN z motywem Minnie to praktyczny i dekoracyjny organizer, kt\u00f3ry pomaga utrzyma\u0107 porz\u0105dek w dzieci\u0119cym pokoju. Wykonany z wytrzyma\u0142ych materia\u0142\u00f3w i ozdobiony uroczym wzorem Minnie doskonale wpisuje si\u0119 zar\u00f3wno w klasyczne, jak i nowoczesne aran\u017cacje. Umo\u017cliwia wygodne przechowywanie pluszak\u00f3w, klock\u00f3w i innych drobnych zabawek. Lekka konstrukcja pozwala na \u0142atwe przenoszenie. Produkt \u0142\u0105czy funkcjonalno\u015b\u0107 z estetycznym designem, kt\u00f3ry spodoba si\u0119 najm\u0142odszym.<\/p>\n","protected":false},"excerpt":{"rendered":"<p>Okr\u0105g\u0142y kosz na zabawki Disney PLN-013MN z motywem Minnie to praktyczny i dekoracyjny organizer, kt\u00f3ry pomaga utrzyma\u0107 porz\u0105dek w dzieci\u0119cym pokoju. Wykonany z wytrzyma\u0142ych materia\u0142\u00f3w i ozdobiony uroczym wzorem Minnie doskonale wpisuje si\u0119 zar\u00f3wno w klasyczne, jak i nowoczesne aran\u017cacje. Umo\u017cliwia wygodne przechowywanie pluszak\u00f3w, klock\u00f3w i innych drobnych zabawek. Lekka konstrukcja pozwala na \u0142atwe przenoszenie. [&hellip;]<\/p>\n","protected":false},"featured_media":11167,"comment_status":"open","ping_status":"closed","template":"","meta":[],"product_brand":[],"product_cat":[76,107,84],"product_tag":[],"class_list":{"0":"post-11168","1":"product","2":"type-product","3":"status-publish","4":"has-post-thumbnail","6":"product_cat-dziecko","7":"product_cat-kosze-na-zabawki","8":"product_cat-pokoj-dziecka","10":"first","11":"outofstock","12":"taxable","13":"shipping-taxable","14":"purchasable","15":"product-type-simple"},"_links":{"self":[{"href":"https:\/\/www.bobooaza.pl\/index.php\/wp-json\/wp\/v2\/product\/11168","targetHints":{"allow":["GET"]}}],"collection":[{"href":"https:\/\/www.bobooaza.pl\/index.php\/wp-json\/wp\/v2\/product"}],"about":[{"href":"https:\/\/www.bobooaza.pl\/index.php\/wp-json\/wp\/v2\/types\/product"}],"replies":[{"embeddable":true,"href":"https:\/\/www.bobooaza.pl\/index.php\/wp-json\/wp\/v2\/comments?post=11168"}],"wp:featuredmedia":[{"embeddable":true,"href":"https:\/\/www.bobooaza.pl\/index.php\/wp-json\/wp\/v2\/media\/11167"}],"wp:attachment":[{"href":"https:\/\/www.bobooaza.pl\/index.php\/wp-json\/wp\/v2\/media?parent=11168"}],"wp:term":[{"taxonomy":"product_brand","embeddable":true,"href":"https:\/\/www.bobooaza.pl\/index.php\/wp-json\/wp\/v2\/product_brand?post=11168"},{"taxonomy":"product_cat","embeddable":true,"href":"https:\/\/www.bobooaza.pl\/index.php\/wp-json\/wp\/v2\/product_cat?post=11168"},{"taxonomy":"product_tag","embeddable":true,"href":"https:\/\/www.bobooaza.pl\/index.php\/wp-json\/wp\/v2\/product_tag?post=11168"}],"curies":[{"name":"wp","href":"https:\/\/api.w.org\/{rel}","templated":true}]}}