{"id":11170,"date":"2026-01-07T18:49:10","date_gmt":"2026-01-07T17:49:10","guid":{"rendered":"https:\/\/bobooaza.pl\/index.php\/produkt\/ewa-916570-kocyk-bambus-szary-warkocz\/"},"modified":"2026-01-07T19:02:15","modified_gmt":"2026-01-07T18:02:15","slug":"ewa-916570-kocyk-bambus-szary-warkocz","status":"publish","type":"product","link":"https:\/\/www.bobooaza.pl\/index.php\/produkt\/ewa-916570-kocyk-bambus-szary-warkocz\/","title":{"rendered":"EWA 916570 Kocyk bambus szary warkocz"},"content":{"rendered":"<p>EWA 916570 to niemowl\u0119cy kocyk bambusowy w kolorze szarym o wymiarach 100 x 75 cm. Wykonany jest z mi\u0119kkiego i przyjemnego w dotyku w\u0142\u00f3kna bambusowego, kt\u00f3re jest antyalergiczne i odpowiednie dla wra\u017cliwej sk\u00f3ry dziecka. Kocyk posiada modny wz\u00f3r w warkocz i w rogu naszywk\u0119 \u017cakardow\u0105 z logo marki. Jest uniwersalny i sprawdzi si\u0119 o ka\u017cdej porze roku, stanowi\u0105c praktyczny i komfortowy element wyprawki dla noworodka.<\/p>\n","protected":false},"excerpt":{"rendered":"<p>EWA 916570 to niemowl\u0119cy kocyk bambusowy w kolorze szarym o wymiarach 100 x 75 cm. Wykonany jest z mi\u0119kkiego i przyjemnego w dotyku w\u0142\u00f3kna bambusowego, kt\u00f3re jest antyalergiczne i odpowiednie dla wra\u017cliwej sk\u00f3ry dziecka. Kocyk posiada modny wz\u00f3r w warkocz i w rogu naszywk\u0119 \u017cakardow\u0105 z logo marki. Jest uniwersalny i sprawdzi si\u0119 o ka\u017cdej [&hellip;]<\/p>\n","protected":false},"featured_media":11169,"comment_status":"open","ping_status":"closed","template":"","meta":[],"product_brand":[],"product_cat":[76,147,84,85],"product_tag":[],"class_list":{"0":"post-11170","1":"product","2":"type-product","3":"status-publish","4":"has-post-thumbnail","6":"product_cat-dziecko","7":"product_cat-kocyki","8":"product_cat-pokoj-dziecka","9":"product_cat-spanie","11":"first","12":"instock","13":"taxable","14":"shipping-taxable","15":"purchasable","16":"product-type-simple"},"_links":{"self":[{"href":"https:\/\/www.bobooaza.pl\/index.php\/wp-json\/wp\/v2\/product\/11170","targetHints":{"allow":["GET"]}}],"collection":[{"href":"https:\/\/www.bobooaza.pl\/index.php\/wp-json\/wp\/v2\/product"}],"about":[{"href":"https:\/\/www.bobooaza.pl\/index.php\/wp-json\/wp\/v2\/types\/product"}],"replies":[{"embeddable":true,"href":"https:\/\/www.bobooaza.pl\/index.php\/wp-json\/wp\/v2\/comments?post=11170"}],"wp:featuredmedia":[{"embeddable":true,"href":"https:\/\/www.bobooaza.pl\/index.php\/wp-json\/wp\/v2\/media\/11169"}],"wp:attachment":[{"href":"https:\/\/www.bobooaza.pl\/index.php\/wp-json\/wp\/v2\/media?parent=11170"}],"wp:term":[{"taxonomy":"product_brand","embeddable":true,"href":"https:\/\/www.bobooaza.pl\/index.php\/wp-json\/wp\/v2\/product_brand?post=11170"},{"taxonomy":"product_cat","embeddable":true,"href":"https:\/\/www.bobooaza.pl\/index.php\/wp-json\/wp\/v2\/product_cat?post=11170"},{"taxonomy":"product_tag","embeddable":true,"href":"https:\/\/www.bobooaza.pl\/index.php\/wp-json\/wp\/v2\/product_tag?post=11170"}],"curies":[{"name":"wp","href":"https:\/\/api.w.org\/{rel}","templated":true}]}}