{"id":11173,"date":"2026-01-07T18:49:12","date_gmt":"2026-01-07T17:49:12","guid":{"rendered":"https:\/\/bobooaza.pl\/index.php\/produkt\/b-o-1478-01-kocyk-dzianina-bambusowy-brudny-roz\/"},"modified":"2026-01-19T21:54:24","modified_gmt":"2026-01-19T20:54:24","slug":"b-o-1478-01-kocyk-dzianina-bambusowy-brudny-roz","status":"publish","type":"product","link":"https:\/\/www.bobooaza.pl\/index.php\/produkt\/b-o-1478-01-kocyk-dzianina-bambusowy-brudny-roz\/","title":{"rendered":"B.O.1478\/01 Kocyk dzianina bambusowy brudny r\u00f3\u017c"},"content":{"rendered":"<p>B.O.1478\/01 to dzianinowy kocyk bambusowy w kolorze brudnego r\u00f3\u017cu, przeznaczony dla niemowl\u0105t od 0 miesi\u0105ca \u017cycia. Wykonany jest w 100% z wiskozy bambusowej, kt\u00f3ra jest przewiewna, delikatna dla sk\u00f3ry i odpowiednia dla alergik\u00f3w. Kocyk zapewnia komfort termiczny \u2013 ogrzewa w ch\u0142odne dni i daje przyjemne uczucie ch\u0142odu latem dzi\u0119ki w\u0142a\u015bciwo\u015bciom termoregulacyjnym bambusa. Materia\u0142 jest czterokrotnie bardziej ch\u0142onny ni\u017c bawe\u0142na, neutralizuje zapachy, ogranicza przywieranie kurzu, alergen\u00f3w i grzyb\u00f3w. Kocyk ma klasyczny, stylowy design i pasuje do \u0142\u00f3\u017ceczka, w\u00f3zka i r\u00f3\u017cnych wn\u0119trz dzieci\u0119cych. Jego wymiary to 75 x 100 cm, a produkt jest zapakowany w sztywny kartonik z okienkiem, co czyni go praktycznym pomys\u0142em na prezent.<\/p>\n","protected":false},"excerpt":{"rendered":"<p>B.O.1478\/01 to dzianinowy kocyk bambusowy w kolorze brudnego r\u00f3\u017cu, przeznaczony dla niemowl\u0105t od 0 miesi\u0105ca \u017cycia. Wykonany jest w 100% z wiskozy bambusowej, kt\u00f3ra jest przewiewna, delikatna dla sk\u00f3ry i odpowiednia dla alergik\u00f3w. Kocyk zapewnia komfort termiczny \u2013 ogrzewa w ch\u0142odne dni i daje przyjemne uczucie ch\u0142odu latem dzi\u0119ki w\u0142a\u015bciwo\u015bciom termoregulacyjnym bambusa. Materia\u0142 jest czterokrotnie [&hellip;]<\/p>\n","protected":false},"featured_media":11171,"comment_status":"open","ping_status":"closed","template":"","meta":[],"product_brand":[],"product_cat":[76,147,84,85],"product_tag":[],"class_list":{"0":"post-11173","1":"product","2":"type-product","3":"status-publish","4":"has-post-thumbnail","6":"product_cat-dziecko","7":"product_cat-kocyki","8":"product_cat-pokoj-dziecka","9":"product_cat-spanie","11":"first","12":"instock","13":"taxable","14":"shipping-taxable","15":"purchasable","16":"product-type-simple"},"_links":{"self":[{"href":"https:\/\/www.bobooaza.pl\/index.php\/wp-json\/wp\/v2\/product\/11173","targetHints":{"allow":["GET"]}}],"collection":[{"href":"https:\/\/www.bobooaza.pl\/index.php\/wp-json\/wp\/v2\/product"}],"about":[{"href":"https:\/\/www.bobooaza.pl\/index.php\/wp-json\/wp\/v2\/types\/product"}],"replies":[{"embeddable":true,"href":"https:\/\/www.bobooaza.pl\/index.php\/wp-json\/wp\/v2\/comments?post=11173"}],"wp:featuredmedia":[{"embeddable":true,"href":"https:\/\/www.bobooaza.pl\/index.php\/wp-json\/wp\/v2\/media\/11171"}],"wp:attachment":[{"href":"https:\/\/www.bobooaza.pl\/index.php\/wp-json\/wp\/v2\/media?parent=11173"}],"wp:term":[{"taxonomy":"product_brand","embeddable":true,"href":"https:\/\/www.bobooaza.pl\/index.php\/wp-json\/wp\/v2\/product_brand?post=11173"},{"taxonomy":"product_cat","embeddable":true,"href":"https:\/\/www.bobooaza.pl\/index.php\/wp-json\/wp\/v2\/product_cat?post=11173"},{"taxonomy":"product_tag","embeddable":true,"href":"https:\/\/www.bobooaza.pl\/index.php\/wp-json\/wp\/v2\/product_tag?post=11173"}],"curies":[{"name":"wp","href":"https:\/\/api.w.org\/{rel}","templated":true}]}}