{"id":11177,"date":"2026-01-07T18:49:15","date_gmt":"2026-01-07T17:49:15","guid":{"rendered":"https:\/\/bobooaza.pl\/index.php\/produkt\/b-o-1479-03-kocyk-dzianina-bambusowy-bezowy\/"},"modified":"2026-01-19T21:54:25","modified_gmt":"2026-01-19T20:54:25","slug":"b-o-1479-03-kocyk-dzianina-bambusowy-bezowy","status":"publish","type":"product","link":"https:\/\/www.bobooaza.pl\/index.php\/produkt\/b-o-1479-03-kocyk-dzianina-bambusowy-bezowy\/","title":{"rendered":"B.O.1479\/03 Kocyk dzianina bambusowy be\u017cowy"},"content":{"rendered":"<p>B.O.1479\/03 to dzianinowy kocyk bambusowy w kolorze be\u017cowym, przeznaczony dla niemowl\u0105t od 0 miesi\u0105ca \u017cycia. Wykonany jest w 100% z wiskozy bambusowej, kt\u00f3ra jest przewiewna, delikatna dla sk\u00f3ry i odpowiednia dla alergik\u00f3w. Kocyk zapewnia komfort termiczny \u2013 ogrzewa w ch\u0142odne dni i zapewnia przyjemny ch\u0142\u00f3d latem, dzi\u0119ki w\u0142a\u015bciwo\u015bciom termoregulacyjnym bambusa. Materia\u0142 jest czterokrotnie bardziej ch\u0142onny ni\u017c bawe\u0142na, neutralizuje zapachy, ogranicza przywieranie kurzu, alergen\u00f3w i grzyb\u00f3w. Kocyk ma stylowy, klasyczny design, pasuje do \u0142\u00f3\u017ceczka, w\u00f3zka i r\u00f3\u017cnych wn\u0119trz dzieci\u0119cych. Jego wymiary to 75 x 100 cm, a produkt jest zapakowany w sztywny kartonik z okienkiem, co czyni go praktycznym pomys\u0142em na prezent.<\/p>\n","protected":false},"excerpt":{"rendered":"<p>B.O.1479\/03 to dzianinowy kocyk bambusowy w kolorze be\u017cowym, przeznaczony dla niemowl\u0105t od 0 miesi\u0105ca \u017cycia. Wykonany jest w 100% z wiskozy bambusowej, kt\u00f3ra jest przewiewna, delikatna dla sk\u00f3ry i odpowiednia dla alergik\u00f3w. Kocyk zapewnia komfort termiczny \u2013 ogrzewa w ch\u0142odne dni i zapewnia przyjemny ch\u0142\u00f3d latem, dzi\u0119ki w\u0142a\u015bciwo\u015bciom termoregulacyjnym bambusa. Materia\u0142 jest czterokrotnie bardziej ch\u0142onny [&hellip;]<\/p>\n","protected":false},"featured_media":11174,"comment_status":"open","ping_status":"closed","template":"","meta":[],"product_brand":[],"product_cat":[76,147,84,85],"product_tag":[],"class_list":{"0":"post-11177","1":"product","2":"type-product","3":"status-publish","4":"has-post-thumbnail","6":"product_cat-dziecko","7":"product_cat-kocyki","8":"product_cat-pokoj-dziecka","9":"product_cat-spanie","11":"first","12":"instock","13":"taxable","14":"shipping-taxable","15":"purchasable","16":"product-type-simple"},"_links":{"self":[{"href":"https:\/\/www.bobooaza.pl\/index.php\/wp-json\/wp\/v2\/product\/11177","targetHints":{"allow":["GET"]}}],"collection":[{"href":"https:\/\/www.bobooaza.pl\/index.php\/wp-json\/wp\/v2\/product"}],"about":[{"href":"https:\/\/www.bobooaza.pl\/index.php\/wp-json\/wp\/v2\/types\/product"}],"replies":[{"embeddable":true,"href":"https:\/\/www.bobooaza.pl\/index.php\/wp-json\/wp\/v2\/comments?post=11177"}],"wp:featuredmedia":[{"embeddable":true,"href":"https:\/\/www.bobooaza.pl\/index.php\/wp-json\/wp\/v2\/media\/11174"}],"wp:attachment":[{"href":"https:\/\/www.bobooaza.pl\/index.php\/wp-json\/wp\/v2\/media?parent=11177"}],"wp:term":[{"taxonomy":"product_brand","embeddable":true,"href":"https:\/\/www.bobooaza.pl\/index.php\/wp-json\/wp\/v2\/product_brand?post=11177"},{"taxonomy":"product_cat","embeddable":true,"href":"https:\/\/www.bobooaza.pl\/index.php\/wp-json\/wp\/v2\/product_cat?post=11177"},{"taxonomy":"product_tag","embeddable":true,"href":"https:\/\/www.bobooaza.pl\/index.php\/wp-json\/wp\/v2\/product_tag?post=11177"}],"curies":[{"name":"wp","href":"https:\/\/api.w.org\/{rel}","templated":true}]}}