{"id":11187,"date":"2026-01-07T18:49:20","date_gmt":"2026-01-07T17:49:20","guid":{"rendered":"https:\/\/bobooaza.pl\/index.php\/produkt\/b-o-1647-02-kocyk-dzianinowy-bawelniany-szary\/"},"modified":"2026-01-19T21:54:26","modified_gmt":"2026-01-19T20:54:26","slug":"b-o-1647-02-kocyk-dzianinowy-bawelniany-szary","status":"publish","type":"product","link":"https:\/\/www.bobooaza.pl\/index.php\/produkt\/b-o-1647-02-kocyk-dzianinowy-bawelniany-szary\/","title":{"rendered":"B.O.1647\/02 Kocyk dzianinowy bawe\u0142niany szary"},"content":{"rendered":"<p>B.O.1647\/02 to dzianinowy kocyk bawe\u0142niany w kolorze szarym, wykonany w 100% z certyfikowanej bawe\u0142ny organicznej uprawianej bez chemikali\u00f3w, pestycyd\u00f3w i szkodliwych barwnik\u00f3w. Jest mi\u0119kki, hipoalergiczny i antybakteryjny, przyjemnie otula wra\u017cliw\u0105 sk\u00f3r\u0119 niemowl\u0105t, pozwala sk\u00f3rze oddycha\u0107 i ma w\u0142a\u015bciwo\u015bci termoregulacyjne, dzi\u0119ki czemu mo\u017cna go u\u017cywa\u0107 przez ca\u0142y rok. Kocyk jest lekki, trwa\u0142y i zachowuje mi\u0119kko\u015b\u0107 oraz kolor nawet po wielu praniach. Nadaje si\u0119 do \u0142\u00f3\u017ceczka, w\u00f3zka, fotelika lub do otulenia dziecka w domu i w podr\u00f3\u017cy. Produkcja ekologiczna ogranicza zanieczyszczenie \u015brodowiska i zu\u017cycie wody, wspieraj\u0105c zr\u00f3wnowa\u017cone uprawy bawe\u0142ny.<\/p>\n<p>Materia\u0142 to 100% bawe\u0142na organiczna z certyfikatem GOTS, wymiary kocyka wynosz\u0105 75 x 100 cm, przeznaczony jest dla dzieci od 0 miesi\u0105ca \u017cycia. Kocyk zapakowany jest w kartonik z okienkiem, co czyni go idealnym pomys\u0142em na prezent.<\/p>\n","protected":false},"excerpt":{"rendered":"<p>B.O.1647\/02 to dzianinowy kocyk bawe\u0142niany w kolorze szarym, wykonany w 100% z certyfikowanej bawe\u0142ny organicznej uprawianej bez chemikali\u00f3w, pestycyd\u00f3w i szkodliwych barwnik\u00f3w. Jest mi\u0119kki, hipoalergiczny i antybakteryjny, przyjemnie otula wra\u017cliw\u0105 sk\u00f3r\u0119 niemowl\u0105t, pozwala sk\u00f3rze oddycha\u0107 i ma w\u0142a\u015bciwo\u015bci termoregulacyjne, dzi\u0119ki czemu mo\u017cna go u\u017cywa\u0107 przez ca\u0142y rok. Kocyk jest lekki, trwa\u0142y i zachowuje mi\u0119kko\u015b\u0107 oraz [&hellip;]<\/p>\n","protected":false},"featured_media":11184,"comment_status":"open","ping_status":"closed","template":"","meta":[],"product_brand":[],"product_cat":[76,147,84,85],"product_tag":[],"class_list":{"0":"post-11187","1":"product","2":"type-product","3":"status-publish","4":"has-post-thumbnail","6":"product_cat-dziecko","7":"product_cat-kocyki","8":"product_cat-pokoj-dziecka","9":"product_cat-spanie","11":"first","12":"instock","13":"taxable","14":"shipping-taxable","15":"purchasable","16":"product-type-simple"},"_links":{"self":[{"href":"https:\/\/www.bobooaza.pl\/index.php\/wp-json\/wp\/v2\/product\/11187","targetHints":{"allow":["GET"]}}],"collection":[{"href":"https:\/\/www.bobooaza.pl\/index.php\/wp-json\/wp\/v2\/product"}],"about":[{"href":"https:\/\/www.bobooaza.pl\/index.php\/wp-json\/wp\/v2\/types\/product"}],"replies":[{"embeddable":true,"href":"https:\/\/www.bobooaza.pl\/index.php\/wp-json\/wp\/v2\/comments?post=11187"}],"wp:featuredmedia":[{"embeddable":true,"href":"https:\/\/www.bobooaza.pl\/index.php\/wp-json\/wp\/v2\/media\/11184"}],"wp:attachment":[{"href":"https:\/\/www.bobooaza.pl\/index.php\/wp-json\/wp\/v2\/media?parent=11187"}],"wp:term":[{"taxonomy":"product_brand","embeddable":true,"href":"https:\/\/www.bobooaza.pl\/index.php\/wp-json\/wp\/v2\/product_brand?post=11187"},{"taxonomy":"product_cat","embeddable":true,"href":"https:\/\/www.bobooaza.pl\/index.php\/wp-json\/wp\/v2\/product_cat?post=11187"},{"taxonomy":"product_tag","embeddable":true,"href":"https:\/\/www.bobooaza.pl\/index.php\/wp-json\/wp\/v2\/product_tag?post=11187"}],"curies":[{"name":"wp","href":"https:\/\/api.w.org\/{rel}","templated":true}]}}