{"id":11196,"date":"2026-01-07T18:49:24","date_gmt":"2026-01-07T17:49:24","guid":{"rendered":"https:\/\/bobooaza.pl\/index.php\/produkt\/b-o-1648-01-kocyk-z-welny-merino-jasny-bez\/"},"modified":"2026-01-07T19:02:24","modified_gmt":"2026-01-07T18:02:24","slug":"b-o-1648-01-kocyk-z-welny-merino-jasny-bez","status":"publish","type":"product","link":"https:\/\/www.bobooaza.pl\/index.php\/produkt\/b-o-1648-01-kocyk-z-welny-merino-jasny-bez\/","title":{"rendered":"B.O.1648\/01 Kocyk z we\u0142ny merino jasny be\u017c"},"content":{"rendered":"<p>B.O.1648\/01 to mi\u0119kki i luksusowy kocyk niemowl\u0119cy wykonany w 100% z naturalnej we\u0142ny merino w kolorze jasnego be\u017cu. We\u0142na merino pochodzi z runa owiec merynos\u00f3w \u017cyj\u0105cych w ekologicznym \u015brodowisku, a jej cienkie, spr\u0119\u017cyste w\u0142\u00f3kna s\u0105 delikatne dla sk\u00f3ry dziecka \u2013 nie podra\u017cniaj\u0105, s\u0105 hipoalergiczne i antybakteryjne. Kocyk jest lekki, a jednocze\u015bnie ciep\u0142y, dzi\u0119ki w\u0142a\u015bciwo\u015bciom termoregulacyjnym zapewnia komfort przez ca\u0142y rok \u2013 ogrzewa zim\u0105 i zapobiega przegrzaniu latem. Doskonale odprowadza wilgo\u0107, utrzymuje \u015bwie\u017co\u015b\u0107, nie gromadzi bakterii ani kurzu, a w\u0142\u00f3kna maj\u0105 w\u0142a\u015bciwo\u015bci samoczyszcz\u0105ce. Sprawdzi si\u0119 w \u0142\u00f3\u017ceczku, w\u00f3zku czy foteliku samochodowym. We\u0142na merino jest przyjazna \u015brodowisku, w pe\u0142ni odnawialna i biodegradowalna.<\/p>\n<p>Piel\u0119gnacja wymaga prania r\u0119cznego w letniej wodzie do 30\u00b0C z u\u017cyciem \u0142agodnego detergentu do we\u0142ny, suszenia na p\u0142asko z dala od bezpo\u015bredniego \u017ar\u00f3d\u0142a ciep\u0142a i s\u0142o\u0144ca, bez u\u017cycia suszarki b\u0119bnowej.<\/p>\n<p>Materia\u0142 to 100% we\u0142na merino, wymiary kocyka wynosz\u0105 75 x 100 cm, przeznaczony jest dla dzieci od 0 miesi\u0105ca \u017cycia. Kocyk zapakowany jest w kartonik z okienkiem, co czyni go idealnym pomys\u0142em na prezent.<\/p>\n","protected":false},"excerpt":{"rendered":"<p>B.O.1648\/01 to mi\u0119kki i luksusowy kocyk niemowl\u0119cy wykonany w 100% z naturalnej we\u0142ny merino w kolorze jasnego be\u017cu. We\u0142na merino pochodzi z runa owiec merynos\u00f3w \u017cyj\u0105cych w ekologicznym \u015brodowisku, a jej cienkie, spr\u0119\u017cyste w\u0142\u00f3kna s\u0105 delikatne dla sk\u00f3ry dziecka \u2013 nie podra\u017cniaj\u0105, s\u0105 hipoalergiczne i antybakteryjne. Kocyk jest lekki, a jednocze\u015bnie ciep\u0142y, dzi\u0119ki w\u0142a\u015bciwo\u015bciom termoregulacyjnym [&hellip;]<\/p>\n","protected":false},"featured_media":11193,"comment_status":"open","ping_status":"closed","template":"","meta":[],"product_brand":[],"product_cat":[76,147,84,85],"product_tag":[],"class_list":{"0":"post-11196","1":"product","2":"type-product","3":"status-publish","4":"has-post-thumbnail","6":"product_cat-dziecko","7":"product_cat-kocyki","8":"product_cat-pokoj-dziecka","9":"product_cat-spanie","11":"first","12":"instock","13":"taxable","14":"shipping-taxable","15":"purchasable","16":"product-type-simple"},"_links":{"self":[{"href":"https:\/\/www.bobooaza.pl\/index.php\/wp-json\/wp\/v2\/product\/11196","targetHints":{"allow":["GET"]}}],"collection":[{"href":"https:\/\/www.bobooaza.pl\/index.php\/wp-json\/wp\/v2\/product"}],"about":[{"href":"https:\/\/www.bobooaza.pl\/index.php\/wp-json\/wp\/v2\/types\/product"}],"replies":[{"embeddable":true,"href":"https:\/\/www.bobooaza.pl\/index.php\/wp-json\/wp\/v2\/comments?post=11196"}],"wp:featuredmedia":[{"embeddable":true,"href":"https:\/\/www.bobooaza.pl\/index.php\/wp-json\/wp\/v2\/media\/11193"}],"wp:attachment":[{"href":"https:\/\/www.bobooaza.pl\/index.php\/wp-json\/wp\/v2\/media?parent=11196"}],"wp:term":[{"taxonomy":"product_brand","embeddable":true,"href":"https:\/\/www.bobooaza.pl\/index.php\/wp-json\/wp\/v2\/product_brand?post=11196"},{"taxonomy":"product_cat","embeddable":true,"href":"https:\/\/www.bobooaza.pl\/index.php\/wp-json\/wp\/v2\/product_cat?post=11196"},{"taxonomy":"product_tag","embeddable":true,"href":"https:\/\/www.bobooaza.pl\/index.php\/wp-json\/wp\/v2\/product_tag?post=11196"}],"curies":[{"name":"wp","href":"https:\/\/api.w.org\/{rel}","templated":true}]}}