{"id":11200,"date":"2026-01-07T18:49:27","date_gmt":"2026-01-07T17:49:27","guid":{"rendered":"https:\/\/bobooaza.pl\/index.php\/produkt\/b-o-1648-02-kocyk-z-welny-merino-ciemny-bez\/"},"modified":"2026-01-07T19:02:26","modified_gmt":"2026-01-07T18:02:26","slug":"b-o-1648-02-kocyk-z-welny-merino-ciemny-bez","status":"publish","type":"product","link":"https:\/\/www.bobooaza.pl\/index.php\/produkt\/b-o-1648-02-kocyk-z-welny-merino-ciemny-bez\/","title":{"rendered":"B.O.1648\/02 Kocyk z we\u0142ny merino ciemny be\u017c"},"content":{"rendered":"<p>B.O.1648\/02 to luksusowy kocyk niemowl\u0119cy wykonany w 100% z naturalnej we\u0142ny merino w kolorze ciemnego be\u017cu. Cienkie, spr\u0119\u017cyste w\u0142\u00f3kna merino nie podra\u017cniaj\u0105 delikatnej sk\u00f3ry dziecka, s\u0105 hipoalergiczne, antybakteryjne i nie gromadz\u0105 kurzu. Kocyk jest lekki, a jednocze\u015bnie ciep\u0142y, dzi\u0119ki w\u0142a\u015bciwo\u015bciom termoregulacyjnym utrzymuje komfortow\u0105 temperatur\u0119 przez ca\u0142y rok \u2013 ogrzewa zim\u0105 i zapobiega przegrzaniu latem.<\/p>\n<p>We\u0142na merino doskonale oddycha i odprowadza wilgo\u0107, utrzymuj\u0105c sk\u00f3r\u0119 dziecka such\u0105 i \u015bwie\u017c\u0105. Kocyk jest przyjazny \u015brodowisku, w pe\u0142ni biodegradowalny, a we\u0142na pochodzi od owiec \u017cyj\u0105cych w naturalnym, ekologicznym \u015brodowisku. Mo\u017cna go u\u017cywa\u0107 w \u0142\u00f3\u017ceczku, w\u00f3zku czy foteliku samochodowym. Zalecane jest r\u0119czne pranie w letniej wodzie z delikatnym detergentem, suszenie na p\u0142asko i wietrzenie mi\u0119dzy u\u017cyciami.<\/p>\n<p>Wymiary: 75 x 100 cm, wiek dziecka: 0m+, zapakowany w kartonik z okienkiem \u2013 idealny na prezent.<\/p>\n","protected":false},"excerpt":{"rendered":"<p>B.O.1648\/02 to luksusowy kocyk niemowl\u0119cy wykonany w 100% z naturalnej we\u0142ny merino w kolorze ciemnego be\u017cu. Cienkie, spr\u0119\u017cyste w\u0142\u00f3kna merino nie podra\u017cniaj\u0105 delikatnej sk\u00f3ry dziecka, s\u0105 hipoalergiczne, antybakteryjne i nie gromadz\u0105 kurzu. Kocyk jest lekki, a jednocze\u015bnie ciep\u0142y, dzi\u0119ki w\u0142a\u015bciwo\u015bciom termoregulacyjnym utrzymuje komfortow\u0105 temperatur\u0119 przez ca\u0142y rok \u2013 ogrzewa zim\u0105 i zapobiega przegrzaniu latem. We\u0142na [&hellip;]<\/p>\n","protected":false},"featured_media":11197,"comment_status":"open","ping_status":"closed","template":"","meta":[],"product_brand":[],"product_cat":[76,147,84,85],"product_tag":[],"class_list":{"0":"post-11200","1":"product","2":"type-product","3":"status-publish","4":"has-post-thumbnail","6":"product_cat-dziecko","7":"product_cat-kocyki","8":"product_cat-pokoj-dziecka","9":"product_cat-spanie","11":"first","12":"instock","13":"taxable","14":"shipping-taxable","15":"purchasable","16":"product-type-simple"},"_links":{"self":[{"href":"https:\/\/www.bobooaza.pl\/index.php\/wp-json\/wp\/v2\/product\/11200","targetHints":{"allow":["GET"]}}],"collection":[{"href":"https:\/\/www.bobooaza.pl\/index.php\/wp-json\/wp\/v2\/product"}],"about":[{"href":"https:\/\/www.bobooaza.pl\/index.php\/wp-json\/wp\/v2\/types\/product"}],"replies":[{"embeddable":true,"href":"https:\/\/www.bobooaza.pl\/index.php\/wp-json\/wp\/v2\/comments?post=11200"}],"wp:featuredmedia":[{"embeddable":true,"href":"https:\/\/www.bobooaza.pl\/index.php\/wp-json\/wp\/v2\/media\/11197"}],"wp:attachment":[{"href":"https:\/\/www.bobooaza.pl\/index.php\/wp-json\/wp\/v2\/media?parent=11200"}],"wp:term":[{"taxonomy":"product_brand","embeddable":true,"href":"https:\/\/www.bobooaza.pl\/index.php\/wp-json\/wp\/v2\/product_brand?post=11200"},{"taxonomy":"product_cat","embeddable":true,"href":"https:\/\/www.bobooaza.pl\/index.php\/wp-json\/wp\/v2\/product_cat?post=11200"},{"taxonomy":"product_tag","embeddable":true,"href":"https:\/\/www.bobooaza.pl\/index.php\/wp-json\/wp\/v2\/product_tag?post=11200"}],"curies":[{"name":"wp","href":"https:\/\/api.w.org\/{rel}","templated":true}]}}