{"id":11203,"date":"2026-01-07T18:49:29","date_gmt":"2026-01-07T17:49:29","guid":{"rendered":"https:\/\/bobooaza.pl\/index.php\/produkt\/b-o-1673-01-kocyk-bambusowy-rozowy\/"},"modified":"2026-01-19T21:54:27","modified_gmt":"2026-01-19T20:54:27","slug":"b-o-1673-01-kocyk-bambusowy-rozowy","status":"publish","type":"product","link":"https:\/\/www.bobooaza.pl\/index.php\/produkt\/b-o-1673-01-kocyk-bambusowy-rozowy\/","title":{"rendered":"B.O.1673\/01 Kocyk bambusowy r\u00f3\u017cowy"},"content":{"rendered":"<p>Bambusowy kocyk niemowl\u0119cy B.O.1673\/01 w kolorze r\u00f3\u017cowym to praktyczne i bezpieczne rozwi\u0105zanie zar\u00f3wno do domu, jak i na spacery. Wykonany z naturalnej wiskozy bambusowej, jest przewiewny i delikatny dla wra\u017cliwej sk\u00f3ry dziecka, odpowiedni tak\u017ce dla alergik\u00f3w. Materia\u0142 ma w\u0142a\u015bciwo\u015bci antybakteryjne, antygrzybicze i antystatyczne, wch\u0142ania wilgo\u0107 i wspiera termoregulacj\u0119, zapewniaj\u0105c ciep\u0142o w ch\u0142odne dni i przyjemny ch\u0142\u00f3d latem.<\/p>\n<p>Kocyk ma rozmiar 75 x 100 cm, co umo\u017cliwia sprawne otulenie dziecka w \u0142\u00f3\u017ceczku, w\u00f3zku lub podczas odpoczynku. Klasyczna r\u00f3\u017cowa kolorystyka sprawia, \u017ce kocyk \u0142adnie komponuje si\u0119 w ka\u017cdym pokoju dzieci\u0119cym i pasuje do r\u00f3\u017cnych w\u00f3zk\u00f3w. Produkt przeznaczony jest dla dzieci od urodzenia i zapakowany w sztywny kartonik z okienkiem, co czyni go idealnym pomys\u0142em na prezent.<\/p>\n","protected":false},"excerpt":{"rendered":"<p>Bambusowy kocyk niemowl\u0119cy B.O.1673\/01 w kolorze r\u00f3\u017cowym to praktyczne i bezpieczne rozwi\u0105zanie zar\u00f3wno do domu, jak i na spacery. Wykonany z naturalnej wiskozy bambusowej, jest przewiewny i delikatny dla wra\u017cliwej sk\u00f3ry dziecka, odpowiedni tak\u017ce dla alergik\u00f3w. Materia\u0142 ma w\u0142a\u015bciwo\u015bci antybakteryjne, antygrzybicze i antystatyczne, wch\u0142ania wilgo\u0107 i wspiera termoregulacj\u0119, zapewniaj\u0105c ciep\u0142o w ch\u0142odne dni i przyjemny [&hellip;]<\/p>\n","protected":false},"featured_media":11201,"comment_status":"open","ping_status":"closed","template":"","meta":[],"product_brand":[],"product_cat":[76,147,84,85],"product_tag":[],"class_list":{"0":"post-11203","1":"product","2":"type-product","3":"status-publish","4":"has-post-thumbnail","6":"product_cat-dziecko","7":"product_cat-kocyki","8":"product_cat-pokoj-dziecka","9":"product_cat-spanie","11":"first","12":"instock","13":"taxable","14":"shipping-taxable","15":"purchasable","16":"product-type-simple"},"_links":{"self":[{"href":"https:\/\/www.bobooaza.pl\/index.php\/wp-json\/wp\/v2\/product\/11203","targetHints":{"allow":["GET"]}}],"collection":[{"href":"https:\/\/www.bobooaza.pl\/index.php\/wp-json\/wp\/v2\/product"}],"about":[{"href":"https:\/\/www.bobooaza.pl\/index.php\/wp-json\/wp\/v2\/types\/product"}],"replies":[{"embeddable":true,"href":"https:\/\/www.bobooaza.pl\/index.php\/wp-json\/wp\/v2\/comments?post=11203"}],"wp:featuredmedia":[{"embeddable":true,"href":"https:\/\/www.bobooaza.pl\/index.php\/wp-json\/wp\/v2\/media\/11201"}],"wp:attachment":[{"href":"https:\/\/www.bobooaza.pl\/index.php\/wp-json\/wp\/v2\/media?parent=11203"}],"wp:term":[{"taxonomy":"product_brand","embeddable":true,"href":"https:\/\/www.bobooaza.pl\/index.php\/wp-json\/wp\/v2\/product_brand?post=11203"},{"taxonomy":"product_cat","embeddable":true,"href":"https:\/\/www.bobooaza.pl\/index.php\/wp-json\/wp\/v2\/product_cat?post=11203"},{"taxonomy":"product_tag","embeddable":true,"href":"https:\/\/www.bobooaza.pl\/index.php\/wp-json\/wp\/v2\/product_tag?post=11203"}],"curies":[{"name":"wp","href":"https:\/\/api.w.org\/{rel}","templated":true}]}}