{"id":11209,"date":"2026-01-07T18:49:32","date_gmt":"2026-01-07T17:49:32","guid":{"rendered":"https:\/\/bobooaza.pl\/index.php\/produkt\/b-o-1673-03-kocyk-bambusowy-bezowy\/"},"modified":"2026-01-19T21:54:29","modified_gmt":"2026-01-19T20:54:29","slug":"b-o-1673-03-kocyk-bambusowy-bezowy","status":"publish","type":"product","link":"https:\/\/www.bobooaza.pl\/index.php\/produkt\/b-o-1673-03-kocyk-bambusowy-bezowy\/","title":{"rendered":"B.O.1673\/03 Kocyk bambusowy be\u017cowy"},"content":{"rendered":"<p>Bambusowy kocyk niemowl\u0119cy B.O.1673\/03 w kolorze be\u017cowym to praktyczny i bezpieczny wyb\u00f3r do domu i w\u00f3zka. Wykonany z naturalnej wiskozy bambusowej, charakteryzuje si\u0119 delikatnym splocie i przewiewno\u015bci\u0105, co zapewnia komfort wra\u017cliwej sk\u00f3rze dziecka, r\u00f3wnie\u017c sk\u0142onnej do alergii. Materia\u0142 posiada w\u0142a\u015bciwo\u015bci antybakteryjne, antygrzybicze i antystatyczne, pomaga utrzyma\u0107 higien\u0119 i neutralizuje nieprzyjemne zapachy. Kocyk wch\u0142ania wilgo\u0107 i wspiera termoregulacj\u0119, zapewniaj\u0105c ciep\u0142o w ch\u0142odne dni i przyjemny ch\u0142\u00f3d latem, chroni\u0105c dziecko przed przegrzaniem.<\/p>\n<p>Uniwersalny rozmiar 75 x 100 cm pozwala wygodnie otuli\u0107 niemowl\u0119 w \u0142\u00f3\u017ceczku, w\u00f3zku czy podczas odpoczynku. Klasyczna kolorystyka be\u017cu sprawia, \u017ce kocyk estetycznie komponuje si\u0119 z ka\u017cdym wn\u0119trzem i pasuje do r\u00f3\u017cnych w\u00f3zk\u00f3w. Produkt przeznaczony jest dla dzieci od pierwszych dni \u017cycia i zapakowany w elegancki kartonik z okienkiem, co czyni go doskona\u0142ym pomys\u0142em na prezent.<\/p>\n","protected":false},"excerpt":{"rendered":"<p>Bambusowy kocyk niemowl\u0119cy B.O.1673\/03 w kolorze be\u017cowym to praktyczny i bezpieczny wyb\u00f3r do domu i w\u00f3zka. Wykonany z naturalnej wiskozy bambusowej, charakteryzuje si\u0119 delikatnym splocie i przewiewno\u015bci\u0105, co zapewnia komfort wra\u017cliwej sk\u00f3rze dziecka, r\u00f3wnie\u017c sk\u0142onnej do alergii. Materia\u0142 posiada w\u0142a\u015bciwo\u015bci antybakteryjne, antygrzybicze i antystatyczne, pomaga utrzyma\u0107 higien\u0119 i neutralizuje nieprzyjemne zapachy. Kocyk wch\u0142ania wilgo\u0107 i [&hellip;]<\/p>\n","protected":false},"featured_media":11207,"comment_status":"open","ping_status":"closed","template":"","meta":[],"product_brand":[],"product_cat":[76,147,84,85],"product_tag":[],"class_list":{"0":"post-11209","1":"product","2":"type-product","3":"status-publish","4":"has-post-thumbnail","6":"product_cat-dziecko","7":"product_cat-kocyki","8":"product_cat-pokoj-dziecka","9":"product_cat-spanie","11":"first","12":"instock","13":"taxable","14":"shipping-taxable","15":"purchasable","16":"product-type-simple"},"_links":{"self":[{"href":"https:\/\/www.bobooaza.pl\/index.php\/wp-json\/wp\/v2\/product\/11209","targetHints":{"allow":["GET"]}}],"collection":[{"href":"https:\/\/www.bobooaza.pl\/index.php\/wp-json\/wp\/v2\/product"}],"about":[{"href":"https:\/\/www.bobooaza.pl\/index.php\/wp-json\/wp\/v2\/types\/product"}],"replies":[{"embeddable":true,"href":"https:\/\/www.bobooaza.pl\/index.php\/wp-json\/wp\/v2\/comments?post=11209"}],"wp:featuredmedia":[{"embeddable":true,"href":"https:\/\/www.bobooaza.pl\/index.php\/wp-json\/wp\/v2\/media\/11207"}],"wp:attachment":[{"href":"https:\/\/www.bobooaza.pl\/index.php\/wp-json\/wp\/v2\/media?parent=11209"}],"wp:term":[{"taxonomy":"product_brand","embeddable":true,"href":"https:\/\/www.bobooaza.pl\/index.php\/wp-json\/wp\/v2\/product_brand?post=11209"},{"taxonomy":"product_cat","embeddable":true,"href":"https:\/\/www.bobooaza.pl\/index.php\/wp-json\/wp\/v2\/product_cat?post=11209"},{"taxonomy":"product_tag","embeddable":true,"href":"https:\/\/www.bobooaza.pl\/index.php\/wp-json\/wp\/v2\/product_tag?post=11209"}],"curies":[{"name":"wp","href":"https:\/\/api.w.org\/{rel}","templated":true}]}}